{"id":913,"date":"2024-12-10T11:57:47","date_gmt":"2024-12-10T11:57:47","guid":{"rendered":"https:\/\/ujozefa.pl\/?page_id=913"},"modified":"2024-12-10T13:18:43","modified_gmt":"2024-12-10T13:18:43","slug":"znizki-na-atrakcje","status":"publish","type":"page","link":"https:\/\/ujozefa.pl\/en\/znizki-na-atrakcje\/","title":{"rendered":"ZNI\u017bKI NA\u00a0ATRAKCJE"},"content":{"rendered":"<div data-elementor-type=\"wp-page\" data-elementor-id=\"913\" class=\"elementor elementor-913\" data-elementor-post-type=\"page\">\n\t\t\t\t<div class=\"elementor-element elementor-element-6fad045 e-flex e-con-boxed e-con e-parent\" data-id=\"6fad045\" data-element_type=\"container\">\n\t\t\t\t\t<div class=\"e-con-inner\">\n\t\t\t\t<div class=\"elementor-element elementor-element-e3e0646 elementor-widget-mobile__width-initial elementor-widget elementor-widget-heading\" data-id=\"e3e0646\" data-element_type=\"widget\" data-widget_type=\"heading.default\">\n\t\t\t\t<div class=\"elementor-widget-container\">\n\t\t\t\t\t<h2 class=\"elementor-heading-title elementor-size-default\">discounts on <span style=\"color: #000\">Attractions<\/span><\/h2>\t\t\t\t<\/div>\n\t\t\t\t<\/div>\n\t\t\t\t<div class=\"elementor-element elementor-element-b4fc532 elementor-widget elementor-widget-text-editor\" data-id=\"b4fc532\" data-element_type=\"widget\" data-widget_type=\"text-editor.default\">\n\t\t\t\t<div class=\"elementor-widget-container\">\n\t\t\t\t\t\t\t\t\t<p>If you are a guest at our resort \"U J\u00f3zefa,\" be sure to mention it when booking an attraction or use the discount code when shopping at our partner stores to take advantage of special discounts and offers.<\/p>\t\t\t\t\t\t\t\t<\/div>\n\t\t\t\t<\/div>\n\t\t\t\t\t<\/div>\n\t\t\t\t<\/div>\n\t\t<div class=\"elementor-element elementor-element-35c1f43 e-flex e-con-boxed e-con e-child\" data-id=\"35c1f43\" data-element_type=\"container\">\n\t\t\t\t\t<div class=\"e-con-inner\">\n\t\t\t\t<div class=\"elementor-element elementor-element-240c1e7 elementor-position-top elementor-widget__width-initial elementor-position-top elementor-widget elementor-widget-image-box\" data-id=\"240c1e7\" data-element_type=\"widget\" data-widget_type=\"image-box.default\">\n\t\t\t\t<div class=\"elementor-widget-container\">\n\t\t\t\t\t<div class=\"elementor-image-box-wrapper\"><figure class=\"elementor-image-box-img\"><img fetchpriority=\"high\" decoding=\"async\" width=\"1280\" height=\"720\" src=\"https:\/\/ujozefa.pl\/wp-content\/uploads\/2024\/12\/ski-my23-bck-x-rs-850e-tec-platsilvermantagreen-action-21650-rgb-4096x2304-1.jpeg\" class=\"attachment-full size-full wp-image-894\" alt=\"\" srcset=\"https:\/\/ujozefa.pl\/wp-content\/uploads\/2024\/12\/ski-my23-bck-x-rs-850e-tec-platsilvermantagreen-action-21650-rgb-4096x2304-1.jpeg 1280w, https:\/\/ujozefa.pl\/wp-content\/uploads\/2024\/12\/ski-my23-bck-x-rs-850e-tec-platsilvermantagreen-action-21650-rgb-4096x2304-1-300x169.jpeg 300w, https:\/\/ujozefa.pl\/wp-content\/uploads\/2024\/12\/ski-my23-bck-x-rs-850e-tec-platsilvermantagreen-action-21650-rgb-4096x2304-1-1024x576.jpeg 1024w, https:\/\/ujozefa.pl\/wp-content\/uploads\/2024\/12\/ski-my23-bck-x-rs-850e-tec-platsilvermantagreen-action-21650-rgb-4096x2304-1-768x432.jpeg 768w\" sizes=\"(max-width: 1280px) 100vw, 1280px\" \/><\/figure><div class=\"elementor-image-box-content\"><h3 class=\"elementor-image-box-title\">Snowmobiles<\/h3><p class=\"elementor-image-box-description\">Guests of the \"U J\u00f3zefa\" resort can take advantage of special discounts on snowmobile rides, which will provide an unforgettable experience in the picturesque surroundings of the mountains. This is an ideal attraction for lovers of winter adventures and adrenaline.\n\n<\/br><\/br>\n<\/br>\n\n<b><u>Zadzwo\u0144 662 804 516<\/u><\/b><\/p><\/div><\/div>\t\t\t\t<\/div>\n\t\t\t\t<\/div>\n\t\t\t\t<div class=\"elementor-element elementor-element-b6061b4 elementor-position-top elementor-widget__width-initial elementor-position-top elementor-widget elementor-widget-image-box\" data-id=\"b6061b4\" data-element_type=\"widget\" data-widget_type=\"image-box.default\">\n\t\t\t\t<div class=\"elementor-widget-container\">\n\t\t\t\t\t<div class=\"elementor-image-box-wrapper\"><figure class=\"elementor-image-box-img\"><a href=\"https:\/\/zakopane-kuligi.com\/en\" tabindex=\"-1\"><img decoding=\"async\" width=\"800\" height=\"468\" src=\"https:\/\/ujozefa.pl\/wp-content\/uploads\/2024\/12\/Kulig-Mochnaczka-Wyzna-boczna-perspektywa.jpg\" class=\"attachment-full size-full wp-image-895\" alt=\"\" srcset=\"https:\/\/ujozefa.pl\/wp-content\/uploads\/2024\/12\/Kulig-Mochnaczka-Wyzna-boczna-perspektywa.jpg 800w, https:\/\/ujozefa.pl\/wp-content\/uploads\/2024\/12\/Kulig-Mochnaczka-Wyzna-boczna-perspektywa-300x176.jpg 300w, https:\/\/ujozefa.pl\/wp-content\/uploads\/2024\/12\/Kulig-Mochnaczka-Wyzna-boczna-perspektywa-768x449.jpg 768w\" sizes=\"(max-width: 800px) 100vw, 800px\" \/><\/a><\/figure><div class=\"elementor-image-box-content\"><h3 class=\"elementor-image-box-title\"><a href=\"https:\/\/zakopane-kuligi.com\/en\">Sleigh rides buried<\/a><\/h3><p class=\"elementor-image-box-description\">Cooperating with a renowned company organizing sleigh rides, the \"U J\u00f3zefa\" center offers its guests discounts on traditional sleigh rides. This is a unique opportunity to feel the magic of winter Zakopane and enjoy fun together by the bonfire.\n<\/br><\/br>\n\n\n<b><u><a style=\"color: #000\" href=\"https:\/\/zakopane-kuligi.com\/en\">Check the offer<\/a><\/u><\/b><\/p><\/div><\/div>\t\t\t\t<\/div>\n\t\t\t\t<\/div>\n\t\t\t\t<div class=\"elementor-element elementor-element-a205b46 elementor-position-top elementor-widget__width-initial elementor-position-top elementor-widget elementor-widget-image-box\" data-id=\"a205b46\" data-element_type=\"widget\" data-widget_type=\"image-box.default\">\n\t\t\t\t<div class=\"elementor-widget-container\">\n\t\t\t\t\t<div class=\"elementor-image-box-wrapper\"><figure class=\"elementor-image-box-img\"><img decoding=\"async\" width=\"900\" height=\"500\" src=\"https:\/\/ujozefa.pl\/wp-content\/uploads\/2024\/12\/nalewki-regionalne.pl-1.png\" class=\"attachment-full size-full wp-image-915\" alt=\"\" srcset=\"https:\/\/ujozefa.pl\/wp-content\/uploads\/2024\/12\/nalewki-regionalne.pl-1.png 900w, https:\/\/ujozefa.pl\/wp-content\/uploads\/2024\/12\/nalewki-regionalne.pl-1-300x167.png 300w, https:\/\/ujozefa.pl\/wp-content\/uploads\/2024\/12\/nalewki-regionalne.pl-1-768x427.png 768w\" sizes=\"(max-width: 900px) 100vw, 900px\" \/><\/figure><div class=\"elementor-image-box-content\"><h3 class=\"elementor-image-box-title\">Shop with regional alcohols<\/h3><p class=\"elementor-image-box-description\">Lovers of regional specialties can take advantage of discounts on purchases in the online store selling traditional liqueurs. This is a great opportunity to taste local traditions and take a bit of the highlander atmosphere home.\n<\/br><\/br>\n<\/br>\n\n<b><u><a style=\"color: #000\" href=\"https:\/\/nalewki-regionalne.pl\/\">Visit the online store<\/a><\/u><\/b><\/p><\/div><\/div>\t\t\t\t<\/div>\n\t\t\t\t<\/div>\n\t\t\t\t\t<\/div>\n\t\t\t\t<\/div>\n\t\t<div class=\"elementor-element elementor-element-84c7cbd e-flex e-con-boxed e-con e-child\" data-id=\"84c7cbd\" data-element_type=\"container\">\n\t\t\t\t\t<div class=\"e-con-inner\">\n\t\t\t\t<div class=\"elementor-element elementor-element-0d2ada3 elementor-position-top elementor-widget__width-initial elementor-position-left elementor-vertical-align-top elementor-widget elementor-widget-image-box\" data-id=\"0d2ada3\" data-element_type=\"widget\" data-widget_type=\"image-box.default\">\n\t\t\t\t<div class=\"elementor-widget-container\">\n\t\t\t\t\t<div class=\"elementor-image-box-wrapper\"><figure class=\"elementor-image-box-img\"><img loading=\"lazy\" decoding=\"async\" width=\"900\" height=\"500\" src=\"https:\/\/ujozefa.pl\/wp-content\/uploads\/2024\/12\/nalewki-regionalne.pl-2.png\" class=\"attachment-full size-full wp-image-916\" alt=\"\" srcset=\"https:\/\/ujozefa.pl\/wp-content\/uploads\/2024\/12\/nalewki-regionalne.pl-2.png 900w, https:\/\/ujozefa.pl\/wp-content\/uploads\/2024\/12\/nalewki-regionalne.pl-2-300x167.png 300w, https:\/\/ujozefa.pl\/wp-content\/uploads\/2024\/12\/nalewki-regionalne.pl-2-768x427.png 768w\" sizes=\"(max-width: 900px) 100vw, 900px\" \/><\/figure><div class=\"elementor-image-box-content\"><h3 class=\"elementor-image-box-title\">Taxi Zakopane (Centre Taxi)<\/h3><p class=\"elementor-image-box-description\">Convenient transport around Zakopane and the surrounding area is provided by the \"Juhas\" taxi, which offers attractive discounts for guests of the resort. This makes traveling fast, comfortable and budget-friendly.<\/br><\/br>\n<\/br>\n\n<b><u><a style=\"color: #000\" href=\"https:\/\/zakopane-taxi.com\/\">Taxi Zakopne Juhas - Check<\/a><\/u><\/b><\/p><\/div><\/div>\t\t\t\t<\/div>\n\t\t\t\t<\/div>\n\t\t\t\t\t<\/div>\n\t\t\t\t<\/div>\n\t\t\t\t<\/div>","protected":false},"excerpt":{"rendered":"<p>zni\u017cki na Atrakcje Je\u017celi jeste\u015b go\u015bciem naszego o\u015brodka &#8222;U J\u00f3zefa&#8221;, rezerwuj\u0105c dan\u0105 atrakcj\u0119 wspomnij, \u017ce jeste\u015b naszym go\u015bciem, b\u0105d\u017a zamawiaj\u0105c w sklepach naszych partner\u00f3w, u\u017cyj kodu rabatowego, aby skorzysta\u0107 ze zni\u017cek i rabat\u00f3w. Skutery \u015bnie\u017cne Go\u015bcie o\u015brodka &#8222;U J\u00f3zefa&#8221; mog\u0105 skorzysta\u0107 ze specjalnych zni\u017cek na przeja\u017cd\u017cki skuterami \u015bnie\u017cnymi, kt\u00f3re zapewni\u0105 niezapomniane wra\u017cenia w malowniczym otoczeniu [&hellip;]<\/p>","protected":false},"author":1,"featured_media":0,"parent":0,"menu_order":0,"comment_status":"closed","ping_status":"closed","template":"","meta":{"footnotes":""},"class_list":["post-913","page","type-page","status-publish","hentry"],"yoast_head":"<!-- This site is optimized with the Yoast SEO Premium plugin v24.0 (Yoast SEO v24.0) - https:\/\/yoast.com\/wordpress\/plugins\/seo\/ -->\n<title>ZNI\u017bKI NA\u00a0ATRAKCJE - ujozefa.pl<\/title>\n<meta name=\"robots\" content=\"index, follow, max-snippet:-1, max-image-preview:large, max-video-preview:-1\" \/>\n<link rel=\"canonical\" href=\"https:\/\/ujozefa.pl\/en\/znizki-na-atrakcje\/\" \/>\n<meta property=\"og:locale\" content=\"en_US\" \/>\n<meta property=\"og:type\" content=\"article\" \/>\n<meta property=\"og:title\" content=\"ZNI\u017bKI NA\u00a0ATRAKCJE\" \/>\n<meta property=\"og:description\" content=\"zni\u017cki na Atrakcje Je\u017celi jeste\u015b go\u015bciem naszego o\u015brodka &#8222;U J\u00f3zefa&#8221;, rezerwuj\u0105c dan\u0105 atrakcj\u0119 wspomnij, \u017ce jeste\u015b naszym go\u015bciem, b\u0105d\u017a zamawiaj\u0105c w sklepach naszych partner\u00f3w, u\u017cyj kodu rabatowego, aby skorzysta\u0107 ze zni\u017cek i rabat\u00f3w. Skutery \u015bnie\u017cne Go\u015bcie o\u015brodka &#8222;U J\u00f3zefa&#8221; mog\u0105 skorzysta\u0107 ze specjalnych zni\u017cek na przeja\u017cd\u017cki skuterami \u015bnie\u017cnymi, kt\u00f3re zapewni\u0105 niezapomniane wra\u017cenia w malowniczym otoczeniu [&hellip;]\" \/>\n<meta property=\"og:url\" content=\"https:\/\/ujozefa.pl\/en\/znizki-na-atrakcje\/\" \/>\n<meta property=\"og:site_name\" content=\"ujozefa.pl\" \/>\n<meta property=\"article:modified_time\" content=\"2024-12-10T13:18:43+00:00\" \/>\n<meta property=\"og:image\" content=\"https:\/\/ujozefa.pl\/wp-content\/uploads\/2024\/12\/ski-my23-bck-x-rs-850e-tec-platsilvermantagreen-action-21650-rgb-4096x2304-1.jpeg\" \/>\n<meta name=\"twitter:card\" content=\"summary_large_image\" \/>\n<meta name=\"twitter:label1\" content=\"Est. reading time\" \/>\n\t<meta name=\"twitter:data1\" content=\"2 minutes\" \/>\n<script type=\"application\/ld+json\" class=\"yoast-schema-graph\">{\"@context\":\"https:\/\/schema.org\",\"@graph\":[{\"@type\":\"WebPage\",\"@id\":\"https:\/\/ujozefa.pl\/znizki-na-atrakcje\/\",\"url\":\"https:\/\/ujozefa.pl\/znizki-na-atrakcje\/\",\"name\":\"ZNI\u017bKI NA\u00a0ATRAKCJE - ujozefa.pl\",\"isPartOf\":{\"@id\":\"https:\/\/ujozefa.pl\/#website\"},\"primaryImageOfPage\":{\"@id\":\"https:\/\/ujozefa.pl\/znizki-na-atrakcje\/#primaryimage\"},\"image\":{\"@id\":\"https:\/\/ujozefa.pl\/znizki-na-atrakcje\/#primaryimage\"},\"thumbnailUrl\":\"https:\/\/ujozefa.pl\/wp-content\/uploads\/2024\/12\/ski-my23-bck-x-rs-850e-tec-platsilvermantagreen-action-21650-rgb-4096x2304-1.jpeg\",\"datePublished\":\"2024-12-10T11:57:47+00:00\",\"dateModified\":\"2024-12-10T13:18:43+00:00\",\"breadcrumb\":{\"@id\":\"https:\/\/ujozefa.pl\/znizki-na-atrakcje\/#breadcrumb\"},\"inLanguage\":\"en-US\",\"potentialAction\":[{\"@type\":\"ReadAction\",\"target\":[\"https:\/\/ujozefa.pl\/znizki-na-atrakcje\/\"]}]},{\"@type\":\"ImageObject\",\"inLanguage\":\"en-US\",\"@id\":\"https:\/\/ujozefa.pl\/znizki-na-atrakcje\/#primaryimage\",\"url\":\"https:\/\/ujozefa.pl\/wp-content\/uploads\/2024\/12\/ski-my23-bck-x-rs-850e-tec-platsilvermantagreen-action-21650-rgb-4096x2304-1.jpeg\",\"contentUrl\":\"https:\/\/ujozefa.pl\/wp-content\/uploads\/2024\/12\/ski-my23-bck-x-rs-850e-tec-platsilvermantagreen-action-21650-rgb-4096x2304-1.jpeg\"},{\"@type\":\"BreadcrumbList\",\"@id\":\"https:\/\/ujozefa.pl\/znizki-na-atrakcje\/#breadcrumb\",\"itemListElement\":[{\"@type\":\"ListItem\",\"position\":1,\"name\":\"Home\",\"item\":\"https:\/\/ujozefa.pl\/\"},{\"@type\":\"ListItem\",\"position\":2,\"name\":\"ZNI\u017bKI NA\u00a0ATRAKCJE\"}]},{\"@type\":\"WebSite\",\"@id\":\"https:\/\/ujozefa.pl\/#website\",\"url\":\"https:\/\/ujozefa.pl\/\",\"name\":\"ujozefa.pl\",\"description\":\"\",\"potentialAction\":[{\"@type\":\"SearchAction\",\"target\":{\"@type\":\"EntryPoint\",\"urlTemplate\":\"https:\/\/ujozefa.pl\/?s={search_term_string}\"},\"query-input\":{\"@type\":\"PropertyValueSpecification\",\"valueRequired\":true,\"valueName\":\"search_term_string\"}}],\"inLanguage\":\"en-US\"}]}<\/script>\n<!-- \/ Yoast SEO Premium plugin. -->","yoast_head_json":{"title":"ZNI\u017bKI NA\u00a0ATRAKCJE - ujozefa.pl","robots":{"index":"index","follow":"follow","max-snippet":"max-snippet:-1","max-image-preview":"max-image-preview:large","max-video-preview":"max-video-preview:-1"},"canonical":"https:\/\/ujozefa.pl\/en\/znizki-na-atrakcje\/","og_locale":"en_US","og_type":"article","og_title":"ZNI\u017bKI NA\u00a0ATRAKCJE","og_description":"zni\u017cki na Atrakcje Je\u017celi jeste\u015b go\u015bciem naszego o\u015brodka &#8222;U J\u00f3zefa&#8221;, rezerwuj\u0105c dan\u0105 atrakcj\u0119 wspomnij, \u017ce jeste\u015b naszym go\u015bciem, b\u0105d\u017a zamawiaj\u0105c w sklepach naszych partner\u00f3w, u\u017cyj kodu rabatowego, aby skorzysta\u0107 ze zni\u017cek i rabat\u00f3w. Skutery \u015bnie\u017cne Go\u015bcie o\u015brodka &#8222;U J\u00f3zefa&#8221; mog\u0105 skorzysta\u0107 ze specjalnych zni\u017cek na przeja\u017cd\u017cki skuterami \u015bnie\u017cnymi, kt\u00f3re zapewni\u0105 niezapomniane wra\u017cenia w malowniczym otoczeniu [&hellip;]","og_url":"https:\/\/ujozefa.pl\/en\/znizki-na-atrakcje\/","og_site_name":"ujozefa.pl","article_modified_time":"2024-12-10T13:18:43+00:00","og_image":[{"url":"https:\/\/ujozefa.pl\/wp-content\/uploads\/2024\/12\/ski-my23-bck-x-rs-850e-tec-platsilvermantagreen-action-21650-rgb-4096x2304-1.jpeg","type":"","width":"","height":""}],"twitter_card":"summary_large_image","twitter_misc":{"Est. reading time":"2 minutes"},"schema":{"@context":"https:\/\/schema.org","@graph":[{"@type":"WebPage","@id":"https:\/\/ujozefa.pl\/znizki-na-atrakcje\/","url":"https:\/\/ujozefa.pl\/znizki-na-atrakcje\/","name":"ZNI\u017bKI NA\u00a0ATRAKCJE - ujozefa.pl","isPartOf":{"@id":"https:\/\/ujozefa.pl\/#website"},"primaryImageOfPage":{"@id":"https:\/\/ujozefa.pl\/znizki-na-atrakcje\/#primaryimage"},"image":{"@id":"https:\/\/ujozefa.pl\/znizki-na-atrakcje\/#primaryimage"},"thumbnailUrl":"https:\/\/ujozefa.pl\/wp-content\/uploads\/2024\/12\/ski-my23-bck-x-rs-850e-tec-platsilvermantagreen-action-21650-rgb-4096x2304-1.jpeg","datePublished":"2024-12-10T11:57:47+00:00","dateModified":"2024-12-10T13:18:43+00:00","breadcrumb":{"@id":"https:\/\/ujozefa.pl\/znizki-na-atrakcje\/#breadcrumb"},"inLanguage":"en-US","potentialAction":[{"@type":"ReadAction","target":["https:\/\/ujozefa.pl\/znizki-na-atrakcje\/"]}]},{"@type":"ImageObject","inLanguage":"en-US","@id":"https:\/\/ujozefa.pl\/znizki-na-atrakcje\/#primaryimage","url":"https:\/\/ujozefa.pl\/wp-content\/uploads\/2024\/12\/ski-my23-bck-x-rs-850e-tec-platsilvermantagreen-action-21650-rgb-4096x2304-1.jpeg","contentUrl":"https:\/\/ujozefa.pl\/wp-content\/uploads\/2024\/12\/ski-my23-bck-x-rs-850e-tec-platsilvermantagreen-action-21650-rgb-4096x2304-1.jpeg"},{"@type":"BreadcrumbList","@id":"https:\/\/ujozefa.pl\/znizki-na-atrakcje\/#breadcrumb","itemListElement":[{"@type":"ListItem","position":1,"name":"Home","item":"https:\/\/ujozefa.pl\/"},{"@type":"ListItem","position":2,"name":"ZNI\u017bKI NA\u00a0ATRAKCJE"}]},{"@type":"WebSite","@id":"https:\/\/ujozefa.pl\/#website","url":"https:\/\/ujozefa.pl\/","name":"ujozefa.pl","description":"","potentialAction":[{"@type":"SearchAction","target":{"@type":"EntryPoint","urlTemplate":"https:\/\/ujozefa.pl\/?s={search_term_string}"},"query-input":{"@type":"PropertyValueSpecification","valueRequired":true,"valueName":"search_term_string"}}],"inLanguage":"en-US"}]}},"_links":{"self":[{"href":"https:\/\/ujozefa.pl\/en\/wp-json\/wp\/v2\/pages\/913","targetHints":{"allow":["GET"]}}],"collection":[{"href":"https:\/\/ujozefa.pl\/en\/wp-json\/wp\/v2\/pages"}],"about":[{"href":"https:\/\/ujozefa.pl\/en\/wp-json\/wp\/v2\/types\/page"}],"author":[{"embeddable":true,"href":"https:\/\/ujozefa.pl\/en\/wp-json\/wp\/v2\/users\/1"}],"replies":[{"embeddable":true,"href":"https:\/\/ujozefa.pl\/en\/wp-json\/wp\/v2\/comments?post=913"}],"version-history":[{"count":37,"href":"https:\/\/ujozefa.pl\/en\/wp-json\/wp\/v2\/pages\/913\/revisions"}],"predecessor-version":[{"id":956,"href":"https:\/\/ujozefa.pl\/en\/wp-json\/wp\/v2\/pages\/913\/revisions\/956"}],"wp:attachment":[{"href":"https:\/\/ujozefa.pl\/en\/wp-json\/wp\/v2\/media?parent=913"}],"curies":[{"name":"wp","href":"https:\/\/api.w.org\/{rel}","templated":true}]}}