{"id":878,"date":"2024-12-05T22:47:21","date_gmt":"2024-12-05T22:47:21","guid":{"rendered":"https:\/\/ujozefa.pl\/?page_id=878"},"modified":"2024-12-05T22:48:53","modified_gmt":"2024-12-05T22:48:53","slug":"warunki-pobytu","status":"publish","type":"page","link":"https:\/\/ujozefa.pl\/en\/warunki-pobytu\/","title":{"rendered":"Terms of Stay"},"content":{"rendered":"<div data-elementor-type=\"wp-page\" data-elementor-id=\"878\" class=\"elementor elementor-878\" data-elementor-post-type=\"page\">\n\t\t\t\t<div class=\"elementor-element elementor-element-6fad045 e-flex e-con-boxed e-con e-parent\" data-id=\"6fad045\" data-element_type=\"container\">\n\t\t\t\t\t<div class=\"e-con-inner\">\n\t\t\t\t<div class=\"elementor-element elementor-element-e3e0646 elementor-widget-mobile__width-initial elementor-widget elementor-widget-heading\" data-id=\"e3e0646\" data-element_type=\"widget\" data-widget_type=\"heading.default\">\n\t\t\t\t<div class=\"elementor-widget-container\">\n\t\t\t\t\t<h2 class=\"elementor-heading-title elementor-size-default\">CONDITIONS <span style=\"color: #000\">OF STAY<\/span><\/h2>\t\t\t\t<\/div>\n\t\t\t\t<\/div>\n\t\t\t\t<div class=\"elementor-element elementor-element-38a3d08 elementor-widget elementor-widget-text-editor\" data-id=\"38a3d08\" data-element_type=\"widget\" data-widget_type=\"text-editor.default\">\n\t\t\t\t<div class=\"elementor-widget-container\">\n\t\t\t\t\t\t\t\t\t<p>WARUNKI POBYTU<\/p><p>1. Guests are obliged to follow the rules of the accommodation and to use all facilities in accordance with their intended purpose.<\/p><p><br \/>2. In the event of damage, they undertake to immediately repair it or cover the repair costs.<\/p><p><br \/>3. If the number of guests renting accommodation is higher than indicated in the referral, the accommodation owner has the right to:<br \/>\u2013 refusing to accept additional persons<br \/>\u2013 charging an additional fee<br \/>\u2013 withdrawal from the contract due to the fault of the guests.<\/p><p><br \/>4. At the beginning and end of the rental period, an inventory and check of the condition of the rooms will be made by the owner of the accommodation unit and the guest.<\/p><p><br \/>5. The accommodation reservation will be confirmed when the required fees are paid on the agreed date.<\/p><p><br \/>6. The guest cannot, without the consent of the owner of the accommodation unit, accept additional people for overnight stays in the rented rooms, treating them as his or her guests.<\/p><p><br \/>7. The owner of the accommodation unit is obliged to make the rooms and equipment included in the rented accommodation available to the tourist.<\/p><p><br \/>8. A guest who shortens the period of stay at the accommodation unit does not receive a refund for unused accommodation, even on the day of arrival - the amount paid will be forfeited.<\/p><p><br \/>9. The accommodation provider shows the customer where to park the car, but is not responsible for damage caused by third parties.<\/p><p><br \/>10. Please send all comments about your stay to the owner immediately, and serious reservations should be reported to the owner in writing. Complaints submitted after the end of the service will not be considered and will not be refunded.<\/p><p><br \/>11. Paying the deposit is tantamount to accepting the terms and conditions of renting the accommodation.<\/p><p><br \/>12. In case of cancellation of services, the entire deposit paid is non-refundable. Legal basis: \"Tourism Act\" of December 4, 1997.<\/p><p><br \/>13. The day starts at 1,500 on the day of arrival and ends at 10:00 on the day of departure. Unless otherwise agreed.<\/p>\t\t\t\t\t\t\t\t<\/div>\n\t\t\t\t<\/div>\n\t\t\t\t\t<\/div>\n\t\t\t\t<\/div>\n\t\t\t\t<\/div>","protected":false},"excerpt":{"rendered":"<p>Warunki Pobytu WARUNKI POBYTU 1. Go\u015bcie zobowi\u0105zuj\u0105 si\u0119 do przestrzegania porz\u0105dku obowi\u0105zuj\u0105cego na kwaterze i do u\u017cytkowania wszystkich pomieszcze\u0144 zgodnie z ich przeznaczeniem. 2. W przypadku wyrz\u0105dzenia szk\u00f3d zobowi\u0105zuj\u0105 si\u0119 do ich niezw\u0142ocznego naprawienia lub pokrycia koszt\u00f3w naprawy. 3. Je\u017celi liczba go\u015bci wynajmuj\u0105cych kwater\u0119 jest wy\u017csza ni\u017c wskazana w skierowaniu w\u0142a\u015bciciel kwatery ma prawo do:&#8211; [&hellip;]<\/p>","protected":false},"author":1,"featured_media":0,"parent":0,"menu_order":0,"comment_status":"closed","ping_status":"closed","template":"","meta":{"footnotes":""},"class_list":["post-878","page","type-page","status-publish","hentry"],"yoast_head":"<!-- This site is optimized with the Yoast SEO Premium plugin v24.0 (Yoast SEO v24.0) - https:\/\/yoast.com\/wordpress\/plugins\/seo\/ -->\n<title>Warunki Pobytu - ujozefa.pl<\/title>\n<meta name=\"robots\" content=\"index, follow, max-snippet:-1, max-image-preview:large, max-video-preview:-1\" \/>\n<link rel=\"canonical\" href=\"https:\/\/ujozefa.pl\/en\/warunki-pobytu\/\" \/>\n<meta property=\"og:locale\" content=\"en_US\" \/>\n<meta property=\"og:type\" content=\"article\" \/>\n<meta property=\"og:title\" content=\"Warunki Pobytu\" \/>\n<meta property=\"og:description\" content=\"Warunki Pobytu WARUNKI POBYTU 1. Go\u015bcie zobowi\u0105zuj\u0105 si\u0119 do przestrzegania porz\u0105dku obowi\u0105zuj\u0105cego na kwaterze i do u\u017cytkowania wszystkich pomieszcze\u0144 zgodnie z ich przeznaczeniem. 2. W przypadku wyrz\u0105dzenia szk\u00f3d zobowi\u0105zuj\u0105 si\u0119 do ich niezw\u0142ocznego naprawienia lub pokrycia koszt\u00f3w naprawy. 3. Je\u017celi liczba go\u015bci wynajmuj\u0105cych kwater\u0119 jest wy\u017csza ni\u017c wskazana w skierowaniu w\u0142a\u015bciciel kwatery ma prawo do:&#8211; [&hellip;]\" \/>\n<meta property=\"og:url\" content=\"https:\/\/ujozefa.pl\/en\/warunki-pobytu\/\" \/>\n<meta property=\"og:site_name\" content=\"ujozefa.pl\" \/>\n<meta property=\"article:modified_time\" content=\"2024-12-05T22:48:53+00:00\" \/>\n<meta name=\"twitter:card\" content=\"summary_large_image\" \/>\n<meta name=\"twitter:label1\" content=\"Est. reading time\" \/>\n\t<meta name=\"twitter:data1\" content=\"2 minutes\" \/>\n<script type=\"application\/ld+json\" class=\"yoast-schema-graph\">{\"@context\":\"https:\/\/schema.org\",\"@graph\":[{\"@type\":\"WebPage\",\"@id\":\"https:\/\/ujozefa.pl\/warunki-pobytu\/\",\"url\":\"https:\/\/ujozefa.pl\/warunki-pobytu\/\",\"name\":\"Warunki Pobytu - ujozefa.pl\",\"isPartOf\":{\"@id\":\"https:\/\/ujozefa.pl\/#website\"},\"datePublished\":\"2024-12-05T22:47:21+00:00\",\"dateModified\":\"2024-12-05T22:48:53+00:00\",\"breadcrumb\":{\"@id\":\"https:\/\/ujozefa.pl\/warunki-pobytu\/#breadcrumb\"},\"inLanguage\":\"en-US\",\"potentialAction\":[{\"@type\":\"ReadAction\",\"target\":[\"https:\/\/ujozefa.pl\/warunki-pobytu\/\"]}]},{\"@type\":\"BreadcrumbList\",\"@id\":\"https:\/\/ujozefa.pl\/warunki-pobytu\/#breadcrumb\",\"itemListElement\":[{\"@type\":\"ListItem\",\"position\":1,\"name\":\"Home\",\"item\":\"https:\/\/ujozefa.pl\/\"},{\"@type\":\"ListItem\",\"position\":2,\"name\":\"Warunki Pobytu\"}]},{\"@type\":\"WebSite\",\"@id\":\"https:\/\/ujozefa.pl\/#website\",\"url\":\"https:\/\/ujozefa.pl\/\",\"name\":\"ujozefa.pl\",\"description\":\"\",\"potentialAction\":[{\"@type\":\"SearchAction\",\"target\":{\"@type\":\"EntryPoint\",\"urlTemplate\":\"https:\/\/ujozefa.pl\/?s={search_term_string}\"},\"query-input\":{\"@type\":\"PropertyValueSpecification\",\"valueRequired\":true,\"valueName\":\"search_term_string\"}}],\"inLanguage\":\"en-US\"}]}<\/script>\n<!-- \/ Yoast SEO Premium plugin. -->","yoast_head_json":{"title":"Warunki Pobytu - ujozefa.pl","robots":{"index":"index","follow":"follow","max-snippet":"max-snippet:-1","max-image-preview":"max-image-preview:large","max-video-preview":"max-video-preview:-1"},"canonical":"https:\/\/ujozefa.pl\/en\/warunki-pobytu\/","og_locale":"en_US","og_type":"article","og_title":"Warunki Pobytu","og_description":"Warunki Pobytu WARUNKI POBYTU 1. Go\u015bcie zobowi\u0105zuj\u0105 si\u0119 do przestrzegania porz\u0105dku obowi\u0105zuj\u0105cego na kwaterze i do u\u017cytkowania wszystkich pomieszcze\u0144 zgodnie z ich przeznaczeniem. 2. W przypadku wyrz\u0105dzenia szk\u00f3d zobowi\u0105zuj\u0105 si\u0119 do ich niezw\u0142ocznego naprawienia lub pokrycia koszt\u00f3w naprawy. 3. Je\u017celi liczba go\u015bci wynajmuj\u0105cych kwater\u0119 jest wy\u017csza ni\u017c wskazana w skierowaniu w\u0142a\u015bciciel kwatery ma prawo do:&#8211; [&hellip;]","og_url":"https:\/\/ujozefa.pl\/en\/warunki-pobytu\/","og_site_name":"ujozefa.pl","article_modified_time":"2024-12-05T22:48:53+00:00","twitter_card":"summary_large_image","twitter_misc":{"Est. reading time":"2 minutes"},"schema":{"@context":"https:\/\/schema.org","@graph":[{"@type":"WebPage","@id":"https:\/\/ujozefa.pl\/warunki-pobytu\/","url":"https:\/\/ujozefa.pl\/warunki-pobytu\/","name":"Warunki Pobytu - ujozefa.pl","isPartOf":{"@id":"https:\/\/ujozefa.pl\/#website"},"datePublished":"2024-12-05T22:47:21+00:00","dateModified":"2024-12-05T22:48:53+00:00","breadcrumb":{"@id":"https:\/\/ujozefa.pl\/warunki-pobytu\/#breadcrumb"},"inLanguage":"en-US","potentialAction":[{"@type":"ReadAction","target":["https:\/\/ujozefa.pl\/warunki-pobytu\/"]}]},{"@type":"BreadcrumbList","@id":"https:\/\/ujozefa.pl\/warunki-pobytu\/#breadcrumb","itemListElement":[{"@type":"ListItem","position":1,"name":"Home","item":"https:\/\/ujozefa.pl\/"},{"@type":"ListItem","position":2,"name":"Warunki Pobytu"}]},{"@type":"WebSite","@id":"https:\/\/ujozefa.pl\/#website","url":"https:\/\/ujozefa.pl\/","name":"ujozefa.pl","description":"","potentialAction":[{"@type":"SearchAction","target":{"@type":"EntryPoint","urlTemplate":"https:\/\/ujozefa.pl\/?s={search_term_string}"},"query-input":{"@type":"PropertyValueSpecification","valueRequired":true,"valueName":"search_term_string"}}],"inLanguage":"en-US"}]}},"_links":{"self":[{"href":"https:\/\/ujozefa.pl\/en\/wp-json\/wp\/v2\/pages\/878","targetHints":{"allow":["GET"]}}],"collection":[{"href":"https:\/\/ujozefa.pl\/en\/wp-json\/wp\/v2\/pages"}],"about":[{"href":"https:\/\/ujozefa.pl\/en\/wp-json\/wp\/v2\/types\/page"}],"author":[{"embeddable":true,"href":"https:\/\/ujozefa.pl\/en\/wp-json\/wp\/v2\/users\/1"}],"replies":[{"embeddable":true,"href":"https:\/\/ujozefa.pl\/en\/wp-json\/wp\/v2\/comments?post=878"}],"version-history":[{"count":4,"href":"https:\/\/ujozefa.pl\/en\/wp-json\/wp\/v2\/pages\/878\/revisions"}],"predecessor-version":[{"id":882,"href":"https:\/\/ujozefa.pl\/en\/wp-json\/wp\/v2\/pages\/878\/revisions\/882"}],"wp:attachment":[{"href":"https:\/\/ujozefa.pl\/en\/wp-json\/wp\/v2\/media?parent=878"}],"curies":[{"name":"wp","href":"https:\/\/api.w.org\/{rel}","templated":true}]}}