{"id":772,"date":"2024-11-12T15:58:08","date_gmt":"2024-11-12T15:58:08","guid":{"rendered":"https:\/\/ujozefa.pl\/?page_id=772"},"modified":"2024-11-12T16:10:43","modified_gmt":"2024-11-12T16:10:43","slug":"oferty-dla-gosci-indywidualnych","status":"publish","type":"page","link":"https:\/\/ujozefa.pl\/en\/oferty-dla-gosci-indywidualnych\/","title":{"rendered":"Oferty dla Go\u015bci Indywidualnych"},"content":{"rendered":"<div data-elementor-type=\"wp-page\" data-elementor-id=\"772\" class=\"elementor elementor-772\" data-elementor-post-type=\"page\">\n\t\t\t\t<div class=\"elementor-element elementor-element-cfac0f8 e-flex e-con-boxed e-con e-parent\" data-id=\"cfac0f8\" data-element_type=\"container\" data-settings=\"{&quot;background_background&quot;:&quot;classic&quot;,&quot;shape_divider_top&quot;:&quot;mountains&quot;}\">\n\t\t\t\t\t<div class=\"e-con-inner\">\n\t\t\t\t<div class=\"elementor-shape elementor-shape-top\" aria-hidden=\"true\" data-negative=\"false\">\n\t\t\t<svg xmlns=\"http:\/\/www.w3.org\/2000\/svg\" viewbox=\"0 0 1000 100\" preserveaspectratio=\"none\">\n\t<path class=\"elementor-shape-fill\" opacity=\"0.33\" d=\"M473,67.3c-203.9,88.3-263.1-34-320.3,0C66,119.1,0,59.7,0,59.7V0h1000v59.7 c0,0-62.1,26.1-94.9,29.3c-32.8,3.3-62.8-12.3-75.8-22.1C806,49.6,745.3,8.7,694.9,4.7S492.4,59,473,67.3z\"\/>\n\t<path class=\"elementor-shape-fill\" opacity=\"0.66\" d=\"M734,67.3c-45.5,0-77.2-23.2-129.1-39.1c-28.6-8.7-150.3-10.1-254,39.1 s-91.7-34.4-149.2,0C115.7,118.3,0,39.8,0,39.8V0h1000v36.5c0,0-28.2-18.5-92.1-18.5C810.2,18.1,775.7,67.3,734,67.3z\"\/>\n\t<path class=\"elementor-shape-fill\" d=\"M766.1,28.9c-200-57.5-266,65.5-395.1,19.5C242,1.8,242,5.4,184.8,20.6C128,35.8,132.3,44.9,89.9,52.5C28.6,63.7,0,0,0,0 h1000c0,0-9.9,40.9-83.6,48.1S829.6,47,766.1,28.9z\"\/>\n<\/svg>\t\t<\/div>\n\t\t\t\t<div class=\"elementor-element elementor-element-38cdaf3 elementor-widget-mobile__width-initial elementor-widget elementor-widget-heading\" data-id=\"38cdaf3\" data-element_type=\"widget\" data-widget_type=\"heading.default\">\n\t\t\t\t<div class=\"elementor-widget-container\">\n\t\t\t\t\t<h2 class=\"elementor-heading-title elementor-size-default\">OFERTY dla <span style=\"color: #000\">Go\u015bci indywidualnych<\/span><\/h2>\t\t\t\t<\/div>\n\t\t\t\t<\/div>\n\t\t<div class=\"elementor-element elementor-element-e6a11e2 e-con-full e-flex e-con e-child\" data-id=\"e6a11e2\" data-element_type=\"container\">\n\t\t<div class=\"elementor-element elementor-element-d97dd00 e-con-full e-flex e-con e-child\" data-id=\"d97dd00\" data-element_type=\"container\">\n\t\t<div class=\"elementor-element elementor-element-eb1d9da e-con-full e-flex e-con e-child\" data-id=\"eb1d9da\" data-element_type=\"container\" data-settings=\"{&quot;background_background&quot;:&quot;classic&quot;}\">\n\t\t\t\t<div class=\"elementor-element elementor-element-32724e0 elementor-widget elementor-widget-image\" data-id=\"32724e0\" data-element_type=\"widget\" data-widget_type=\"image.default\">\n\t\t\t\t<div class=\"elementor-widget-container\">\n\t\t\t\t\t\t\t\t\t\t\t\t\t\t\t<img fetchpriority=\"high\" decoding=\"async\" width=\"1920\" height=\"1080\" src=\"https:\/\/ujozefa.pl\/wp-content\/uploads\/2024\/11\/Projekt-bez-nazwy-2024-11-11T222247.536.png\" class=\"attachment-full size-full wp-image-655\" alt=\"\" srcset=\"https:\/\/ujozefa.pl\/wp-content\/uploads\/2024\/11\/Projekt-bez-nazwy-2024-11-11T222247.536.png 1920w, https:\/\/ujozefa.pl\/wp-content\/uploads\/2024\/11\/Projekt-bez-nazwy-2024-11-11T222247.536-300x169.png 300w, https:\/\/ujozefa.pl\/wp-content\/uploads\/2024\/11\/Projekt-bez-nazwy-2024-11-11T222247.536-1024x576.png 1024w, https:\/\/ujozefa.pl\/wp-content\/uploads\/2024\/11\/Projekt-bez-nazwy-2024-11-11T222247.536-768x432.png 768w, https:\/\/ujozefa.pl\/wp-content\/uploads\/2024\/11\/Projekt-bez-nazwy-2024-11-11T222247.536-1536x864.png 1536w\" sizes=\"(max-width: 1920px) 100vw, 1920px\" \/>\t\t\t\t\t\t\t\t\t\t\t\t\t\t\t<\/div>\n\t\t\t\t<\/div>\n\t\t\t\t<div class=\"elementor-element elementor-element-9416649 elementor-widget elementor-widget-heading\" data-id=\"9416649\" data-element_type=\"widget\" data-widget_type=\"heading.default\">\n\t\t\t\t<div class=\"elementor-widget-container\">\n\t\t\t\t\t<h2 class=\"elementor-heading-title elementor-size-default\">FERIE ZIMOWE<\/h2>\t\t\t\t<\/div>\n\t\t\t\t<\/div>\n\t\t\t\t<div class=\"elementor-element elementor-element-0658574 elementor-widget elementor-widget-text-editor\" data-id=\"0658574\" data-element_type=\"widget\" data-widget_type=\"text-editor.default\">\n\t\t\t\t<div class=\"elementor-widget-container\">\n\t\t\t\t\t\t\t\t\t<p>Rodzinne ferie w Tatrach to doskona\u0142a okazja do aktywnego wypoczynku! Dom Wczasowy &#8222;U J\u00f3zefa&#8221; oferuje noclegi w pobli\u017cu stok\u00f3w narciarskich, regionalne posi\u0142ki, prywatn\u0105 g\u00f3rk\u0119 do zjazd\u00f3w oraz sal\u0119 gier. Zafunduj dzieciom ferie pe\u0142ne \u015bnie\u017cnych atrakcji!<\/p>\t\t\t\t\t\t\t\t<\/div>\n\t\t\t\t<\/div>\n\t\t\t\t<div class=\"elementor-element elementor-element-be89fa5 elementor-align-justify elementor-widget__width-inherit elementor-widget elementor-widget-button\" data-id=\"be89fa5\" data-element_type=\"widget\" data-widget_type=\"button.default\">\n\t\t\t\t<div class=\"elementor-widget-container\">\n\t\t\t\t\t\t\t\t\t<div class=\"elementor-button-wrapper\">\n\t\t\t\t\t<a class=\"elementor-button elementor-button-link elementor-size-sm\" href=\"https:\/\/ujozefa.pl\/en\/ferie-zimowe\/\">\n\t\t\t\t\t\t<span class=\"elementor-button-content-wrapper\">\n\t\t\t\t\t\t\t\t\t<span class=\"elementor-button-text\">Full Offer<\/span>\n\t\t\t\t\t<\/span>\n\t\t\t\t\t<\/a>\n\t\t\t\t<\/div>\n\t\t\t\t\t\t\t\t<\/div>\n\t\t\t\t<\/div>\n\t\t\t\t<\/div>\n\t\t<div class=\"elementor-element elementor-element-53b2f7d e-con-full e-flex e-con e-child\" data-id=\"53b2f7d\" data-element_type=\"container\" data-settings=\"{&quot;background_background&quot;:&quot;classic&quot;}\">\n\t\t\t\t<div class=\"elementor-element elementor-element-c6bf625 elementor-widget elementor-widget-image\" data-id=\"c6bf625\" data-element_type=\"widget\" data-widget_type=\"image.default\">\n\t\t\t\t<div class=\"elementor-widget-container\">\n\t\t\t\t\t\t\t\t\t\t\t\t\t\t\t<img decoding=\"async\" width=\"800\" height=\"411\" src=\"https:\/\/ujozefa.pl\/wp-content\/uploads\/2024\/11\/c913b5e9179b.jpeg\" class=\"attachment-full size-full wp-image-717\" alt=\"\" srcset=\"https:\/\/ujozefa.pl\/wp-content\/uploads\/2024\/11\/c913b5e9179b.jpeg 800w, https:\/\/ujozefa.pl\/wp-content\/uploads\/2024\/11\/c913b5e9179b-300x154.jpeg 300w, https:\/\/ujozefa.pl\/wp-content\/uploads\/2024\/11\/c913b5e9179b-768x395.jpeg 768w\" sizes=\"(max-width: 800px) 100vw, 800px\" \/>\t\t\t\t\t\t\t\t\t\t\t\t\t\t\t<\/div>\n\t\t\t\t<\/div>\n\t\t\t\t<div class=\"elementor-element elementor-element-1648210 elementor-widget elementor-widget-heading\" data-id=\"1648210\" data-element_type=\"widget\" data-widget_type=\"heading.default\">\n\t\t\t\t<div class=\"elementor-widget-container\">\n\t\t\t\t\t<h2 class=\"elementor-heading-title elementor-size-default\">SYLWESTER<\/h2>\t\t\t\t<\/div>\n\t\t\t\t<\/div>\n\t\t\t\t<div class=\"elementor-element elementor-element-175d438 elementor-widget elementor-widget-text-editor\" data-id=\"175d438\" data-element_type=\"widget\" data-widget_type=\"text-editor.default\">\n\t\t\t\t<div class=\"elementor-widget-container\">\n\t\t\t\t\t\t\t\t\t<p>Zacznij Nowy Rok z przytupem w Domu Wczasowym &#8222;U J\u00f3zefa&#8221;! \u015awi\u0119tuj Sylwestra w g\u00f3rskim stylu \u2013 z uroczyst\u0105 kolacj\u0105, zabaw\u0105 przy g\u00f3ralskiej muzyce i wyj\u0105tkowym kuligiem. Powitaj 2025 rok w sercu Tatr i w\u015br\u00f3d zimowych pejza\u017cy!<\/p>\t\t\t\t\t\t\t\t<\/div>\n\t\t\t\t<\/div>\n\t\t\t\t<div class=\"elementor-element elementor-element-a5f9dd4 elementor-align-justify elementor-widget__width-inherit elementor-widget elementor-widget-button\" data-id=\"a5f9dd4\" data-element_type=\"widget\" data-widget_type=\"button.default\">\n\t\t\t\t<div class=\"elementor-widget-container\">\n\t\t\t\t\t\t\t\t\t<div class=\"elementor-button-wrapper\">\n\t\t\t\t\t<a class=\"elementor-button elementor-button-link elementor-size-sm\" href=\"https:\/\/ujozefa.pl\/en\/sylwester-w-zakopanem\/\">\n\t\t\t\t\t\t<span class=\"elementor-button-content-wrapper\">\n\t\t\t\t\t\t\t\t\t<span class=\"elementor-button-text\">Full Offer<\/span>\n\t\t\t\t\t<\/span>\n\t\t\t\t\t<\/a>\n\t\t\t\t<\/div>\n\t\t\t\t\t\t\t\t<\/div>\n\t\t\t\t<\/div>\n\t\t\t\t<\/div>\n\t\t<div class=\"elementor-element elementor-element-fd29c49 e-con-full e-flex e-con e-child\" data-id=\"fd29c49\" data-element_type=\"container\" data-settings=\"{&quot;background_background&quot;:&quot;classic&quot;}\">\n\t\t\t\t<div class=\"elementor-element elementor-element-d564511 elementor-widget elementor-widget-image\" data-id=\"d564511\" data-element_type=\"widget\" data-widget_type=\"image.default\">\n\t\t\t\t<div class=\"elementor-widget-container\">\n\t\t\t\t\t\t\t\t\t\t\t\t\t\t\t<img decoding=\"async\" width=\"781\" height=\"521\" src=\"https:\/\/ujozefa.pl\/wp-content\/uploads\/2024\/11\/easter-eggs-8602464_1920-e1711638814269.png\" class=\"attachment-full size-full wp-image-723\" alt=\"\" srcset=\"https:\/\/ujozefa.pl\/wp-content\/uploads\/2024\/11\/easter-eggs-8602464_1920-e1711638814269.png 781w, https:\/\/ujozefa.pl\/wp-content\/uploads\/2024\/11\/easter-eggs-8602464_1920-e1711638814269-300x200.png 300w, https:\/\/ujozefa.pl\/wp-content\/uploads\/2024\/11\/easter-eggs-8602464_1920-e1711638814269-768x512.png 768w\" sizes=\"(max-width: 781px) 100vw, 781px\" \/>\t\t\t\t\t\t\t\t\t\t\t\t\t\t\t<\/div>\n\t\t\t\t<\/div>\n\t\t\t\t<div class=\"elementor-element elementor-element-d35409f elementor-widget elementor-widget-heading\" data-id=\"d35409f\" data-element_type=\"widget\" data-widget_type=\"heading.default\">\n\t\t\t\t<div class=\"elementor-widget-container\">\n\t\t\t\t\t<h2 class=\"elementor-heading-title elementor-size-default\">WIELKANOC<\/h2>\t\t\t\t<\/div>\n\t\t\t\t<\/div>\n\t\t\t\t<div class=\"elementor-element elementor-element-3074066 elementor-widget elementor-widget-text-editor\" data-id=\"3074066\" data-element_type=\"widget\" data-widget_type=\"text-editor.default\">\n\t\t\t\t<div class=\"elementor-widget-container\">\n\t\t\t\t\t\t\t\t\t<p>Przywitaj wiosn\u0119 i prze\u017cyj \u015awi\u0119ta Wielkanocne w sercu Tatr! W Domu Wczasowym &#8222;U J\u00f3zefa&#8221; przygotowali\u015bmy dla Ciebie \u015bwi\u0105teczne posi\u0142ki, w tym uroczyste \u015bniadanie wielkanocne oraz koszyczek do po\u015bwi\u0119cenia. Odkryj pi\u0119kno g\u00f3r podczas wiosennego pobytu!<\/p>\t\t\t\t\t\t\t\t<\/div>\n\t\t\t\t<\/div>\n\t\t\t\t<div class=\"elementor-element elementor-element-b3e8eaa elementor-align-justify elementor-widget__width-inherit elementor-widget elementor-widget-button\" data-id=\"b3e8eaa\" data-element_type=\"widget\" data-widget_type=\"button.default\">\n\t\t\t\t<div class=\"elementor-widget-container\">\n\t\t\t\t\t\t\t\t\t<div class=\"elementor-button-wrapper\">\n\t\t\t\t\t<a class=\"elementor-button elementor-button-link elementor-size-sm\" href=\"https:\/\/ujozefa.pl\/en\/swieta-wielkanocne\/\">\n\t\t\t\t\t\t<span class=\"elementor-button-content-wrapper\">\n\t\t\t\t\t\t\t\t\t<span class=\"elementor-button-text\">Full Offer<\/span>\n\t\t\t\t\t<\/span>\n\t\t\t\t\t<\/a>\n\t\t\t\t<\/div>\n\t\t\t\t\t\t\t\t<\/div>\n\t\t\t\t<\/div>\n\t\t\t\t<\/div>\n\t\t\t\t<\/div>\n\t\t<div class=\"elementor-element elementor-element-00141ee e-con-full e-flex e-con e-child\" data-id=\"00141ee\" data-element_type=\"container\">\n\t\t<div class=\"elementor-element elementor-element-042ac17 e-con-full e-flex e-con e-child\" data-id=\"042ac17\" data-element_type=\"container\" data-settings=\"{&quot;background_background&quot;:&quot;classic&quot;}\">\n\t\t\t\t<div class=\"elementor-element elementor-element-caccbf9 elementor-widget elementor-widget-image\" data-id=\"caccbf9\" data-element_type=\"widget\" data-widget_type=\"image.default\">\n\t\t\t\t<div class=\"elementor-widget-container\">\n\t\t\t\t\t\t\t\t\t\t\t\t\t\t\t<img loading=\"lazy\" decoding=\"async\" width=\"941\" height=\"624\" src=\"https:\/\/ujozefa.pl\/wp-content\/uploads\/2024\/11\/Adam-Brzoza-3.jpg\" class=\"attachment-full size-full wp-image-734\" alt=\"\" srcset=\"https:\/\/ujozefa.pl\/wp-content\/uploads\/2024\/11\/Adam-Brzoza-3.jpg 941w, https:\/\/ujozefa.pl\/wp-content\/uploads\/2024\/11\/Adam-Brzoza-3-300x199.jpg 300w, https:\/\/ujozefa.pl\/wp-content\/uploads\/2024\/11\/Adam-Brzoza-3-768x509.jpg 768w\" sizes=\"(max-width: 941px) 100vw, 941px\" \/>\t\t\t\t\t\t\t\t\t\t\t\t\t\t\t<\/div>\n\t\t\t\t<\/div>\n\t\t\t\t<div class=\"elementor-element elementor-element-8849ae8 elementor-widget elementor-widget-heading\" data-id=\"8849ae8\" data-element_type=\"widget\" data-widget_type=\"heading.default\">\n\t\t\t\t<div class=\"elementor-widget-container\">\n\t\t\t\t\t<h2 class=\"elementor-heading-title elementor-size-default\">WEEKEND MAJOWY<\/h2>\t\t\t\t<\/div>\n\t\t\t\t<\/div>\n\t\t\t\t<div class=\"elementor-element elementor-element-0b0e0c9 elementor-widget elementor-widget-text-editor\" data-id=\"0b0e0c9\" data-element_type=\"widget\" data-widget_type=\"text-editor.default\">\n\t\t\t\t<div class=\"elementor-widget-container\">\n\t\t\t\t\t\t\t\t\t<p>Zrelaksuj si\u0119 podczas d\u0142ugiego weekendu majowego w spokojnej, zielonej okolicy! Dom Wczasowy &#8222;U J\u00f3zefa&#8221; oferuje pe\u0142ne wy\u017cywienie, komfortowe noclegi oraz \u0142atwy dost\u0119p do licznych atrakcji Zakopanego. Ciesz si\u0119 wiosennym wypoczynkiem w sercu g\u00f3r!<\/p>\t\t\t\t\t\t\t\t<\/div>\n\t\t\t\t<\/div>\n\t\t\t\t<div class=\"elementor-element elementor-element-99cbc63 elementor-align-justify elementor-widget__width-inherit elementor-widget elementor-widget-button\" data-id=\"99cbc63\" data-element_type=\"widget\" data-widget_type=\"button.default\">\n\t\t\t\t<div class=\"elementor-widget-container\">\n\t\t\t\t\t\t\t\t\t<div class=\"elementor-button-wrapper\">\n\t\t\t\t\t<a class=\"elementor-button elementor-button-link elementor-size-sm\" href=\"https:\/\/ujozefa.pl\/en\/weekend-majowy\/\">\n\t\t\t\t\t\t<span class=\"elementor-button-content-wrapper\">\n\t\t\t\t\t\t\t\t\t<span class=\"elementor-button-text\">Full Offer<\/span>\n\t\t\t\t\t<\/span>\n\t\t\t\t\t<\/a>\n\t\t\t\t<\/div>\n\t\t\t\t\t\t\t\t<\/div>\n\t\t\t\t<\/div>\n\t\t\t\t<\/div>\n\t\t<div class=\"elementor-element elementor-element-e3ce9ae e-con-full e-flex e-con e-child\" data-id=\"e3ce9ae\" data-element_type=\"container\" data-settings=\"{&quot;background_background&quot;:&quot;classic&quot;}\">\n\t\t\t\t<div class=\"elementor-element elementor-element-ce43b56 elementor-widget elementor-widget-image\" data-id=\"ce43b56\" data-element_type=\"widget\" data-widget_type=\"image.default\">\n\t\t\t\t<div class=\"elementor-widget-container\">\n\t\t\t\t\t\t\t\t\t\t\t\t\t\t\t<img loading=\"lazy\" decoding=\"async\" width=\"1920\" height=\"870\" src=\"https:\/\/ujozefa.pl\/wp-content\/uploads\/2024\/11\/HtX1eQMpJ5gj69i0.jpg\" class=\"attachment-full size-full wp-image-740\" alt=\"\" srcset=\"https:\/\/ujozefa.pl\/wp-content\/uploads\/2024\/11\/HtX1eQMpJ5gj69i0.jpg 1920w, https:\/\/ujozefa.pl\/wp-content\/uploads\/2024\/11\/HtX1eQMpJ5gj69i0-300x136.jpg 300w, https:\/\/ujozefa.pl\/wp-content\/uploads\/2024\/11\/HtX1eQMpJ5gj69i0-1024x464.jpg 1024w, https:\/\/ujozefa.pl\/wp-content\/uploads\/2024\/11\/HtX1eQMpJ5gj69i0-768x348.jpg 768w, https:\/\/ujozefa.pl\/wp-content\/uploads\/2024\/11\/HtX1eQMpJ5gj69i0-1536x696.jpg 1536w\" sizes=\"(max-width: 1920px) 100vw, 1920px\" \/>\t\t\t\t\t\t\t\t\t\t\t\t\t\t\t<\/div>\n\t\t\t\t<\/div>\n\t\t\t\t<div class=\"elementor-element elementor-element-f482ddb elementor-widget elementor-widget-heading\" data-id=\"f482ddb\" data-element_type=\"widget\" data-widget_type=\"heading.default\">\n\t\t\t\t<div class=\"elementor-widget-container\">\n\t\t\t\t\t<h2 class=\"elementor-heading-title elementor-size-default\">BO\u017bE NARODZENIE<\/h2>\t\t\t\t<\/div>\n\t\t\t\t<\/div>\n\t\t\t\t<div class=\"elementor-element elementor-element-c296595 elementor-widget elementor-widget-text-editor\" data-id=\"c296595\" data-element_type=\"widget\" data-widget_type=\"text-editor.default\">\n\t\t\t\t<div class=\"elementor-widget-container\">\n\t\t\t\t\t\t\t\t\t<p>Sp\u0119d\u017a magiczne \u015awi\u0119ta Bo\u017cego Narodzenia w Domu Wczasowym &#8222;U J\u00f3zefa&#8221;. Czekaj\u0105 na Ciebie tradycyjne potrawy, uroczysta Wigilia z g\u00f3ralsk\u0105 muzyk\u0105 oraz wyj\u0105tkowe atrakcje w \u015bwi\u0105tecznej atmosferze. Poczuj rodzinne ciep\u0142o i prawdziwie zimowy klimat Tatr!<\/p>\t\t\t\t\t\t\t\t<\/div>\n\t\t\t\t<\/div>\n\t\t\t\t<div class=\"elementor-element elementor-element-fc93392 elementor-align-justify elementor-widget__width-inherit elementor-widget elementor-widget-button\" data-id=\"fc93392\" data-element_type=\"widget\" data-widget_type=\"button.default\">\n\t\t\t\t<div class=\"elementor-widget-container\">\n\t\t\t\t\t\t\t\t\t<div class=\"elementor-button-wrapper\">\n\t\t\t\t\t<a class=\"elementor-button elementor-button-link elementor-size-sm\" href=\"https:\/\/ujozefa.pl\/en\/swieta-bozego-narodzenia\/\">\n\t\t\t\t\t\t<span class=\"elementor-button-content-wrapper\">\n\t\t\t\t\t\t\t\t\t<span class=\"elementor-button-text\">Full Offer<\/span>\n\t\t\t\t\t<\/span>\n\t\t\t\t\t<\/a>\n\t\t\t\t<\/div>\n\t\t\t\t\t\t\t\t<\/div>\n\t\t\t\t<\/div>\n\t\t\t\t<\/div>\n\t\t\t\t<\/div>\n\t\t\t\t<\/div>\n\t\t\t\t\t<\/div>\n\t\t\t\t<\/div>\n\t\t\t\t<\/div>","protected":false},"excerpt":{"rendered":"<p>OFERTY dla Go\u015bci indywidualnych FERIE ZIMOWE Rodzinne ferie w Tatrach to doskona\u0142a okazja do aktywnego wypoczynku! Dom Wczasowy &#8222;U J\u00f3zefa&#8221; oferuje noclegi w pobli\u017cu stok\u00f3w narciarskich, regionalne posi\u0142ki, prywatn\u0105 g\u00f3rk\u0119 do zjazd\u00f3w oraz sal\u0119 gier. Zafunduj dzieciom ferie pe\u0142ne \u015bnie\u017cnych atrakcji! Pe\u0142na Oferta SYLWESTER Zacznij Nowy Rok z przytupem w Domu Wczasowym &#8222;U J\u00f3zefa&#8221;! \u015awi\u0119tuj [&hellip;]<\/p>","protected":false},"author":1,"featured_media":0,"parent":0,"menu_order":0,"comment_status":"closed","ping_status":"closed","template":"","meta":{"footnotes":""},"class_list":["post-772","page","type-page","status-publish","hentry"],"yoast_head":"<!-- This site is optimized with the Yoast SEO Premium plugin v24.0 (Yoast SEO v24.0) - https:\/\/yoast.com\/wordpress\/plugins\/seo\/ -->\n<title>Oferty dla Go\u015bci Indywidualnych - ujozefa.pl<\/title>\n<meta name=\"robots\" content=\"index, follow, max-snippet:-1, max-image-preview:large, max-video-preview:-1\" \/>\n<link rel=\"canonical\" href=\"https:\/\/ujozefa.pl\/en\/oferty-dla-gosci-indywidualnych\/\" \/>\n<meta property=\"og:locale\" content=\"en_US\" \/>\n<meta property=\"og:type\" content=\"article\" \/>\n<meta property=\"og:title\" content=\"Oferty dla Go\u015bci Indywidualnych\" \/>\n<meta property=\"og:description\" content=\"OFERTY dla Go\u015bci indywidualnych FERIE ZIMOWE Rodzinne ferie w Tatrach to doskona\u0142a okazja do aktywnego wypoczynku! Dom Wczasowy &#8222;U J\u00f3zefa&#8221; oferuje noclegi w pobli\u017cu stok\u00f3w narciarskich, regionalne posi\u0142ki, prywatn\u0105 g\u00f3rk\u0119 do zjazd\u00f3w oraz sal\u0119 gier. Zafunduj dzieciom ferie pe\u0142ne \u015bnie\u017cnych atrakcji! Pe\u0142na Oferta SYLWESTER Zacznij Nowy Rok z przytupem w Domu Wczasowym &#8222;U J\u00f3zefa&#8221;! \u015awi\u0119tuj [&hellip;]\" \/>\n<meta property=\"og:url\" content=\"https:\/\/ujozefa.pl\/en\/oferty-dla-gosci-indywidualnych\/\" \/>\n<meta property=\"og:site_name\" content=\"ujozefa.pl\" \/>\n<meta property=\"article:modified_time\" content=\"2024-11-12T16:10:43+00:00\" \/>\n<meta property=\"og:image\" content=\"https:\/\/ujozefa.pl\/wp-content\/uploads\/2024\/11\/Projekt-bez-nazwy-2024-11-11T222247.536-1024x576.png\" \/>\n\t<meta property=\"og:image:width\" content=\"1024\" \/>\n\t<meta property=\"og:image:height\" content=\"576\" \/>\n\t<meta property=\"og:image:type\" content=\"image\/png\" \/>\n<meta name=\"twitter:card\" content=\"summary_large_image\" \/>\n<meta name=\"twitter:label1\" content=\"Est. reading time\" \/>\n\t<meta name=\"twitter:data1\" content=\"1 minute\" \/>\n<script type=\"application\/ld+json\" class=\"yoast-schema-graph\">{\"@context\":\"https:\/\/schema.org\",\"@graph\":[{\"@type\":\"WebPage\",\"@id\":\"https:\/\/ujozefa.pl\/oferty-dla-gosci-indywidualnych\/\",\"url\":\"https:\/\/ujozefa.pl\/oferty-dla-gosci-indywidualnych\/\",\"name\":\"Oferty dla Go\u015bci Indywidualnych - ujozefa.pl\",\"isPartOf\":{\"@id\":\"https:\/\/ujozefa.pl\/#website\"},\"primaryImageOfPage\":{\"@id\":\"https:\/\/ujozefa.pl\/oferty-dla-gosci-indywidualnych\/#primaryimage\"},\"image\":{\"@id\":\"https:\/\/ujozefa.pl\/oferty-dla-gosci-indywidualnych\/#primaryimage\"},\"thumbnailUrl\":\"https:\/\/ujozefa.pl\/wp-content\/uploads\/2024\/11\/Projekt-bez-nazwy-2024-11-11T222247.536.png\",\"datePublished\":\"2024-11-12T15:58:08+00:00\",\"dateModified\":\"2024-11-12T16:10:43+00:00\",\"breadcrumb\":{\"@id\":\"https:\/\/ujozefa.pl\/oferty-dla-gosci-indywidualnych\/#breadcrumb\"},\"inLanguage\":\"en-US\",\"potentialAction\":[{\"@type\":\"ReadAction\",\"target\":[\"https:\/\/ujozefa.pl\/oferty-dla-gosci-indywidualnych\/\"]}]},{\"@type\":\"ImageObject\",\"inLanguage\":\"en-US\",\"@id\":\"https:\/\/ujozefa.pl\/oferty-dla-gosci-indywidualnych\/#primaryimage\",\"url\":\"https:\/\/ujozefa.pl\/wp-content\/uploads\/2024\/11\/Projekt-bez-nazwy-2024-11-11T222247.536.png\",\"contentUrl\":\"https:\/\/ujozefa.pl\/wp-content\/uploads\/2024\/11\/Projekt-bez-nazwy-2024-11-11T222247.536.png\"},{\"@type\":\"BreadcrumbList\",\"@id\":\"https:\/\/ujozefa.pl\/oferty-dla-gosci-indywidualnych\/#breadcrumb\",\"itemListElement\":[{\"@type\":\"ListItem\",\"position\":1,\"name\":\"Home\",\"item\":\"https:\/\/ujozefa.pl\/\"},{\"@type\":\"ListItem\",\"position\":2,\"name\":\"Oferty dla Go\u015bci Indywidualnych\"}]},{\"@type\":\"WebSite\",\"@id\":\"https:\/\/ujozefa.pl\/#website\",\"url\":\"https:\/\/ujozefa.pl\/\",\"name\":\"ujozefa.pl\",\"description\":\"\",\"potentialAction\":[{\"@type\":\"SearchAction\",\"target\":{\"@type\":\"EntryPoint\",\"urlTemplate\":\"https:\/\/ujozefa.pl\/?s={search_term_string}\"},\"query-input\":{\"@type\":\"PropertyValueSpecification\",\"valueRequired\":true,\"valueName\":\"search_term_string\"}}],\"inLanguage\":\"en-US\"}]}<\/script>\n<!-- \/ Yoast SEO Premium plugin. -->","yoast_head_json":{"title":"Oferty dla Go\u015bci Indywidualnych - ujozefa.pl","robots":{"index":"index","follow":"follow","max-snippet":"max-snippet:-1","max-image-preview":"max-image-preview:large","max-video-preview":"max-video-preview:-1"},"canonical":"https:\/\/ujozefa.pl\/en\/oferty-dla-gosci-indywidualnych\/","og_locale":"en_US","og_type":"article","og_title":"Oferty dla Go\u015bci Indywidualnych","og_description":"OFERTY dla Go\u015bci indywidualnych FERIE ZIMOWE Rodzinne ferie w Tatrach to doskona\u0142a okazja do aktywnego wypoczynku! Dom Wczasowy &#8222;U J\u00f3zefa&#8221; oferuje noclegi w pobli\u017cu stok\u00f3w narciarskich, regionalne posi\u0142ki, prywatn\u0105 g\u00f3rk\u0119 do zjazd\u00f3w oraz sal\u0119 gier. Zafunduj dzieciom ferie pe\u0142ne \u015bnie\u017cnych atrakcji! Pe\u0142na Oferta SYLWESTER Zacznij Nowy Rok z przytupem w Domu Wczasowym &#8222;U J\u00f3zefa&#8221;! \u015awi\u0119tuj [&hellip;]","og_url":"https:\/\/ujozefa.pl\/en\/oferty-dla-gosci-indywidualnych\/","og_site_name":"ujozefa.pl","article_modified_time":"2024-11-12T16:10:43+00:00","og_image":[{"width":1024,"height":576,"url":"https:\/\/ujozefa.pl\/wp-content\/uploads\/2024\/11\/Projekt-bez-nazwy-2024-11-11T222247.536-1024x576.png","type":"image\/png"}],"twitter_card":"summary_large_image","twitter_misc":{"Est. reading time":"1 minute"},"schema":{"@context":"https:\/\/schema.org","@graph":[{"@type":"WebPage","@id":"https:\/\/ujozefa.pl\/oferty-dla-gosci-indywidualnych\/","url":"https:\/\/ujozefa.pl\/oferty-dla-gosci-indywidualnych\/","name":"Oferty dla Go\u015bci Indywidualnych - ujozefa.pl","isPartOf":{"@id":"https:\/\/ujozefa.pl\/#website"},"primaryImageOfPage":{"@id":"https:\/\/ujozefa.pl\/oferty-dla-gosci-indywidualnych\/#primaryimage"},"image":{"@id":"https:\/\/ujozefa.pl\/oferty-dla-gosci-indywidualnych\/#primaryimage"},"thumbnailUrl":"https:\/\/ujozefa.pl\/wp-content\/uploads\/2024\/11\/Projekt-bez-nazwy-2024-11-11T222247.536.png","datePublished":"2024-11-12T15:58:08+00:00","dateModified":"2024-11-12T16:10:43+00:00","breadcrumb":{"@id":"https:\/\/ujozefa.pl\/oferty-dla-gosci-indywidualnych\/#breadcrumb"},"inLanguage":"en-US","potentialAction":[{"@type":"ReadAction","target":["https:\/\/ujozefa.pl\/oferty-dla-gosci-indywidualnych\/"]}]},{"@type":"ImageObject","inLanguage":"en-US","@id":"https:\/\/ujozefa.pl\/oferty-dla-gosci-indywidualnych\/#primaryimage","url":"https:\/\/ujozefa.pl\/wp-content\/uploads\/2024\/11\/Projekt-bez-nazwy-2024-11-11T222247.536.png","contentUrl":"https:\/\/ujozefa.pl\/wp-content\/uploads\/2024\/11\/Projekt-bez-nazwy-2024-11-11T222247.536.png"},{"@type":"BreadcrumbList","@id":"https:\/\/ujozefa.pl\/oferty-dla-gosci-indywidualnych\/#breadcrumb","itemListElement":[{"@type":"ListItem","position":1,"name":"Home","item":"https:\/\/ujozefa.pl\/"},{"@type":"ListItem","position":2,"name":"Oferty dla Go\u015bci Indywidualnych"}]},{"@type":"WebSite","@id":"https:\/\/ujozefa.pl\/#website","url":"https:\/\/ujozefa.pl\/","name":"ujozefa.pl","description":"","potentialAction":[{"@type":"SearchAction","target":{"@type":"EntryPoint","urlTemplate":"https:\/\/ujozefa.pl\/?s={search_term_string}"},"query-input":{"@type":"PropertyValueSpecification","valueRequired":true,"valueName":"search_term_string"}}],"inLanguage":"en-US"}]}},"_links":{"self":[{"href":"https:\/\/ujozefa.pl\/en\/wp-json\/wp\/v2\/pages\/772","targetHints":{"allow":["GET"]}}],"collection":[{"href":"https:\/\/ujozefa.pl\/en\/wp-json\/wp\/v2\/pages"}],"about":[{"href":"https:\/\/ujozefa.pl\/en\/wp-json\/wp\/v2\/types\/page"}],"author":[{"embeddable":true,"href":"https:\/\/ujozefa.pl\/en\/wp-json\/wp\/v2\/users\/1"}],"replies":[{"embeddable":true,"href":"https:\/\/ujozefa.pl\/en\/wp-json\/wp\/v2\/comments?post=772"}],"version-history":[{"count":11,"href":"https:\/\/ujozefa.pl\/en\/wp-json\/wp\/v2\/pages\/772\/revisions"}],"predecessor-version":[{"id":789,"href":"https:\/\/ujozefa.pl\/en\/wp-json\/wp\/v2\/pages\/772\/revisions\/789"}],"wp:attachment":[{"href":"https:\/\/ujozefa.pl\/en\/wp-json\/wp\/v2\/media?parent=772"}],"curies":[{"name":"wp","href":"https:\/\/api.w.org\/{rel}","templated":true}]}}