{"id":739,"date":"2024-11-12T13:56:04","date_gmt":"2024-11-12T13:56:04","guid":{"rendered":"https:\/\/ujozefa.pl\/?page_id=739"},"modified":"2025-09-17T18:23:25","modified_gmt":"2025-09-17T18:23:25","slug":"swieta-bozego-narodzenia","status":"publish","type":"page","link":"https:\/\/ujozefa.pl\/en\/swieta-bozego-narodzenia\/","title":{"rendered":"\u015aWI\u0118TA\u00a0BO\u017bEGO NARODZENIA"},"content":{"rendered":"<div data-elementor-type=\"wp-page\" data-elementor-id=\"739\" class=\"elementor elementor-739\" data-elementor-post-type=\"page\">\n\t\t\t\t<div class=\"elementor-element elementor-element-6fad045 e-flex e-con-boxed e-con e-parent\" data-id=\"6fad045\" data-element_type=\"container\">\n\t\t\t\t\t<div class=\"e-con-inner\">\n\t\t\t\t<div class=\"elementor-element elementor-element-e3e0646 elementor-widget-mobile__width-initial elementor-widget elementor-widget-heading\" data-id=\"e3e0646\" data-element_type=\"widget\" data-widget_type=\"heading.default\">\n\t\t\t\t<div class=\"elementor-widget-container\">\n\t\t\t\t\t<h2 class=\"elementor-heading-title elementor-size-default\">\u015awi\u0119ta <span style=\"color: #000\">Christmas<\/span><\/h2>\t\t\t\t<\/div>\n\t\t\t\t<\/div>\n\t\t\t\t<div class=\"elementor-element elementor-element-3e49107 elementor-widget elementor-widget-image\" data-id=\"3e49107\" data-element_type=\"widget\" data-widget_type=\"image.default\">\n\t\t\t\t<div class=\"elementor-widget-container\">\n\t\t\t\t\t\t\t\t\t\t\t\t\t\t\t<img fetchpriority=\"high\" decoding=\"async\" width=\"1920\" height=\"870\" src=\"https:\/\/ujozefa.pl\/wp-content\/uploads\/2024\/11\/HtX1eQMpJ5gj69i0.jpg\" class=\"attachment-full size-full wp-image-740\" alt=\"\" srcset=\"https:\/\/ujozefa.pl\/wp-content\/uploads\/2024\/11\/HtX1eQMpJ5gj69i0.jpg 1920w, https:\/\/ujozefa.pl\/wp-content\/uploads\/2024\/11\/HtX1eQMpJ5gj69i0-300x136.jpg 300w, https:\/\/ujozefa.pl\/wp-content\/uploads\/2024\/11\/HtX1eQMpJ5gj69i0-1024x464.jpg 1024w, https:\/\/ujozefa.pl\/wp-content\/uploads\/2024\/11\/HtX1eQMpJ5gj69i0-768x348.jpg 768w, https:\/\/ujozefa.pl\/wp-content\/uploads\/2024\/11\/HtX1eQMpJ5gj69i0-1536x696.jpg 1536w\" sizes=\"(max-width: 1920px) 100vw, 1920px\" \/>\t\t\t\t\t\t\t\t\t\t\t\t\t\t\t<\/div>\n\t\t\t\t<\/div>\n\t\t\t\t<div class=\"elementor-element elementor-element-38a3d08 elementor-widget elementor-widget-text-editor\" data-id=\"38a3d08\" data-element_type=\"widget\" data-widget_type=\"text-editor.default\">\n\t\t\t\t<div class=\"elementor-widget-container\">\n\t\t\t\t\t\t\t\t\t<section id=\"boze-narodzenie\">\n  <h2>Pobyt \u015awi\u0105teczny w Tatrach \u2013 Bo\u017ce Narodzenie 2025<\/h2>\n  <p>Spend Christmas in the magical atmosphere of the Tatra Mountains, with traditional cuisine, highland music and winter attractions.<\/p>\n\n  <article>\n    <h3>Pobyt 5-dniowy (23\u201327 grudnia, 4 noclegi)<\/h3>\n    <ul>\n      <li>Osoba doros\u0142a: <strong>PLN 1,600<\/strong><\/li>\n      <li>Dziecko (3\u201310 lat): <strong>1450 z\u0142<\/strong><\/li>\n      <li>Dzieci do 3 lat: <strong>bezp\u0142atnie<\/strong> (w pokojach 3-, 4-, 5-, 6-osobowych)<\/li>\n    <\/ul>\n  <\/article>\n\n  <article>\n    <h3>Pobyt 6-dniowy (22\u201327 grudnia, 5 nocleg\u00f3w)<\/h3>\n    <ul>\n      <li>Osoba doros\u0142a: <strong>2000 z\u0142<\/strong><\/li>\n      <li>Dziecko (3\u201310 lat): <strong>1850 z\u0142<\/strong><\/li>\n      <li>Dzieci do 3 lat: <strong>bezp\u0142atnie<\/strong> (w pokojach 3-, 4-, 5-, 6-osobowych)<\/li>\n    <\/ul>\n  <\/article>\n\n  <article>\n    <h3>Pobyt 7-dniowy (21\u201327 grudnia, 6 nocleg\u00f3w)<\/h3>\n    <ul>\n      <li>Osoba doros\u0142a: <strong>2150 z\u0142<\/strong><\/li>\n      <li>Dziecko (3\u201310 lat): <strong>2000 z\u0142<\/strong><\/li>\n      <li>Dzieci do 3 lat: <strong>bezp\u0142atnie<\/strong> (w pokojach 3-, 4-, 5-, 6-osobowych)<\/li>\n    <\/ul>\n  <\/article>\n\n  <p><strong>Zwierz\u0119ta do 10 kg:<\/strong> 300 z\u0142 za ca\u0142y pobyt<\/p>\n\n  <h3>Cena zawiera<\/h3>\n  <ul>\n    <li>Accommodation in comfortable rooms<\/li>\n    <li>Breakfast in the form of a buffet<\/li>\n    <li>Dinners with desserts<\/li>\n    <li>Ca\u0142odzienny bufet \u2013 kawa i herbata<\/li>\n  <\/ul>\n\n  <h3>\u015awi\u0105teczne atrakcje<\/h3>\n  <ul>\n    <li><strong>24 grudnia 2025<\/strong> \u2013 Festive Christmas Eve with a highlander band<\/li>\n    <li><strong>25 grudnia 2025<\/strong> \u2013 Gala dinner with a highlander band and cold records<\/li>\n    <li><strong>26 grudnia 2025<\/strong> \u2013 Kulig (godzinna przeja\u017cd\u017cka), a nast\u0119pnie godzinna impreza w sza\u0142asie z oscypkiem, kie\u0142bas\u0105, herbat\u0105 g\u00f3ralsk\u0105 i grza\u0144cem<\/li>\n  <\/ul>\n<\/section>\n\t\t\t\t\t\t\t\t<\/div>\n\t\t\t\t<\/div>\n\t\t\t\t\t<\/div>\n\t\t\t\t<\/div>\n\t\t\t\t<\/div>","protected":false},"excerpt":{"rendered":"<p>\u015awi\u0119ta Bo\u017cego Narodzenia Pobyt \u015awi\u0105teczny w Tatrach \u2013 Bo\u017ce Narodzenie 2025 Sp\u0119d\u017a \u015awi\u0119ta Bo\u017cego Narodzenia w magicznej atmosferze Tatr, z tradycyjn\u0105 kuchni\u0105, g\u00f3ralsk\u0105 muzyk\u0105 i zimowymi atrakcjami. Pobyt 5-dniowy (23\u201327 grudnia, 4 noclegi) Osoba doros\u0142a: 1600 z\u0142 Dziecko (3\u201310 lat): 1450 z\u0142 Dzieci do 3 lat: bezp\u0142atnie (w pokojach 3-, 4-, 5-, 6-osobowych) Pobyt 6-dniowy [&hellip;]<\/p>","protected":false},"author":1,"featured_media":0,"parent":0,"menu_order":0,"comment_status":"closed","ping_status":"closed","template":"","meta":{"footnotes":""},"class_list":["post-739","page","type-page","status-publish","hentry"],"yoast_head":"<!-- This site is optimized with the Yoast SEO Premium plugin v24.0 (Yoast SEO v24.0) - https:\/\/yoast.com\/wordpress\/plugins\/seo\/ -->\n<title>\u015aWI\u0118TA\u00a0BO\u017bEGO NARODZENIA - ujozefa.pl<\/title>\n<meta name=\"robots\" content=\"index, follow, max-snippet:-1, max-image-preview:large, max-video-preview:-1\" \/>\n<link rel=\"canonical\" href=\"https:\/\/ujozefa.pl\/en\/swieta-bozego-narodzenia\/\" \/>\n<meta property=\"og:locale\" content=\"en_US\" \/>\n<meta property=\"og:type\" content=\"article\" \/>\n<meta property=\"og:title\" content=\"\u015aWI\u0118TA\u00a0BO\u017bEGO NARODZENIA\" \/>\n<meta property=\"og:description\" content=\"\u015awi\u0119ta Bo\u017cego Narodzenia Pobyt \u015awi\u0105teczny w Tatrach \u2013 Bo\u017ce Narodzenie 2025 Sp\u0119d\u017a \u015awi\u0119ta Bo\u017cego Narodzenia w magicznej atmosferze Tatr, z tradycyjn\u0105 kuchni\u0105, g\u00f3ralsk\u0105 muzyk\u0105 i zimowymi atrakcjami. Pobyt 5-dniowy (23\u201327 grudnia, 4 noclegi) Osoba doros\u0142a: 1600 z\u0142 Dziecko (3\u201310 lat): 1450 z\u0142 Dzieci do 3 lat: bezp\u0142atnie (w pokojach 3-, 4-, 5-, 6-osobowych) Pobyt 6-dniowy [&hellip;]\" \/>\n<meta property=\"og:url\" content=\"https:\/\/ujozefa.pl\/en\/swieta-bozego-narodzenia\/\" \/>\n<meta property=\"og:site_name\" content=\"ujozefa.pl\" \/>\n<meta property=\"article:modified_time\" content=\"2025-09-17T18:23:25+00:00\" \/>\n<meta property=\"og:image\" content=\"https:\/\/ujozefa.pl\/wp-content\/uploads\/2024\/11\/HtX1eQMpJ5gj69i0.jpg\" \/>\n\t<meta property=\"og:image:width\" content=\"1920\" \/>\n\t<meta property=\"og:image:height\" content=\"870\" \/>\n\t<meta property=\"og:image:type\" content=\"image\/jpeg\" \/>\n<meta name=\"twitter:card\" content=\"summary_large_image\" \/>\n<meta name=\"twitter:label1\" content=\"Est. reading time\" \/>\n\t<meta name=\"twitter:data1\" content=\"2 minutes\" \/>\n<script type=\"application\/ld+json\" class=\"yoast-schema-graph\">{\"@context\":\"https:\/\/schema.org\",\"@graph\":[{\"@type\":\"WebPage\",\"@id\":\"https:\/\/ujozefa.pl\/swieta-bozego-narodzenia\/\",\"url\":\"https:\/\/ujozefa.pl\/swieta-bozego-narodzenia\/\",\"name\":\"\u015aWI\u0118TA\u00a0BO\u017bEGO NARODZENIA - ujozefa.pl\",\"isPartOf\":{\"@id\":\"https:\/\/ujozefa.pl\/#website\"},\"primaryImageOfPage\":{\"@id\":\"https:\/\/ujozefa.pl\/swieta-bozego-narodzenia\/#primaryimage\"},\"image\":{\"@id\":\"https:\/\/ujozefa.pl\/swieta-bozego-narodzenia\/#primaryimage\"},\"thumbnailUrl\":\"https:\/\/ujozefa.pl\/wp-content\/uploads\/2024\/11\/HtX1eQMpJ5gj69i0.jpg\",\"datePublished\":\"2024-11-12T13:56:04+00:00\",\"dateModified\":\"2025-09-17T18:23:25+00:00\",\"breadcrumb\":{\"@id\":\"https:\/\/ujozefa.pl\/swieta-bozego-narodzenia\/#breadcrumb\"},\"inLanguage\":\"en-US\",\"potentialAction\":[{\"@type\":\"ReadAction\",\"target\":[\"https:\/\/ujozefa.pl\/swieta-bozego-narodzenia\/\"]}]},{\"@type\":\"ImageObject\",\"inLanguage\":\"en-US\",\"@id\":\"https:\/\/ujozefa.pl\/swieta-bozego-narodzenia\/#primaryimage\",\"url\":\"https:\/\/ujozefa.pl\/wp-content\/uploads\/2024\/11\/HtX1eQMpJ5gj69i0.jpg\",\"contentUrl\":\"https:\/\/ujozefa.pl\/wp-content\/uploads\/2024\/11\/HtX1eQMpJ5gj69i0.jpg\"},{\"@type\":\"BreadcrumbList\",\"@id\":\"https:\/\/ujozefa.pl\/swieta-bozego-narodzenia\/#breadcrumb\",\"itemListElement\":[{\"@type\":\"ListItem\",\"position\":1,\"name\":\"Home\",\"item\":\"https:\/\/ujozefa.pl\/\"},{\"@type\":\"ListItem\",\"position\":2,\"name\":\"\u015aWI\u0118TA\u00a0BO\u017bEGO NARODZENIA\"}]},{\"@type\":\"WebSite\",\"@id\":\"https:\/\/ujozefa.pl\/#website\",\"url\":\"https:\/\/ujozefa.pl\/\",\"name\":\"ujozefa.pl\",\"description\":\"\",\"potentialAction\":[{\"@type\":\"SearchAction\",\"target\":{\"@type\":\"EntryPoint\",\"urlTemplate\":\"https:\/\/ujozefa.pl\/?s={search_term_string}\"},\"query-input\":{\"@type\":\"PropertyValueSpecification\",\"valueRequired\":true,\"valueName\":\"search_term_string\"}}],\"inLanguage\":\"en-US\"}]}<\/script>\n<!-- \/ Yoast SEO Premium plugin. -->","yoast_head_json":{"title":"\u015aWI\u0118TA\u00a0BO\u017bEGO NARODZENIA - ujozefa.pl","robots":{"index":"index","follow":"follow","max-snippet":"max-snippet:-1","max-image-preview":"max-image-preview:large","max-video-preview":"max-video-preview:-1"},"canonical":"https:\/\/ujozefa.pl\/en\/swieta-bozego-narodzenia\/","og_locale":"en_US","og_type":"article","og_title":"\u015aWI\u0118TA\u00a0BO\u017bEGO NARODZENIA","og_description":"\u015awi\u0119ta Bo\u017cego Narodzenia Pobyt \u015awi\u0105teczny w Tatrach \u2013 Bo\u017ce Narodzenie 2025 Sp\u0119d\u017a \u015awi\u0119ta Bo\u017cego Narodzenia w magicznej atmosferze Tatr, z tradycyjn\u0105 kuchni\u0105, g\u00f3ralsk\u0105 muzyk\u0105 i zimowymi atrakcjami. Pobyt 5-dniowy (23\u201327 grudnia, 4 noclegi) Osoba doros\u0142a: 1600 z\u0142 Dziecko (3\u201310 lat): 1450 z\u0142 Dzieci do 3 lat: bezp\u0142atnie (w pokojach 3-, 4-, 5-, 6-osobowych) Pobyt 6-dniowy [&hellip;]","og_url":"https:\/\/ujozefa.pl\/en\/swieta-bozego-narodzenia\/","og_site_name":"ujozefa.pl","article_modified_time":"2025-09-17T18:23:25+00:00","og_image":[{"width":1920,"height":870,"url":"https:\/\/ujozefa.pl\/wp-content\/uploads\/2024\/11\/HtX1eQMpJ5gj69i0.jpg","type":"image\/jpeg"}],"twitter_card":"summary_large_image","twitter_misc":{"Est. reading time":"2 minutes"},"schema":{"@context":"https:\/\/schema.org","@graph":[{"@type":"WebPage","@id":"https:\/\/ujozefa.pl\/swieta-bozego-narodzenia\/","url":"https:\/\/ujozefa.pl\/swieta-bozego-narodzenia\/","name":"\u015aWI\u0118TA\u00a0BO\u017bEGO NARODZENIA - ujozefa.pl","isPartOf":{"@id":"https:\/\/ujozefa.pl\/#website"},"primaryImageOfPage":{"@id":"https:\/\/ujozefa.pl\/swieta-bozego-narodzenia\/#primaryimage"},"image":{"@id":"https:\/\/ujozefa.pl\/swieta-bozego-narodzenia\/#primaryimage"},"thumbnailUrl":"https:\/\/ujozefa.pl\/wp-content\/uploads\/2024\/11\/HtX1eQMpJ5gj69i0.jpg","datePublished":"2024-11-12T13:56:04+00:00","dateModified":"2025-09-17T18:23:25+00:00","breadcrumb":{"@id":"https:\/\/ujozefa.pl\/swieta-bozego-narodzenia\/#breadcrumb"},"inLanguage":"en-US","potentialAction":[{"@type":"ReadAction","target":["https:\/\/ujozefa.pl\/swieta-bozego-narodzenia\/"]}]},{"@type":"ImageObject","inLanguage":"en-US","@id":"https:\/\/ujozefa.pl\/swieta-bozego-narodzenia\/#primaryimage","url":"https:\/\/ujozefa.pl\/wp-content\/uploads\/2024\/11\/HtX1eQMpJ5gj69i0.jpg","contentUrl":"https:\/\/ujozefa.pl\/wp-content\/uploads\/2024\/11\/HtX1eQMpJ5gj69i0.jpg"},{"@type":"BreadcrumbList","@id":"https:\/\/ujozefa.pl\/swieta-bozego-narodzenia\/#breadcrumb","itemListElement":[{"@type":"ListItem","position":1,"name":"Home","item":"https:\/\/ujozefa.pl\/"},{"@type":"ListItem","position":2,"name":"\u015aWI\u0118TA\u00a0BO\u017bEGO NARODZENIA"}]},{"@type":"WebSite","@id":"https:\/\/ujozefa.pl\/#website","url":"https:\/\/ujozefa.pl\/","name":"ujozefa.pl","description":"","potentialAction":[{"@type":"SearchAction","target":{"@type":"EntryPoint","urlTemplate":"https:\/\/ujozefa.pl\/?s={search_term_string}"},"query-input":{"@type":"PropertyValueSpecification","valueRequired":true,"valueName":"search_term_string"}}],"inLanguage":"en-US"}]}},"_links":{"self":[{"href":"https:\/\/ujozefa.pl\/en\/wp-json\/wp\/v2\/pages\/739","targetHints":{"allow":["GET"]}}],"collection":[{"href":"https:\/\/ujozefa.pl\/en\/wp-json\/wp\/v2\/pages"}],"about":[{"href":"https:\/\/ujozefa.pl\/en\/wp-json\/wp\/v2\/types\/page"}],"author":[{"embeddable":true,"href":"https:\/\/ujozefa.pl\/en\/wp-json\/wp\/v2\/users\/1"}],"replies":[{"embeddable":true,"href":"https:\/\/ujozefa.pl\/en\/wp-json\/wp\/v2\/comments?post=739"}],"version-history":[{"count":10,"href":"https:\/\/ujozefa.pl\/en\/wp-json\/wp\/v2\/pages\/739\/revisions"}],"predecessor-version":[{"id":1038,"href":"https:\/\/ujozefa.pl\/en\/wp-json\/wp\/v2\/pages\/739\/revisions\/1038"}],"wp:attachment":[{"href":"https:\/\/ujozefa.pl\/en\/wp-json\/wp\/v2\/media?parent=739"}],"curies":[{"name":"wp","href":"https:\/\/api.w.org\/{rel}","templated":true}]}}