{"id":733,"date":"2024-11-12T13:50:20","date_gmt":"2024-11-12T13:50:20","guid":{"rendered":"https:\/\/ujozefa.pl\/?page_id=733"},"modified":"2024-11-12T16:13:59","modified_gmt":"2024-11-12T16:13:59","slug":"weekend-majowy","status":"publish","type":"page","link":"https:\/\/ujozefa.pl\/en\/weekend-majowy\/","title":{"rendered":"May Weekend"},"content":{"rendered":"<div data-elementor-type=\"wp-page\" data-elementor-id=\"733\" class=\"elementor elementor-733\" data-elementor-post-type=\"page\">\n\t\t\t\t<div class=\"elementor-element elementor-element-6fad045 e-flex e-con-boxed e-con e-parent\" data-id=\"6fad045\" data-element_type=\"container\">\n\t\t\t\t\t<div class=\"e-con-inner\">\n\t\t\t\t<div class=\"elementor-element elementor-element-e3e0646 elementor-widget-mobile__width-initial elementor-widget elementor-widget-heading\" data-id=\"e3e0646\" data-element_type=\"widget\" data-widget_type=\"heading.default\">\n\t\t\t\t<div class=\"elementor-widget-container\">\n\t\t\t\t\t<h2 class=\"elementor-heading-title elementor-size-default\">MAY <span style=\"color: #000\">WEEKEND<\/span><\/h2>\t\t\t\t<\/div>\n\t\t\t\t<\/div>\n\t\t\t\t<div class=\"elementor-element elementor-element-3e49107 elementor-widget elementor-widget-image\" data-id=\"3e49107\" data-element_type=\"widget\" data-widget_type=\"image.default\">\n\t\t\t\t<div class=\"elementor-widget-container\">\n\t\t\t\t\t\t\t\t\t\t\t\t\t\t\t<img fetchpriority=\"high\" decoding=\"async\" width=\"941\" height=\"624\" src=\"https:\/\/ujozefa.pl\/wp-content\/uploads\/2024\/11\/Adam-Brzoza-3.jpg\" class=\"attachment-full size-full wp-image-734\" alt=\"\" srcset=\"https:\/\/ujozefa.pl\/wp-content\/uploads\/2024\/11\/Adam-Brzoza-3.jpg 941w, https:\/\/ujozefa.pl\/wp-content\/uploads\/2024\/11\/Adam-Brzoza-3-300x199.jpg 300w, https:\/\/ujozefa.pl\/wp-content\/uploads\/2024\/11\/Adam-Brzoza-3-768x509.jpg 768w\" sizes=\"(max-width: 941px) 100vw, 941px\" \/>\t\t\t\t\t\t\t\t\t\t\t\t\t\t\t<\/div>\n\t\t\t\t<\/div>\n\t\t\t\t<div class=\"elementor-element elementor-element-38a3d08 elementor-widget elementor-widget-text-editor\" data-id=\"38a3d08\" data-element_type=\"widget\" data-widget_type=\"text-editor.default\">\n\t\t\t\t<div class=\"elementor-widget-container\">\n\t\t\t\t\t\t\t\t\t<p>We invite you to spend the long May weekend in the heart of the Tatra Mountains! We offer comfortable accommodation with full board in the form of a buffet and proximity to numerous attractions of Zakopane.<\/p><h3>Stay with meals offer<\/h3><p><strong>Date of stay<\/strong>: from April 28 to May 3 \u2013 3- or 4-day stay, to choose from.<\/p><h4>Price list \u2013 Stay of 3 nights with meals<\/h4><ul><li><strong>Double room<\/strong>: PLN 900 per room<\/li><li><strong>Triple room<\/strong>: PLN 1,350 per room<\/li><li><strong>4-person room<\/strong>: PLN 1,700 per room<\/li><li><strong>5-person room<\/strong>: PLN 1,950 per room<\/li><\/ul><div>\u00a0<\/div><h4>Price List \u2013 Stay of 4 Nights with Meals<\/h4><ul><li><strong>Double room<\/strong>: PLN 1,050 per room<\/li><li><strong>Triple room<\/strong>: PLN 1,560 per room<\/li><li><strong>4-person room<\/strong>: PLN 2,080 per room<\/li><li><strong>5-person room<\/strong>: PLN 2,300 per room<\/li><\/ul><blockquote><p><em>The prices given are for the entire room and include stay and meals.<\/em><\/p><\/blockquote><h3>Included in the Price of the Stay<\/h3><ul><li><strong>Accommodation<\/strong> in comfortable rooms with bathroom (shower, towels, towel heater, TV, coffee table and chairs)<\/li><li><strong>Breakfasts<\/strong> in the form of a buffet (served from 8:00 to 10:00)<\/li><li><strong>Dinners<\/strong> in the form of a buffet (served from 16:00 to 18:00)<\/li><\/ul><div>\u00a0<\/div><h3>Location and Distances<\/h3><ul><li><strong>Gas station and McDonald's<\/strong> \u2013 1 km<\/li><li><strong>General store<\/strong> \u2013 50 m<\/li><li><strong>Pharmacy<\/strong> \u2013 1 km<\/li><li><strong>Bus stop<\/strong> \u2013 20 m<\/li><li><strong>Harenda ski lift<\/strong> \u2013 1 km<\/li><li><strong>Thermal Pools \/ Aquapark Termy Bukovina<\/strong> \u2013 11 km<\/li><li><strong>Zakopane, Krup\u00f3wki<\/strong> \u2013 5 km<\/li><li><strong>Zakopane bus\/train station<\/strong> \u2013 4 km<\/li><li><strong>Morskie Oko \/ Palenica Bia\u0142cza\u0144ska<\/strong> \u2013 21 km<\/li><\/ul><div>\u00a0<\/div><p><strong>Treat yourself to a relaxing May Weekend full of mountain views and regional flavors at the \"U J\u00f3zefa\" Holiday Home!<\/strong><\/p>\t\t\t\t\t\t\t\t<\/div>\n\t\t\t\t<\/div>\n\t\t\t\t\t<\/div>\n\t\t\t\t<\/div>\n\t\t\t\t<\/div>","protected":false},"excerpt":{"rendered":"<p>Weekend Majowy Zapraszamy do sp\u0119dzenia d\u0142ugiego weekendu majowego w sercu Tatr! Oferujemy komfortowe noclegi z pe\u0142nym wy\u017cywieniem w formie bufetu oraz blisko\u015b\u0107 licznych atrakcji Zakopanego. Oferta Pobytu z Wy\u017cywieniem Termin pobytu: od 28 kwietnia do 3 maja \u2013 pobyt 3- lub 4-dniowy, do wyboru. Cennik \u2013 Pobyt 3 noce z wy\u017cywieniem Pok\u00f3j 2-osobowy: 900 z\u0142 [&hellip;]<\/p>","protected":false},"author":1,"featured_media":0,"parent":0,"menu_order":0,"comment_status":"closed","ping_status":"closed","template":"","meta":{"footnotes":""},"class_list":["post-733","page","type-page","status-publish","hentry"],"yoast_head":"<!-- This site is optimized with the Yoast SEO Premium plugin v24.0 (Yoast SEO v24.0) - https:\/\/yoast.com\/wordpress\/plugins\/seo\/ -->\n<title>Weekend Majowy - ujozefa.pl<\/title>\n<meta name=\"robots\" content=\"index, follow, max-snippet:-1, max-image-preview:large, max-video-preview:-1\" \/>\n<link rel=\"canonical\" href=\"https:\/\/ujozefa.pl\/en\/weekend-majowy\/\" \/>\n<meta property=\"og:locale\" content=\"en_US\" \/>\n<meta property=\"og:type\" content=\"article\" \/>\n<meta property=\"og:title\" content=\"Weekend Majowy\" \/>\n<meta property=\"og:description\" content=\"Weekend Majowy Zapraszamy do sp\u0119dzenia d\u0142ugiego weekendu majowego w sercu Tatr! Oferujemy komfortowe noclegi z pe\u0142nym wy\u017cywieniem w formie bufetu oraz blisko\u015b\u0107 licznych atrakcji Zakopanego. Oferta Pobytu z Wy\u017cywieniem Termin pobytu: od 28 kwietnia do 3 maja \u2013 pobyt 3- lub 4-dniowy, do wyboru. Cennik \u2013 Pobyt 3 noce z wy\u017cywieniem Pok\u00f3j 2-osobowy: 900 z\u0142 [&hellip;]\" \/>\n<meta property=\"og:url\" content=\"https:\/\/ujozefa.pl\/en\/weekend-majowy\/\" \/>\n<meta property=\"og:site_name\" content=\"ujozefa.pl\" \/>\n<meta property=\"article:modified_time\" content=\"2024-11-12T16:13:59+00:00\" \/>\n<meta property=\"og:image\" content=\"https:\/\/ujozefa.pl\/wp-content\/uploads\/2024\/11\/Adam-Brzoza-3.jpg\" \/>\n\t<meta property=\"og:image:width\" content=\"941\" \/>\n\t<meta property=\"og:image:height\" content=\"624\" \/>\n\t<meta property=\"og:image:type\" content=\"image\/jpeg\" \/>\n<meta name=\"twitter:card\" content=\"summary_large_image\" \/>\n<meta name=\"twitter:label1\" content=\"Est. reading time\" \/>\n\t<meta name=\"twitter:data1\" content=\"1 minute\" \/>\n<script type=\"application\/ld+json\" class=\"yoast-schema-graph\">{\"@context\":\"https:\/\/schema.org\",\"@graph\":[{\"@type\":\"WebPage\",\"@id\":\"https:\/\/ujozefa.pl\/weekend-majowy\/\",\"url\":\"https:\/\/ujozefa.pl\/weekend-majowy\/\",\"name\":\"Weekend Majowy - ujozefa.pl\",\"isPartOf\":{\"@id\":\"https:\/\/ujozefa.pl\/#website\"},\"primaryImageOfPage\":{\"@id\":\"https:\/\/ujozefa.pl\/weekend-majowy\/#primaryimage\"},\"image\":{\"@id\":\"https:\/\/ujozefa.pl\/weekend-majowy\/#primaryimage\"},\"thumbnailUrl\":\"https:\/\/ujozefa.pl\/wp-content\/uploads\/2024\/11\/Adam-Brzoza-3.jpg\",\"datePublished\":\"2024-11-12T13:50:20+00:00\",\"dateModified\":\"2024-11-12T16:13:59+00:00\",\"breadcrumb\":{\"@id\":\"https:\/\/ujozefa.pl\/weekend-majowy\/#breadcrumb\"},\"inLanguage\":\"en-US\",\"potentialAction\":[{\"@type\":\"ReadAction\",\"target\":[\"https:\/\/ujozefa.pl\/weekend-majowy\/\"]}]},{\"@type\":\"ImageObject\",\"inLanguage\":\"en-US\",\"@id\":\"https:\/\/ujozefa.pl\/weekend-majowy\/#primaryimage\",\"url\":\"https:\/\/ujozefa.pl\/wp-content\/uploads\/2024\/11\/Adam-Brzoza-3.jpg\",\"contentUrl\":\"https:\/\/ujozefa.pl\/wp-content\/uploads\/2024\/11\/Adam-Brzoza-3.jpg\"},{\"@type\":\"BreadcrumbList\",\"@id\":\"https:\/\/ujozefa.pl\/weekend-majowy\/#breadcrumb\",\"itemListElement\":[{\"@type\":\"ListItem\",\"position\":1,\"name\":\"Home\",\"item\":\"https:\/\/ujozefa.pl\/\"},{\"@type\":\"ListItem\",\"position\":2,\"name\":\"Weekend Majowy\"}]},{\"@type\":\"WebSite\",\"@id\":\"https:\/\/ujozefa.pl\/#website\",\"url\":\"https:\/\/ujozefa.pl\/\",\"name\":\"ujozefa.pl\",\"description\":\"\",\"potentialAction\":[{\"@type\":\"SearchAction\",\"target\":{\"@type\":\"EntryPoint\",\"urlTemplate\":\"https:\/\/ujozefa.pl\/?s={search_term_string}\"},\"query-input\":{\"@type\":\"PropertyValueSpecification\",\"valueRequired\":true,\"valueName\":\"search_term_string\"}}],\"inLanguage\":\"en-US\"}]}<\/script>\n<!-- \/ Yoast SEO Premium plugin. -->","yoast_head_json":{"title":"Weekend Majowy - ujozefa.pl","robots":{"index":"index","follow":"follow","max-snippet":"max-snippet:-1","max-image-preview":"max-image-preview:large","max-video-preview":"max-video-preview:-1"},"canonical":"https:\/\/ujozefa.pl\/en\/weekend-majowy\/","og_locale":"en_US","og_type":"article","og_title":"Weekend Majowy","og_description":"Weekend Majowy Zapraszamy do sp\u0119dzenia d\u0142ugiego weekendu majowego w sercu Tatr! Oferujemy komfortowe noclegi z pe\u0142nym wy\u017cywieniem w formie bufetu oraz blisko\u015b\u0107 licznych atrakcji Zakopanego. Oferta Pobytu z Wy\u017cywieniem Termin pobytu: od 28 kwietnia do 3 maja \u2013 pobyt 3- lub 4-dniowy, do wyboru. Cennik \u2013 Pobyt 3 noce z wy\u017cywieniem Pok\u00f3j 2-osobowy: 900 z\u0142 [&hellip;]","og_url":"https:\/\/ujozefa.pl\/en\/weekend-majowy\/","og_site_name":"ujozefa.pl","article_modified_time":"2024-11-12T16:13:59+00:00","og_image":[{"width":941,"height":624,"url":"https:\/\/ujozefa.pl\/wp-content\/uploads\/2024\/11\/Adam-Brzoza-3.jpg","type":"image\/jpeg"}],"twitter_card":"summary_large_image","twitter_misc":{"Est. reading time":"1 minute"},"schema":{"@context":"https:\/\/schema.org","@graph":[{"@type":"WebPage","@id":"https:\/\/ujozefa.pl\/weekend-majowy\/","url":"https:\/\/ujozefa.pl\/weekend-majowy\/","name":"Weekend Majowy - ujozefa.pl","isPartOf":{"@id":"https:\/\/ujozefa.pl\/#website"},"primaryImageOfPage":{"@id":"https:\/\/ujozefa.pl\/weekend-majowy\/#primaryimage"},"image":{"@id":"https:\/\/ujozefa.pl\/weekend-majowy\/#primaryimage"},"thumbnailUrl":"https:\/\/ujozefa.pl\/wp-content\/uploads\/2024\/11\/Adam-Brzoza-3.jpg","datePublished":"2024-11-12T13:50:20+00:00","dateModified":"2024-11-12T16:13:59+00:00","breadcrumb":{"@id":"https:\/\/ujozefa.pl\/weekend-majowy\/#breadcrumb"},"inLanguage":"en-US","potentialAction":[{"@type":"ReadAction","target":["https:\/\/ujozefa.pl\/weekend-majowy\/"]}]},{"@type":"ImageObject","inLanguage":"en-US","@id":"https:\/\/ujozefa.pl\/weekend-majowy\/#primaryimage","url":"https:\/\/ujozefa.pl\/wp-content\/uploads\/2024\/11\/Adam-Brzoza-3.jpg","contentUrl":"https:\/\/ujozefa.pl\/wp-content\/uploads\/2024\/11\/Adam-Brzoza-3.jpg"},{"@type":"BreadcrumbList","@id":"https:\/\/ujozefa.pl\/weekend-majowy\/#breadcrumb","itemListElement":[{"@type":"ListItem","position":1,"name":"Home","item":"https:\/\/ujozefa.pl\/"},{"@type":"ListItem","position":2,"name":"Weekend Majowy"}]},{"@type":"WebSite","@id":"https:\/\/ujozefa.pl\/#website","url":"https:\/\/ujozefa.pl\/","name":"ujozefa.pl","description":"","potentialAction":[{"@type":"SearchAction","target":{"@type":"EntryPoint","urlTemplate":"https:\/\/ujozefa.pl\/?s={search_term_string}"},"query-input":{"@type":"PropertyValueSpecification","valueRequired":true,"valueName":"search_term_string"}}],"inLanguage":"en-US"}]}},"_links":{"self":[{"href":"https:\/\/ujozefa.pl\/en\/wp-json\/wp\/v2\/pages\/733","targetHints":{"allow":["GET"]}}],"collection":[{"href":"https:\/\/ujozefa.pl\/en\/wp-json\/wp\/v2\/pages"}],"about":[{"href":"https:\/\/ujozefa.pl\/en\/wp-json\/wp\/v2\/types\/page"}],"author":[{"embeddable":true,"href":"https:\/\/ujozefa.pl\/en\/wp-json\/wp\/v2\/users\/1"}],"replies":[{"embeddable":true,"href":"https:\/\/ujozefa.pl\/en\/wp-json\/wp\/v2\/comments?post=733"}],"version-history":[{"count":7,"href":"https:\/\/ujozefa.pl\/en\/wp-json\/wp\/v2\/pages\/733\/revisions"}],"predecessor-version":[{"id":798,"href":"https:\/\/ujozefa.pl\/en\/wp-json\/wp\/v2\/pages\/733\/revisions\/798"}],"wp:attachment":[{"href":"https:\/\/ujozefa.pl\/en\/wp-json\/wp\/v2\/media?parent=733"}],"curies":[{"name":"wp","href":"https:\/\/api.w.org\/{rel}","templated":true}]}}