{"id":722,"date":"2024-11-12T13:33:24","date_gmt":"2024-11-12T13:33:24","guid":{"rendered":"https:\/\/ujozefa.pl\/?page_id=722"},"modified":"2025-03-05T19:46:50","modified_gmt":"2025-03-05T19:46:50","slug":"swieta-wielkanocne","status":"publish","type":"page","link":"https:\/\/ujozefa.pl\/en\/swieta-wielkanocne\/","title":{"rendered":"Easter Holidays"},"content":{"rendered":"<div data-elementor-type=\"wp-page\" data-elementor-id=\"722\" class=\"elementor elementor-722\" data-elementor-post-type=\"page\">\n\t\t\t\t<div class=\"elementor-element elementor-element-6fad045 e-flex e-con-boxed e-con e-parent\" data-id=\"6fad045\" data-element_type=\"container\">\n\t\t\t\t\t<div class=\"e-con-inner\">\n\t\t\t\t<div class=\"elementor-element elementor-element-e3e0646 elementor-widget-mobile__width-initial elementor-widget elementor-widget-heading\" data-id=\"e3e0646\" data-element_type=\"widget\" data-widget_type=\"heading.default\">\n\t\t\t\t<div class=\"elementor-widget-container\">\n\t\t\t\t\t<h2 class=\"elementor-heading-title elementor-size-default\">\u015awi\u0119ta <span style=\"color: #000\">Easter Holidays <\/span><\/h2>\t\t\t\t<\/div>\n\t\t\t\t<\/div>\n\t\t\t\t<div class=\"elementor-element elementor-element-3e49107 elementor-widget elementor-widget-image\" data-id=\"3e49107\" data-element_type=\"widget\" data-widget_type=\"image.default\">\n\t\t\t\t<div class=\"elementor-widget-container\">\n\t\t\t\t\t\t\t\t\t\t\t\t\t\t\t<img fetchpriority=\"high\" decoding=\"async\" width=\"781\" height=\"521\" src=\"https:\/\/ujozefa.pl\/wp-content\/uploads\/2024\/11\/easter-eggs-8602464_1920-e1711638814269.png\" class=\"attachment-full size-full wp-image-723\" alt=\"\" srcset=\"https:\/\/ujozefa.pl\/wp-content\/uploads\/2024\/11\/easter-eggs-8602464_1920-e1711638814269.png 781w, https:\/\/ujozefa.pl\/wp-content\/uploads\/2024\/11\/easter-eggs-8602464_1920-e1711638814269-300x200.png 300w, https:\/\/ujozefa.pl\/wp-content\/uploads\/2024\/11\/easter-eggs-8602464_1920-e1711638814269-768x512.png 768w\" sizes=\"(max-width: 781px) 100vw, 781px\" \/>\t\t\t\t\t\t\t\t\t\t\t\t\t\t\t<\/div>\n\t\t\t\t<\/div>\n\t\t\t\t<div class=\"elementor-element elementor-element-38a3d08 elementor-widget elementor-widget-text-editor\" data-id=\"38a3d08\" data-element_type=\"widget\" data-widget_type=\"text-editor.default\">\n\t\t\t\t<div class=\"elementor-widget-container\">\n\t\t\t\t\t\t\t\t\t<p data-pm-slice=\"1 1 []\"><strong>Easter in our guesthouse<\/strong><\/p><p>We cordially invite you to spend Easter in our guesthouse! We have prepared a unique stay package for you, full of traditional Christmas flavors and highland attractions.<\/p><h3><strong>Easter package<\/strong><\/h3><p><strong>Prices quoted are for the entire room, not per person.<\/strong><\/p><p><strong>Wielki Czwartek \u2013 Poniedzia\u0142ek Wielkanocny lub Wielki Pi\u0105tek &#8211; Wtorek (4 noclegi)<\/strong><\/p><ul data-spread=\"false\"><li><p>Double room \u2013 <strong>PLN 1,600<\/strong><\/p><\/li><li><p>3-person room \u2013 <strong>PLN 2,400<\/strong><\/p><\/li><li><p>4-person room \u2013 <strong>PLN 2,800<\/strong><\/p><\/li><li><p>5-person room \u2013 <strong>PLN 3,400<\/strong><\/p><\/li><li><p>6-person room \u2013 <strong>PLN 4,000<\/strong><\/p><\/li><\/ul><p><strong>Good Friday \u2013 Easter Monday (3 nights)<\/strong><\/p><ul data-spread=\"false\"><li><p>Double room \u2013 <strong>PLN 1,200<\/strong><\/p><\/li><li><p>3-person room \u2013 <strong>PLN 1,800<\/strong><\/p><\/li><li><p>4-person room \u2013 <strong>PLN 2,400<\/strong><\/p><\/li><li><p>5-person room \u2013 <strong>PLN 2,800<\/strong><\/p><\/li><li><p>6-person room \u2013 <strong>PLN 3,350<\/strong><\/p><\/li><\/ul><h3><strong>Included in the price of your stay:<\/strong><\/h3><ul data-spread=\"false\"><li><p>Rich breakfast in the form of a buffet<\/p><\/li><li><p>Dinners<\/p><\/li><li><p>Festive Easter breakfast<\/p><\/li><li><p>Gala Easter dinner with a highlander band and a cold plate in the highlander style<\/p><\/li><li><p>A basket with Easter eggs for each room<\/p><\/li><li><p>All-day buffet with coffee and tea<\/p><\/li><li><p>Free Wi-Fi access<\/p><\/li><li><p>Parking<\/p><\/li><\/ul><h3><strong>Additional attractions<\/strong><\/h3><p>Transport in carts to the church for the blessing of food (optional, additional fee: <strong>PLN 50\/person<\/strong>)<\/p><p>May this Easter be a time full of joy, tradition and relaxation in picturesque surroundings!<\/p><p>We cordially invite you!<\/p>\t\t\t\t\t\t\t\t<\/div>\n\t\t\t\t<\/div>\n\t\t\t\t\t<\/div>\n\t\t\t\t<\/div>\n\t\t\t\t<\/div>","protected":false},"excerpt":{"rendered":"<p>\u015awi\u0119ta Wielkanocne Wielkanoc w naszym pensjonacie Serdecznie zapraszamy do sp\u0119dzenia \u015awi\u0105t Wielkiej Nocy w naszym pensjonacie! Przygotowali\u015bmy dla Pa\u0144stwa wyj\u0105tkowy pakiet pobytowy, pe\u0142en tradycyjnych \u015bwi\u0105tecznych smak\u00f3w i g\u00f3ralskich atrakcji. Pakiet wielkanocny Podane ceny dotycz\u0105 ca\u0142ego pokoju, nie osoby. Wielki Czwartek \u2013 Poniedzia\u0142ek Wielkanocny lub Wielki Pi\u0105tek &#8211; Wtorek (4 noclegi) Pok\u00f3j 2-osobowy \u2013 1600 z\u0142 [&hellip;]<\/p>","protected":false},"author":1,"featured_media":0,"parent":0,"menu_order":0,"comment_status":"closed","ping_status":"closed","template":"","meta":{"footnotes":""},"class_list":["post-722","page","type-page","status-publish","hentry"],"yoast_head":"<!-- This site is optimized with the Yoast SEO Premium plugin v24.0 (Yoast SEO v24.0) - https:\/\/yoast.com\/wordpress\/plugins\/seo\/ -->\n<title>\u015awi\u0119ta Wielkanocne - ujozefa.pl<\/title>\n<meta name=\"robots\" content=\"index, follow, max-snippet:-1, max-image-preview:large, max-video-preview:-1\" \/>\n<link rel=\"canonical\" href=\"https:\/\/ujozefa.pl\/en\/swieta-wielkanocne\/\" \/>\n<meta property=\"og:locale\" content=\"en_US\" \/>\n<meta property=\"og:type\" content=\"article\" \/>\n<meta property=\"og:title\" content=\"\u015awi\u0119ta Wielkanocne\" \/>\n<meta property=\"og:description\" content=\"\u015awi\u0119ta Wielkanocne Wielkanoc w naszym pensjonacie Serdecznie zapraszamy do sp\u0119dzenia \u015awi\u0105t Wielkiej Nocy w naszym pensjonacie! Przygotowali\u015bmy dla Pa\u0144stwa wyj\u0105tkowy pakiet pobytowy, pe\u0142en tradycyjnych \u015bwi\u0105tecznych smak\u00f3w i g\u00f3ralskich atrakcji. Pakiet wielkanocny Podane ceny dotycz\u0105 ca\u0142ego pokoju, nie osoby. Wielki Czwartek \u2013 Poniedzia\u0142ek Wielkanocny lub Wielki Pi\u0105tek &#8211; Wtorek (4 noclegi) Pok\u00f3j 2-osobowy \u2013 1600 z\u0142 [&hellip;]\" \/>\n<meta property=\"og:url\" content=\"https:\/\/ujozefa.pl\/en\/swieta-wielkanocne\/\" \/>\n<meta property=\"og:site_name\" content=\"ujozefa.pl\" \/>\n<meta property=\"article:modified_time\" content=\"2025-03-05T19:46:50+00:00\" \/>\n<meta property=\"og:image\" content=\"https:\/\/ujozefa.pl\/wp-content\/uploads\/2024\/11\/easter-eggs-8602464_1920-e1711638814269.png\" \/>\n\t<meta property=\"og:image:width\" content=\"781\" \/>\n\t<meta property=\"og:image:height\" content=\"521\" \/>\n\t<meta property=\"og:image:type\" content=\"image\/png\" \/>\n<meta name=\"twitter:card\" content=\"summary_large_image\" \/>\n<meta name=\"twitter:label1\" content=\"Est. reading time\" \/>\n\t<meta name=\"twitter:data1\" content=\"2 minutes\" \/>\n<script type=\"application\/ld+json\" class=\"yoast-schema-graph\">{\"@context\":\"https:\/\/schema.org\",\"@graph\":[{\"@type\":\"WebPage\",\"@id\":\"https:\/\/ujozefa.pl\/swieta-wielkanocne\/\",\"url\":\"https:\/\/ujozefa.pl\/swieta-wielkanocne\/\",\"name\":\"\u015awi\u0119ta Wielkanocne - ujozefa.pl\",\"isPartOf\":{\"@id\":\"https:\/\/ujozefa.pl\/#website\"},\"primaryImageOfPage\":{\"@id\":\"https:\/\/ujozefa.pl\/swieta-wielkanocne\/#primaryimage\"},\"image\":{\"@id\":\"https:\/\/ujozefa.pl\/swieta-wielkanocne\/#primaryimage\"},\"thumbnailUrl\":\"https:\/\/ujozefa.pl\/wp-content\/uploads\/2024\/11\/easter-eggs-8602464_1920-e1711638814269.png\",\"datePublished\":\"2024-11-12T13:33:24+00:00\",\"dateModified\":\"2025-03-05T19:46:50+00:00\",\"breadcrumb\":{\"@id\":\"https:\/\/ujozefa.pl\/swieta-wielkanocne\/#breadcrumb\"},\"inLanguage\":\"en-US\",\"potentialAction\":[{\"@type\":\"ReadAction\",\"target\":[\"https:\/\/ujozefa.pl\/swieta-wielkanocne\/\"]}]},{\"@type\":\"ImageObject\",\"inLanguage\":\"en-US\",\"@id\":\"https:\/\/ujozefa.pl\/swieta-wielkanocne\/#primaryimage\",\"url\":\"https:\/\/ujozefa.pl\/wp-content\/uploads\/2024\/11\/easter-eggs-8602464_1920-e1711638814269.png\",\"contentUrl\":\"https:\/\/ujozefa.pl\/wp-content\/uploads\/2024\/11\/easter-eggs-8602464_1920-e1711638814269.png\"},{\"@type\":\"BreadcrumbList\",\"@id\":\"https:\/\/ujozefa.pl\/swieta-wielkanocne\/#breadcrumb\",\"itemListElement\":[{\"@type\":\"ListItem\",\"position\":1,\"name\":\"Home\",\"item\":\"https:\/\/ujozefa.pl\/\"},{\"@type\":\"ListItem\",\"position\":2,\"name\":\"\u015awi\u0119ta Wielkanocne\"}]},{\"@type\":\"WebSite\",\"@id\":\"https:\/\/ujozefa.pl\/#website\",\"url\":\"https:\/\/ujozefa.pl\/\",\"name\":\"ujozefa.pl\",\"description\":\"\",\"potentialAction\":[{\"@type\":\"SearchAction\",\"target\":{\"@type\":\"EntryPoint\",\"urlTemplate\":\"https:\/\/ujozefa.pl\/?s={search_term_string}\"},\"query-input\":{\"@type\":\"PropertyValueSpecification\",\"valueRequired\":true,\"valueName\":\"search_term_string\"}}],\"inLanguage\":\"en-US\"}]}<\/script>\n<!-- \/ Yoast SEO Premium plugin. -->","yoast_head_json":{"title":"\u015awi\u0119ta Wielkanocne - ujozefa.pl","robots":{"index":"index","follow":"follow","max-snippet":"max-snippet:-1","max-image-preview":"max-image-preview:large","max-video-preview":"max-video-preview:-1"},"canonical":"https:\/\/ujozefa.pl\/en\/swieta-wielkanocne\/","og_locale":"en_US","og_type":"article","og_title":"\u015awi\u0119ta Wielkanocne","og_description":"\u015awi\u0119ta Wielkanocne Wielkanoc w naszym pensjonacie Serdecznie zapraszamy do sp\u0119dzenia \u015awi\u0105t Wielkiej Nocy w naszym pensjonacie! Przygotowali\u015bmy dla Pa\u0144stwa wyj\u0105tkowy pakiet pobytowy, pe\u0142en tradycyjnych \u015bwi\u0105tecznych smak\u00f3w i g\u00f3ralskich atrakcji. Pakiet wielkanocny Podane ceny dotycz\u0105 ca\u0142ego pokoju, nie osoby. Wielki Czwartek \u2013 Poniedzia\u0142ek Wielkanocny lub Wielki Pi\u0105tek &#8211; Wtorek (4 noclegi) Pok\u00f3j 2-osobowy \u2013 1600 z\u0142 [&hellip;]","og_url":"https:\/\/ujozefa.pl\/en\/swieta-wielkanocne\/","og_site_name":"ujozefa.pl","article_modified_time":"2025-03-05T19:46:50+00:00","og_image":[{"width":781,"height":521,"url":"https:\/\/ujozefa.pl\/wp-content\/uploads\/2024\/11\/easter-eggs-8602464_1920-e1711638814269.png","type":"image\/png"}],"twitter_card":"summary_large_image","twitter_misc":{"Est. reading time":"2 minutes"},"schema":{"@context":"https:\/\/schema.org","@graph":[{"@type":"WebPage","@id":"https:\/\/ujozefa.pl\/swieta-wielkanocne\/","url":"https:\/\/ujozefa.pl\/swieta-wielkanocne\/","name":"\u015awi\u0119ta Wielkanocne - ujozefa.pl","isPartOf":{"@id":"https:\/\/ujozefa.pl\/#website"},"primaryImageOfPage":{"@id":"https:\/\/ujozefa.pl\/swieta-wielkanocne\/#primaryimage"},"image":{"@id":"https:\/\/ujozefa.pl\/swieta-wielkanocne\/#primaryimage"},"thumbnailUrl":"https:\/\/ujozefa.pl\/wp-content\/uploads\/2024\/11\/easter-eggs-8602464_1920-e1711638814269.png","datePublished":"2024-11-12T13:33:24+00:00","dateModified":"2025-03-05T19:46:50+00:00","breadcrumb":{"@id":"https:\/\/ujozefa.pl\/swieta-wielkanocne\/#breadcrumb"},"inLanguage":"en-US","potentialAction":[{"@type":"ReadAction","target":["https:\/\/ujozefa.pl\/swieta-wielkanocne\/"]}]},{"@type":"ImageObject","inLanguage":"en-US","@id":"https:\/\/ujozefa.pl\/swieta-wielkanocne\/#primaryimage","url":"https:\/\/ujozefa.pl\/wp-content\/uploads\/2024\/11\/easter-eggs-8602464_1920-e1711638814269.png","contentUrl":"https:\/\/ujozefa.pl\/wp-content\/uploads\/2024\/11\/easter-eggs-8602464_1920-e1711638814269.png"},{"@type":"BreadcrumbList","@id":"https:\/\/ujozefa.pl\/swieta-wielkanocne\/#breadcrumb","itemListElement":[{"@type":"ListItem","position":1,"name":"Home","item":"https:\/\/ujozefa.pl\/"},{"@type":"ListItem","position":2,"name":"\u015awi\u0119ta Wielkanocne"}]},{"@type":"WebSite","@id":"https:\/\/ujozefa.pl\/#website","url":"https:\/\/ujozefa.pl\/","name":"ujozefa.pl","description":"","potentialAction":[{"@type":"SearchAction","target":{"@type":"EntryPoint","urlTemplate":"https:\/\/ujozefa.pl\/?s={search_term_string}"},"query-input":{"@type":"PropertyValueSpecification","valueRequired":true,"valueName":"search_term_string"}}],"inLanguage":"en-US"}]}},"_links":{"self":[{"href":"https:\/\/ujozefa.pl\/en\/wp-json\/wp\/v2\/pages\/722","targetHints":{"allow":["GET"]}}],"collection":[{"href":"https:\/\/ujozefa.pl\/en\/wp-json\/wp\/v2\/pages"}],"about":[{"href":"https:\/\/ujozefa.pl\/en\/wp-json\/wp\/v2\/types\/page"}],"author":[{"embeddable":true,"href":"https:\/\/ujozefa.pl\/en\/wp-json\/wp\/v2\/users\/1"}],"replies":[{"embeddable":true,"href":"https:\/\/ujozefa.pl\/en\/wp-json\/wp\/v2\/comments?post=722"}],"version-history":[{"count":16,"href":"https:\/\/ujozefa.pl\/en\/wp-json\/wp\/v2\/pages\/722\/revisions"}],"predecessor-version":[{"id":1013,"href":"https:\/\/ujozefa.pl\/en\/wp-json\/wp\/v2\/pages\/722\/revisions\/1013"}],"wp:attachment":[{"href":"https:\/\/ujozefa.pl\/en\/wp-json\/wp\/v2\/media?parent=722"}],"curies":[{"name":"wp","href":"https:\/\/api.w.org\/{rel}","templated":true}]}}