{"id":716,"date":"2024-11-12T13:28:23","date_gmt":"2024-11-12T13:28:23","guid":{"rendered":"https:\/\/ujozefa.pl\/?page_id=716"},"modified":"2025-09-17T18:21:02","modified_gmt":"2025-09-17T18:21:02","slug":"sylwester-w-zakopanem","status":"publish","type":"page","link":"https:\/\/ujozefa.pl\/en\/sylwester-w-zakopanem\/","title":{"rendered":"SYLWESTER W\u00a0ZAKOPANEM"},"content":{"rendered":"<div data-elementor-type=\"wp-page\" data-elementor-id=\"716\" class=\"elementor elementor-716\" data-elementor-post-type=\"page\">\n\t\t\t\t<div class=\"elementor-element elementor-element-6fad045 e-flex e-con-boxed e-con e-parent\" data-id=\"6fad045\" data-element_type=\"container\">\n\t\t\t\t\t<div class=\"e-con-inner\">\n\t\t\t\t<div class=\"elementor-element elementor-element-e3e0646 elementor-widget-mobile__width-initial elementor-widget elementor-widget-heading\" data-id=\"e3e0646\" data-element_type=\"widget\" data-widget_type=\"heading.default\">\n\t\t\t\t<div class=\"elementor-widget-container\">\n\t\t\t\t\t<h2 class=\"elementor-heading-title elementor-size-default\">New Year's Eve in  <span style=\"color: #000\">Zakopane<\/span><\/h2>\t\t\t\t<\/div>\n\t\t\t\t<\/div>\n\t\t\t\t<div class=\"elementor-element elementor-element-3e49107 elementor-widget elementor-widget-image\" data-id=\"3e49107\" data-element_type=\"widget\" data-widget_type=\"image.default\">\n\t\t\t\t<div class=\"elementor-widget-container\">\n\t\t\t\t\t\t\t\t\t\t\t\t\t\t\t<img fetchpriority=\"high\" decoding=\"async\" width=\"800\" height=\"411\" src=\"https:\/\/ujozefa.pl\/wp-content\/uploads\/2024\/11\/c913b5e9179b.jpeg\" class=\"attachment-full size-full wp-image-717\" alt=\"\" srcset=\"https:\/\/ujozefa.pl\/wp-content\/uploads\/2024\/11\/c913b5e9179b.jpeg 800w, https:\/\/ujozefa.pl\/wp-content\/uploads\/2024\/11\/c913b5e9179b-300x154.jpeg 300w, https:\/\/ujozefa.pl\/wp-content\/uploads\/2024\/11\/c913b5e9179b-768x395.jpeg 768w\" sizes=\"(max-width: 800px) 100vw, 800px\" \/>\t\t\t\t\t\t\t\t\t\t\t\t\t\t\t<\/div>\n\t\t\t\t<\/div>\n\t\t\t\t<div class=\"elementor-element elementor-element-38a3d08 elementor-widget elementor-widget-text-editor\" data-id=\"38a3d08\" data-element_type=\"widget\" data-widget_type=\"text-editor.default\">\n\t\t\t\t<div class=\"elementor-widget-container\">\n\t\t\t\t\t\t\t\t\t\n    <h1>Wystrza\u0142owy Sylwester 2025\/2026 pod Tatrami \u2013 Dom Wczasowy U J\u00f3zefa<\/h1>\n    <p>Spe\u0142nij marzenie o wyj\u0105tkowym Sylwestrze w g\u00f3rach. Gwarantujemy szampa\u0144sk\u0105 zabaw\u0119 na balu sylwestrowym z DJ-em, kulig z pochodniami i niezapomniane chwile w Zakopanem.<\/p>\n\n  <section id=\"pakiety\">\n    <h2>Pakiety Sylwestrowe 2025\/2026<\/h2>\n    \n    <article>\n      <h3>5-dobowy pakiet (28.12.2025 \u2013 02.01.2026)<\/h3>\n      <p><em>Mo\u017cliwo\u015b\u0107 zmiany terminu dla Pa\u0144stwa dyspozycji i mobilno\u015bci<\/em><\/p>\n      <ul>\n        <li>Pok\u00f3j 2-osobowy: <strong>PLN 4,000<\/strong><\/li>\n        <li>Pok\u00f3j 3-osobowy: <strong>5500 z\u0142<\/strong><\/li>\n        <li>Pok\u00f3j 4-osobowy: <strong>7000 z\u0142<\/strong><\/li>\n        <li>Pok\u00f3j 5-osobowy: <strong>8500 z\u0142<\/strong><\/li>\n        <li>Pok\u00f3j 6-osobowy: <strong>10000 z\u0142<\/strong><\/li>\n      <\/ul>\n    <\/article>\n\n    <article>\n      <h3>4-dobowy pakiet (29.12.2025 \u2013 02.01.2026)<\/h3>\n      <p><em>Mo\u017cliwo\u015b\u0107 zmiany terminu dla Pa\u0144stwa dyspozycji<\/em><\/p>\n      <ul>\n        <li>Pok\u00f3j 2-osobowy: <strong>PLN 3,400<\/strong><\/li>\n        <li>Pok\u00f3j 3-osobowy: <strong>4500 z\u0142<\/strong><\/li>\n        <li>Pok\u00f3j 4-osobowy: <strong>6000 z\u0142<\/strong><\/li>\n        <li>Pok\u00f3j 5-osobowy: <strong>7500 z\u0142<\/strong><\/li>\n        <li>Pok\u00f3j 6-osobowy: <strong>9000 z\u0142<\/strong><\/li>\n      <\/ul>\n    <\/article>\n  <\/section>\n\n  <section id=\"dzieci\">\n    <h2>Cennik dla dzieci<\/h2>\n    <ul>\n      <li>Dzieci do lat 3 \u2013 <strong>bezp\u0142atnie<\/strong><\/li>\n      <li>Cena dla dzieci obowi\u0105zuje przy minimum 2 pe\u0142nop\u0142atnych osobach w pokoju<\/li>\n      <li>W przypadku dw\u00f3jki dzieci do lat 3 \u2013 jedno dziecko bezp\u0142atnie, drugie liczone jak dzieci do 10 lat<\/li>\n    <\/ul>\n  <\/section>\n\n  <section id=\"program\">\n    <h2>Pakiet Sylwestrowy obejmuje:<\/h2>\n    <ul>\n      <li>5 nocleg\u00f3w<\/li>\n      <li>5 \u015bniada\u0144 w formie bufetu<\/li>\n      <li>4 obiadokolacje w formie bufetu<\/li>\n    <\/ul>\n\n    <h3>Attractions<\/h3>\n    <article>\n      <h4>Kulig z pochodniami \u2013 29.12.2025<\/h4>\n      <p>Godzinna przeja\u017cd\u017cka saniami po widokowych trasach. Po kuligu \u2013 biesiada z kapel\u0105.<\/p>\n      <ul>\n        <li>Kie\u0142basa z ogniska<\/li>\n        <li>Oscypek z \u017curawin\u0105<\/li>\n        <li>Bigos, chleb ze smalcem<\/li>\n        <li>Pocz\u0119stunek: \u015bliwowica, grzane wino, herbata z pr\u0105dem i herbata zwyk\u0142a<\/li>\n      <\/ul>\n    <\/article>\n\n    <article>\n      <h4>Zabawa Sylwestrowa \u2013 31.12.2025<\/h4>\n      <ul>\n        <li>Szampa\u0144ska zabawa do bia\u0142ego rana z DJ-em<\/li>\n        <li>3 gor\u0105ce posi\u0142ki<\/li>\n        <li>Bufet z zimnymi i ciep\u0142ymi przek\u0105skami<\/li>\n        <li>Napoje gor\u0105ce i zimne bez ogranicze\u0144<\/li>\n        <li>Butelka w\u00f3dki na par\u0119<\/li>\n        <li>Butelka szampana na par\u0119<\/li>\n        <li>Powitanie Nowego Roku w wyj\u0105tkowej atmosferze<\/li>\n      <\/ul>\n    <\/article>\n  <\/section>\n\n    <h2>Rezerwacje \u2013 Dom Wczasowy U J\u00f3zefa, Zakopane<\/h2>\n    <p>Nie zwlekaj \u2013 liczba miejsc ograniczona! Zarezerwuj Sylwestra 2025\/2026 ju\u017c dzi\u015b i powitaj Nowy Rok pod Tatrami.<\/p>\n\t\t\t\t\t\t\t\t<\/div>\n\t\t\t\t<\/div>\n\t\t\t\t\t<\/div>\n\t\t\t\t<\/div>\n\t\t\t\t<\/div>","protected":false},"excerpt":{"rendered":"<p>sylwester w Zakopanem Wystrza\u0142owy Sylwester 2025\/2026 pod Tatrami \u2013 Dom Wczasowy U J\u00f3zefa Spe\u0142nij marzenie o wyj\u0105tkowym Sylwestrze w g\u00f3rach. Gwarantujemy szampa\u0144sk\u0105 zabaw\u0119 na balu sylwestrowym z DJ-em, kulig z pochodniami i niezapomniane chwile w Zakopanem. Pakiety Sylwestrowe 2025\/2026 5-dobowy pakiet (28.12.2025 \u2013 02.01.2026) Mo\u017cliwo\u015b\u0107 zmiany terminu dla Pa\u0144stwa dyspozycji i mobilno\u015bci Pok\u00f3j 2-osobowy: 4000 [&hellip;]<\/p>","protected":false},"author":1,"featured_media":0,"parent":0,"menu_order":0,"comment_status":"closed","ping_status":"closed","template":"","meta":{"footnotes":""},"class_list":["post-716","page","type-page","status-publish","hentry"],"yoast_head":"<!-- This site is optimized with the Yoast SEO Premium plugin v24.0 (Yoast SEO v24.0) - https:\/\/yoast.com\/wordpress\/plugins\/seo\/ -->\n<title>SYLWESTER W\u00a0ZAKOPANEM - ujozefa.pl<\/title>\n<meta name=\"robots\" content=\"index, follow, max-snippet:-1, max-image-preview:large, max-video-preview:-1\" \/>\n<link rel=\"canonical\" href=\"https:\/\/ujozefa.pl\/en\/sylwester-w-zakopanem\/\" \/>\n<meta property=\"og:locale\" content=\"en_US\" \/>\n<meta property=\"og:type\" content=\"article\" \/>\n<meta property=\"og:title\" content=\"SYLWESTER W\u00a0ZAKOPANEM\" \/>\n<meta property=\"og:description\" content=\"sylwester w Zakopanem Wystrza\u0142owy Sylwester 2025\/2026 pod Tatrami \u2013 Dom Wczasowy U J\u00f3zefa Spe\u0142nij marzenie o wyj\u0105tkowym Sylwestrze w g\u00f3rach. Gwarantujemy szampa\u0144sk\u0105 zabaw\u0119 na balu sylwestrowym z DJ-em, kulig z pochodniami i niezapomniane chwile w Zakopanem. Pakiety Sylwestrowe 2025\/2026 5-dobowy pakiet (28.12.2025 \u2013 02.01.2026) Mo\u017cliwo\u015b\u0107 zmiany terminu dla Pa\u0144stwa dyspozycji i mobilno\u015bci Pok\u00f3j 2-osobowy: 4000 [&hellip;]\" \/>\n<meta property=\"og:url\" content=\"https:\/\/ujozefa.pl\/en\/sylwester-w-zakopanem\/\" \/>\n<meta property=\"og:site_name\" content=\"ujozefa.pl\" \/>\n<meta property=\"article:modified_time\" content=\"2025-09-17T18:21:02+00:00\" \/>\n<meta property=\"og:image\" content=\"https:\/\/ujozefa.pl\/wp-content\/uploads\/2024\/11\/c913b5e9179b.jpeg\" \/>\n\t<meta property=\"og:image:width\" content=\"800\" \/>\n\t<meta property=\"og:image:height\" content=\"411\" \/>\n\t<meta property=\"og:image:type\" content=\"image\/jpeg\" \/>\n<meta name=\"twitter:card\" content=\"summary_large_image\" \/>\n<meta name=\"twitter:label1\" content=\"Est. reading time\" \/>\n\t<meta name=\"twitter:data1\" content=\"2 minutes\" \/>\n<script type=\"application\/ld+json\" class=\"yoast-schema-graph\">{\"@context\":\"https:\/\/schema.org\",\"@graph\":[{\"@type\":\"WebPage\",\"@id\":\"https:\/\/ujozefa.pl\/sylwester-w-zakopanem\/\",\"url\":\"https:\/\/ujozefa.pl\/sylwester-w-zakopanem\/\",\"name\":\"SYLWESTER W\u00a0ZAKOPANEM - ujozefa.pl\",\"isPartOf\":{\"@id\":\"https:\/\/ujozefa.pl\/#website\"},\"primaryImageOfPage\":{\"@id\":\"https:\/\/ujozefa.pl\/sylwester-w-zakopanem\/#primaryimage\"},\"image\":{\"@id\":\"https:\/\/ujozefa.pl\/sylwester-w-zakopanem\/#primaryimage\"},\"thumbnailUrl\":\"https:\/\/ujozefa.pl\/wp-content\/uploads\/2024\/11\/c913b5e9179b.jpeg\",\"datePublished\":\"2024-11-12T13:28:23+00:00\",\"dateModified\":\"2025-09-17T18:21:02+00:00\",\"breadcrumb\":{\"@id\":\"https:\/\/ujozefa.pl\/sylwester-w-zakopanem\/#breadcrumb\"},\"inLanguage\":\"en-US\",\"potentialAction\":[{\"@type\":\"ReadAction\",\"target\":[\"https:\/\/ujozefa.pl\/sylwester-w-zakopanem\/\"]}]},{\"@type\":\"ImageObject\",\"inLanguage\":\"en-US\",\"@id\":\"https:\/\/ujozefa.pl\/sylwester-w-zakopanem\/#primaryimage\",\"url\":\"https:\/\/ujozefa.pl\/wp-content\/uploads\/2024\/11\/c913b5e9179b.jpeg\",\"contentUrl\":\"https:\/\/ujozefa.pl\/wp-content\/uploads\/2024\/11\/c913b5e9179b.jpeg\"},{\"@type\":\"BreadcrumbList\",\"@id\":\"https:\/\/ujozefa.pl\/sylwester-w-zakopanem\/#breadcrumb\",\"itemListElement\":[{\"@type\":\"ListItem\",\"position\":1,\"name\":\"Home\",\"item\":\"https:\/\/ujozefa.pl\/\"},{\"@type\":\"ListItem\",\"position\":2,\"name\":\"SYLWESTER W\u00a0ZAKOPANEM\"}]},{\"@type\":\"WebSite\",\"@id\":\"https:\/\/ujozefa.pl\/#website\",\"url\":\"https:\/\/ujozefa.pl\/\",\"name\":\"ujozefa.pl\",\"description\":\"\",\"potentialAction\":[{\"@type\":\"SearchAction\",\"target\":{\"@type\":\"EntryPoint\",\"urlTemplate\":\"https:\/\/ujozefa.pl\/?s={search_term_string}\"},\"query-input\":{\"@type\":\"PropertyValueSpecification\",\"valueRequired\":true,\"valueName\":\"search_term_string\"}}],\"inLanguage\":\"en-US\"}]}<\/script>\n<!-- \/ Yoast SEO Premium plugin. -->","yoast_head_json":{"title":"SYLWESTER W\u00a0ZAKOPANEM - ujozefa.pl","robots":{"index":"index","follow":"follow","max-snippet":"max-snippet:-1","max-image-preview":"max-image-preview:large","max-video-preview":"max-video-preview:-1"},"canonical":"https:\/\/ujozefa.pl\/en\/sylwester-w-zakopanem\/","og_locale":"en_US","og_type":"article","og_title":"SYLWESTER W\u00a0ZAKOPANEM","og_description":"sylwester w Zakopanem Wystrza\u0142owy Sylwester 2025\/2026 pod Tatrami \u2013 Dom Wczasowy U J\u00f3zefa Spe\u0142nij marzenie o wyj\u0105tkowym Sylwestrze w g\u00f3rach. Gwarantujemy szampa\u0144sk\u0105 zabaw\u0119 na balu sylwestrowym z DJ-em, kulig z pochodniami i niezapomniane chwile w Zakopanem. Pakiety Sylwestrowe 2025\/2026 5-dobowy pakiet (28.12.2025 \u2013 02.01.2026) Mo\u017cliwo\u015b\u0107 zmiany terminu dla Pa\u0144stwa dyspozycji i mobilno\u015bci Pok\u00f3j 2-osobowy: 4000 [&hellip;]","og_url":"https:\/\/ujozefa.pl\/en\/sylwester-w-zakopanem\/","og_site_name":"ujozefa.pl","article_modified_time":"2025-09-17T18:21:02+00:00","og_image":[{"width":800,"height":411,"url":"https:\/\/ujozefa.pl\/wp-content\/uploads\/2024\/11\/c913b5e9179b.jpeg","type":"image\/jpeg"}],"twitter_card":"summary_large_image","twitter_misc":{"Est. reading time":"2 minutes"},"schema":{"@context":"https:\/\/schema.org","@graph":[{"@type":"WebPage","@id":"https:\/\/ujozefa.pl\/sylwester-w-zakopanem\/","url":"https:\/\/ujozefa.pl\/sylwester-w-zakopanem\/","name":"SYLWESTER W\u00a0ZAKOPANEM - ujozefa.pl","isPartOf":{"@id":"https:\/\/ujozefa.pl\/#website"},"primaryImageOfPage":{"@id":"https:\/\/ujozefa.pl\/sylwester-w-zakopanem\/#primaryimage"},"image":{"@id":"https:\/\/ujozefa.pl\/sylwester-w-zakopanem\/#primaryimage"},"thumbnailUrl":"https:\/\/ujozefa.pl\/wp-content\/uploads\/2024\/11\/c913b5e9179b.jpeg","datePublished":"2024-11-12T13:28:23+00:00","dateModified":"2025-09-17T18:21:02+00:00","breadcrumb":{"@id":"https:\/\/ujozefa.pl\/sylwester-w-zakopanem\/#breadcrumb"},"inLanguage":"en-US","potentialAction":[{"@type":"ReadAction","target":["https:\/\/ujozefa.pl\/sylwester-w-zakopanem\/"]}]},{"@type":"ImageObject","inLanguage":"en-US","@id":"https:\/\/ujozefa.pl\/sylwester-w-zakopanem\/#primaryimage","url":"https:\/\/ujozefa.pl\/wp-content\/uploads\/2024\/11\/c913b5e9179b.jpeg","contentUrl":"https:\/\/ujozefa.pl\/wp-content\/uploads\/2024\/11\/c913b5e9179b.jpeg"},{"@type":"BreadcrumbList","@id":"https:\/\/ujozefa.pl\/sylwester-w-zakopanem\/#breadcrumb","itemListElement":[{"@type":"ListItem","position":1,"name":"Home","item":"https:\/\/ujozefa.pl\/"},{"@type":"ListItem","position":2,"name":"SYLWESTER W\u00a0ZAKOPANEM"}]},{"@type":"WebSite","@id":"https:\/\/ujozefa.pl\/#website","url":"https:\/\/ujozefa.pl\/","name":"ujozefa.pl","description":"","potentialAction":[{"@type":"SearchAction","target":{"@type":"EntryPoint","urlTemplate":"https:\/\/ujozefa.pl\/?s={search_term_string}"},"query-input":{"@type":"PropertyValueSpecification","valueRequired":true,"valueName":"search_term_string"}}],"inLanguage":"en-US"}]}},"_links":{"self":[{"href":"https:\/\/ujozefa.pl\/en\/wp-json\/wp\/v2\/pages\/716","targetHints":{"allow":["GET"]}}],"collection":[{"href":"https:\/\/ujozefa.pl\/en\/wp-json\/wp\/v2\/pages"}],"about":[{"href":"https:\/\/ujozefa.pl\/en\/wp-json\/wp\/v2\/types\/page"}],"author":[{"embeddable":true,"href":"https:\/\/ujozefa.pl\/en\/wp-json\/wp\/v2\/users\/1"}],"replies":[{"embeddable":true,"href":"https:\/\/ujozefa.pl\/en\/wp-json\/wp\/v2\/comments?post=716"}],"version-history":[{"count":10,"href":"https:\/\/ujozefa.pl\/en\/wp-json\/wp\/v2\/pages\/716\/revisions"}],"predecessor-version":[{"id":1035,"href":"https:\/\/ujozefa.pl\/en\/wp-json\/wp\/v2\/pages\/716\/revisions\/1035"}],"wp:attachment":[{"href":"https:\/\/ujozefa.pl\/en\/wp-json\/wp\/v2\/media?parent=716"}],"curies":[{"name":"wp","href":"https:\/\/api.w.org\/{rel}","templated":true}]}}