{"id":711,"date":"2024-11-12T13:22:34","date_gmt":"2024-11-12T13:22:34","guid":{"rendered":"https:\/\/ujozefa.pl\/?page_id=711"},"modified":"2024-12-06T22:59:07","modified_gmt":"2024-12-06T22:59:07","slug":"rezerwacja","status":"publish","type":"page","link":"https:\/\/ujozefa.pl\/en\/rezerwacja\/","title":{"rendered":"Bookings"},"content":{"rendered":"<div data-elementor-type=\"wp-page\" data-elementor-id=\"711\" class=\"elementor elementor-711\" data-elementor-post-type=\"page\">\n\t\t\t\t<div class=\"elementor-element elementor-element-6fad045 e-flex e-con-boxed e-con e-parent\" data-id=\"6fad045\" data-element_type=\"container\">\n\t\t\t\t\t<div class=\"e-con-inner\">\n\t\t\t\t<div class=\"elementor-element elementor-element-e3e0646 elementor-widget-mobile__width-initial elementor-widget elementor-widget-heading\" data-id=\"e3e0646\" data-element_type=\"widget\" data-widget_type=\"heading.default\">\n\t\t\t\t<div class=\"elementor-widget-container\">\n\t\t\t\t\t<h2 class=\"elementor-heading-title elementor-size-default\">Bookings<\/h2>\t\t\t\t<\/div>\n\t\t\t\t<\/div>\n\t\t\t\t<div class=\"elementor-element elementor-element-3e49107 elementor-widget elementor-widget-image\" data-id=\"3e49107\" data-element_type=\"widget\" data-widget_type=\"image.default\">\n\t\t\t\t<div class=\"elementor-widget-container\">\n\t\t\t\t\t\t\t\t\t\t\t\t\t\t\t<img fetchpriority=\"high\" decoding=\"async\" width=\"1920\" height=\"1440\" src=\"https:\/\/ujozefa.pl\/wp-content\/uploads\/2024\/10\/femke-schreurs-qLyJMPRlPMA-unsplash.jpg\" class=\"attachment-full size-full wp-image-79\" alt=\"\" srcset=\"https:\/\/ujozefa.pl\/wp-content\/uploads\/2024\/10\/femke-schreurs-qLyJMPRlPMA-unsplash.jpg 1920w, https:\/\/ujozefa.pl\/wp-content\/uploads\/2024\/10\/femke-schreurs-qLyJMPRlPMA-unsplash-300x225.jpg 300w, https:\/\/ujozefa.pl\/wp-content\/uploads\/2024\/10\/femke-schreurs-qLyJMPRlPMA-unsplash-1024x768.jpg 1024w, https:\/\/ujozefa.pl\/wp-content\/uploads\/2024\/10\/femke-schreurs-qLyJMPRlPMA-unsplash-768x576.jpg 768w, https:\/\/ujozefa.pl\/wp-content\/uploads\/2024\/10\/femke-schreurs-qLyJMPRlPMA-unsplash-1536x1152.jpg 1536w\" sizes=\"(max-width: 1920px) 100vw, 1920px\" \/>\t\t\t\t\t\t\t\t\t\t\t\t\t\t\t<\/div>\n\t\t\t\t<\/div>\n\t\t\t\t<div class=\"elementor-element elementor-element-38a3d08 elementor-widget elementor-widget-text-editor\" data-id=\"38a3d08\" data-element_type=\"widget\" data-widget_type=\"text-editor.default\">\n\t\t\t\t<div class=\"elementor-widget-container\">\n\t\t\t\t\t\t\t\t\t<div class=\"web5_container_row ng-scope\"><div class=\"web5_draggable\"><div class=\"web5_container\"><div id=\"WidgetContainerweb5U1675866864206Uda66U5019Ub8d9Ueac4U476cUf588Ub311U36e3\" class=\"_web5_widget_container ng-scope\"><div class=\"ng-scope header-panel content\"><div class=\"header-title content\"><h3>Reservation Procedure<\/h3><ol><li><p><strong>Advance payment:<\/strong>The reservation is confirmed after payment of a deposit ranging from 30% to 65% of the total amount.<\/p><ul><li>The amount of the deposit is determined by the owner based on the timing and length of the stay.<\/li><li>Failure to pay the deposit within 5 days of making a phone reservation will be treated as a cancellation.<\/li><\/ul><\/li><li><p><strong>Payment details<\/strong>:<\/p><ul><li><strong>Account number<\/strong>: <b>16 1020 3466 0000 9702 0098 1746<\/b><\/li><li><strong>Confirmation of payment<\/strong> please send by e-mail: <span style=\"text-decoration: underline;\"><strong><a rel=\"noopener\">ujozefa@kingnet.pl<\/a><\/strong><\/span><\/li><li><strong>Transfer title<\/strong>: Please provide the dates of your stay, the number of people, and whether the stay includes meals.<\/li><\/ul><\/li><li><p><strong>Check-in times<\/strong>:<\/p><ul><li>Check-in starts at 3:00 PM on the day of arrival, and check-out is by 10:00 AM on the day of departure.<\/li><li>In case of early arrival, please inform the owner in advance.<\/li><\/ul><\/li><li><p><strong>Polityka COVID-19<\/strong>:<\/p><ul><li>W przypadku ogranicze\u0144 zwi\u0105zanych z przemieszczaniem si\u0119 z powodu COVID-19, zaliczki zostan\u0105 zwr\u00f3cone do 180 dni roboczych od wprowadzenia stosownych regulacji przez rz\u0105d.<\/li><li>Alternatywnie, zaliczk\u0119 mo\u017cna prze\u0142o\u017cy\u0107 na dowolny termin.<\/li><\/ul><\/li><\/ol><div>\u00a0<\/div><h3>Additional Information<\/h3><ul><li><strong>Location<\/strong>The Holiday Home 'U J\u00f3zefa' is located 4 km from the center of Zakopane, on the border between Zakopane and Poronin.<\/li><li><strong>Reservation regulations<\/strong>The deposit is non-refundable, so we kindly ask you to make your reservation decisions thoughtfully.<\/li><li><strong>Contact<\/strong>Before making the deposit payment, please contact us by phone <strong>662 804 516<\/strong><\/li><\/ul><div>\u00a0<\/div><h3>Reservations for Foreign Guests<\/h3><ul><li><strong>Bank address<\/strong>:<ul><li>PKO BP SA Oddzia\u0142 1 w Zakopanem<\/li><li>Krup\u00f3wki 71, 34-500 Zakopane<\/li><\/ul><\/li><li><strong>Nr IBAN<\/strong>: PL 16 1020 3466 0000 9702 0098 1746<\/li><li><strong>SWIFT<\/strong>: BPKOPLPW<\/li><\/ul><p><strong>We wish you successful bookings and a pleasant stay at the \"U J\u00f3zefa\" Holiday Home!<\/strong><\/p><\/div><\/div><\/div><\/div><\/div><\/div>\t\t\t\t\t\t\t\t<\/div>\n\t\t\t\t<\/div>\n\t\t\t\t<div class=\"elementor-element elementor-element-1c29635 elementor-widget elementor-widget-heading\" data-id=\"1c29635\" data-element_type=\"widget\" data-widget_type=\"heading.default\">\n\t\t\t\t<div class=\"elementor-widget-container\">\n\t\t\t\t\t<h2 class=\"elementor-heading-title elementor-size-default\">Check the Conditions of Stay<\/h2>\t\t\t\t<\/div>\n\t\t\t\t<\/div>\n\t\t\t\t<div class=\"elementor-element elementor-element-500c8cb elementor-align-justify elementor-widget-mobile__width-inherit elementor-widget elementor-widget-button\" data-id=\"500c8cb\" data-element_type=\"widget\" data-widget_type=\"button.default\">\n\t\t\t\t<div class=\"elementor-widget-container\">\n\t\t\t\t\t\t\t\t\t<div class=\"elementor-button-wrapper\">\n\t\t\t\t\t<a class=\"elementor-button elementor-button-link elementor-size-sm\" href=\"https:\/\/ujozefa.pl\/en\/warunki-pobytu\/\">\n\t\t\t\t\t\t<span class=\"elementor-button-content-wrapper\">\n\t\t\t\t\t\t\t\t\t<span class=\"elementor-button-text\">Conditions of Stay - Click Here<\/span>\n\t\t\t\t\t<\/span>\n\t\t\t\t\t<\/a>\n\t\t\t\t<\/div>\n\t\t\t\t\t\t\t\t<\/div>\n\t\t\t\t<\/div>\n\t\t\t\t\t<\/div>\n\t\t\t\t<\/div>\n\t\t\t\t<\/div>","protected":false},"excerpt":{"rendered":"<p>Rezerwacja Procedura Rezerwacji Wp\u0142ata zaliczki: Rezerwacja jest potwierdzona po wp\u0142acie zaliczki w wysoko\u015bci od 30% do 65% ca\u0142kowitej kwoty. Wysoko\u015b\u0107 zaliczki jest ustalana przez w\u0142a\u015bciciela w zale\u017cno\u015bci od terminu i d\u0142ugo\u015bci pobytu. Brak wp\u0142aty zaliczki w ci\u0105gu 5 dni od dokonania rezerwacji telefonicznej jest traktowany jako rezygnacja. Dane do wp\u0142aty: Nr konta: 16 1020 3466 [&hellip;]<\/p>","protected":false},"author":1,"featured_media":0,"parent":0,"menu_order":0,"comment_status":"closed","ping_status":"closed","template":"","meta":{"footnotes":""},"class_list":["post-711","page","type-page","status-publish","hentry"],"yoast_head":"<!-- This site is optimized with the Yoast SEO Premium plugin v24.0 (Yoast SEO v24.0) - https:\/\/yoast.com\/wordpress\/plugins\/seo\/ -->\n<title>Rezerwacja - ujozefa.pl<\/title>\n<meta name=\"robots\" content=\"index, follow, max-snippet:-1, max-image-preview:large, max-video-preview:-1\" \/>\n<link rel=\"canonical\" href=\"https:\/\/ujozefa.pl\/en\/rezerwacja\/\" \/>\n<meta property=\"og:locale\" content=\"en_US\" \/>\n<meta property=\"og:type\" content=\"article\" \/>\n<meta property=\"og:title\" content=\"Rezerwacja\" \/>\n<meta property=\"og:description\" content=\"Rezerwacja Procedura Rezerwacji Wp\u0142ata zaliczki: Rezerwacja jest potwierdzona po wp\u0142acie zaliczki w wysoko\u015bci od 30% do 65% ca\u0142kowitej kwoty. Wysoko\u015b\u0107 zaliczki jest ustalana przez w\u0142a\u015bciciela w zale\u017cno\u015bci od terminu i d\u0142ugo\u015bci pobytu. Brak wp\u0142aty zaliczki w ci\u0105gu 5 dni od dokonania rezerwacji telefonicznej jest traktowany jako rezygnacja. Dane do wp\u0142aty: Nr konta: 16 1020 3466 [&hellip;]\" \/>\n<meta property=\"og:url\" content=\"https:\/\/ujozefa.pl\/en\/rezerwacja\/\" \/>\n<meta property=\"og:site_name\" content=\"ujozefa.pl\" \/>\n<meta property=\"article:modified_time\" content=\"2024-12-06T22:59:07+00:00\" \/>\n<meta property=\"og:image\" content=\"https:\/\/ujozefa.pl\/wp-content\/uploads\/2024\/10\/femke-schreurs-qLyJMPRlPMA-unsplash.jpg\" \/>\n\t<meta property=\"og:image:width\" content=\"1920\" \/>\n\t<meta property=\"og:image:height\" content=\"1440\" \/>\n\t<meta property=\"og:image:type\" content=\"image\/jpeg\" \/>\n<meta name=\"twitter:card\" content=\"summary_large_image\" \/>\n<meta name=\"twitter:label1\" content=\"Est. reading time\" \/>\n\t<meta name=\"twitter:data1\" content=\"2 minutes\" \/>\n<script type=\"application\/ld+json\" class=\"yoast-schema-graph\">{\"@context\":\"https:\/\/schema.org\",\"@graph\":[{\"@type\":\"WebPage\",\"@id\":\"https:\/\/ujozefa.pl\/rezerwacja\/\",\"url\":\"https:\/\/ujozefa.pl\/rezerwacja\/\",\"name\":\"Rezerwacja - ujozefa.pl\",\"isPartOf\":{\"@id\":\"https:\/\/ujozefa.pl\/#website\"},\"primaryImageOfPage\":{\"@id\":\"https:\/\/ujozefa.pl\/rezerwacja\/#primaryimage\"},\"image\":{\"@id\":\"https:\/\/ujozefa.pl\/rezerwacja\/#primaryimage\"},\"thumbnailUrl\":\"https:\/\/ujozefa.pl\/wp-content\/uploads\/2024\/10\/femke-schreurs-qLyJMPRlPMA-unsplash.jpg\",\"datePublished\":\"2024-11-12T13:22:34+00:00\",\"dateModified\":\"2024-12-06T22:59:07+00:00\",\"breadcrumb\":{\"@id\":\"https:\/\/ujozefa.pl\/rezerwacja\/#breadcrumb\"},\"inLanguage\":\"en-US\",\"potentialAction\":[{\"@type\":\"ReadAction\",\"target\":[\"https:\/\/ujozefa.pl\/rezerwacja\/\"]}]},{\"@type\":\"ImageObject\",\"inLanguage\":\"en-US\",\"@id\":\"https:\/\/ujozefa.pl\/rezerwacja\/#primaryimage\",\"url\":\"https:\/\/ujozefa.pl\/wp-content\/uploads\/2024\/10\/femke-schreurs-qLyJMPRlPMA-unsplash.jpg\",\"contentUrl\":\"https:\/\/ujozefa.pl\/wp-content\/uploads\/2024\/10\/femke-schreurs-qLyJMPRlPMA-unsplash.jpg\"},{\"@type\":\"BreadcrumbList\",\"@id\":\"https:\/\/ujozefa.pl\/rezerwacja\/#breadcrumb\",\"itemListElement\":[{\"@type\":\"ListItem\",\"position\":1,\"name\":\"Home\",\"item\":\"https:\/\/ujozefa.pl\/\"},{\"@type\":\"ListItem\",\"position\":2,\"name\":\"Rezerwacja\"}]},{\"@type\":\"WebSite\",\"@id\":\"https:\/\/ujozefa.pl\/#website\",\"url\":\"https:\/\/ujozefa.pl\/\",\"name\":\"ujozefa.pl\",\"description\":\"\",\"potentialAction\":[{\"@type\":\"SearchAction\",\"target\":{\"@type\":\"EntryPoint\",\"urlTemplate\":\"https:\/\/ujozefa.pl\/?s={search_term_string}\"},\"query-input\":{\"@type\":\"PropertyValueSpecification\",\"valueRequired\":true,\"valueName\":\"search_term_string\"}}],\"inLanguage\":\"en-US\"}]}<\/script>\n<!-- \/ Yoast SEO Premium plugin. -->","yoast_head_json":{"title":"Rezerwacja - ujozefa.pl","robots":{"index":"index","follow":"follow","max-snippet":"max-snippet:-1","max-image-preview":"max-image-preview:large","max-video-preview":"max-video-preview:-1"},"canonical":"https:\/\/ujozefa.pl\/en\/rezerwacja\/","og_locale":"en_US","og_type":"article","og_title":"Rezerwacja","og_description":"Rezerwacja Procedura Rezerwacji Wp\u0142ata zaliczki: Rezerwacja jest potwierdzona po wp\u0142acie zaliczki w wysoko\u015bci od 30% do 65% ca\u0142kowitej kwoty. Wysoko\u015b\u0107 zaliczki jest ustalana przez w\u0142a\u015bciciela w zale\u017cno\u015bci od terminu i d\u0142ugo\u015bci pobytu. Brak wp\u0142aty zaliczki w ci\u0105gu 5 dni od dokonania rezerwacji telefonicznej jest traktowany jako rezygnacja. Dane do wp\u0142aty: Nr konta: 16 1020 3466 [&hellip;]","og_url":"https:\/\/ujozefa.pl\/en\/rezerwacja\/","og_site_name":"ujozefa.pl","article_modified_time":"2024-12-06T22:59:07+00:00","og_image":[{"width":1920,"height":1440,"url":"https:\/\/ujozefa.pl\/wp-content\/uploads\/2024\/10\/femke-schreurs-qLyJMPRlPMA-unsplash.jpg","type":"image\/jpeg"}],"twitter_card":"summary_large_image","twitter_misc":{"Est. reading time":"2 minutes"},"schema":{"@context":"https:\/\/schema.org","@graph":[{"@type":"WebPage","@id":"https:\/\/ujozefa.pl\/rezerwacja\/","url":"https:\/\/ujozefa.pl\/rezerwacja\/","name":"Rezerwacja - ujozefa.pl","isPartOf":{"@id":"https:\/\/ujozefa.pl\/#website"},"primaryImageOfPage":{"@id":"https:\/\/ujozefa.pl\/rezerwacja\/#primaryimage"},"image":{"@id":"https:\/\/ujozefa.pl\/rezerwacja\/#primaryimage"},"thumbnailUrl":"https:\/\/ujozefa.pl\/wp-content\/uploads\/2024\/10\/femke-schreurs-qLyJMPRlPMA-unsplash.jpg","datePublished":"2024-11-12T13:22:34+00:00","dateModified":"2024-12-06T22:59:07+00:00","breadcrumb":{"@id":"https:\/\/ujozefa.pl\/rezerwacja\/#breadcrumb"},"inLanguage":"en-US","potentialAction":[{"@type":"ReadAction","target":["https:\/\/ujozefa.pl\/rezerwacja\/"]}]},{"@type":"ImageObject","inLanguage":"en-US","@id":"https:\/\/ujozefa.pl\/rezerwacja\/#primaryimage","url":"https:\/\/ujozefa.pl\/wp-content\/uploads\/2024\/10\/femke-schreurs-qLyJMPRlPMA-unsplash.jpg","contentUrl":"https:\/\/ujozefa.pl\/wp-content\/uploads\/2024\/10\/femke-schreurs-qLyJMPRlPMA-unsplash.jpg"},{"@type":"BreadcrumbList","@id":"https:\/\/ujozefa.pl\/rezerwacja\/#breadcrumb","itemListElement":[{"@type":"ListItem","position":1,"name":"Home","item":"https:\/\/ujozefa.pl\/"},{"@type":"ListItem","position":2,"name":"Rezerwacja"}]},{"@type":"WebSite","@id":"https:\/\/ujozefa.pl\/#website","url":"https:\/\/ujozefa.pl\/","name":"ujozefa.pl","description":"","potentialAction":[{"@type":"SearchAction","target":{"@type":"EntryPoint","urlTemplate":"https:\/\/ujozefa.pl\/?s={search_term_string}"},"query-input":{"@type":"PropertyValueSpecification","valueRequired":true,"valueName":"search_term_string"}}],"inLanguage":"en-US"}]}},"_links":{"self":[{"href":"https:\/\/ujozefa.pl\/en\/wp-json\/wp\/v2\/pages\/711","targetHints":{"allow":["GET"]}}],"collection":[{"href":"https:\/\/ujozefa.pl\/en\/wp-json\/wp\/v2\/pages"}],"about":[{"href":"https:\/\/ujozefa.pl\/en\/wp-json\/wp\/v2\/types\/page"}],"author":[{"embeddable":true,"href":"https:\/\/ujozefa.pl\/en\/wp-json\/wp\/v2\/users\/1"}],"replies":[{"embeddable":true,"href":"https:\/\/ujozefa.pl\/en\/wp-json\/wp\/v2\/comments?post=711"}],"version-history":[{"count":10,"href":"https:\/\/ujozefa.pl\/en\/wp-json\/wp\/v2\/pages\/711\/revisions"}],"predecessor-version":[{"id":892,"href":"https:\/\/ujozefa.pl\/en\/wp-json\/wp\/v2\/pages\/711\/revisions\/892"}],"wp:attachment":[{"href":"https:\/\/ujozefa.pl\/en\/wp-json\/wp\/v2\/media?parent=711"}],"curies":[{"name":"wp","href":"https:\/\/api.w.org\/{rel}","templated":true}]}}