{"id":702,"date":"2024-11-12T13:13:07","date_gmt":"2024-11-12T13:13:07","guid":{"rendered":"https:\/\/ujozefa.pl\/?page_id=702"},"modified":"2024-11-12T16:22:55","modified_gmt":"2024-11-12T16:22:55","slug":"o-nas","status":"publish","type":"page","link":"https:\/\/ujozefa.pl\/en\/o-nas\/","title":{"rendered":"About us"},"content":{"rendered":"<div data-elementor-type=\"wp-page\" data-elementor-id=\"702\" class=\"elementor elementor-702\" data-elementor-post-type=\"page\">\n\t\t\t\t<div class=\"elementor-element elementor-element-6fad045 e-flex e-con-boxed e-con e-parent\" data-id=\"6fad045\" data-element_type=\"container\">\n\t\t\t\t\t<div class=\"e-con-inner\">\n\t\t\t\t<div class=\"elementor-element elementor-element-e3e0646 elementor-widget-mobile__width-initial elementor-widget elementor-widget-heading\" data-id=\"e3e0646\" data-element_type=\"widget\" data-widget_type=\"heading.default\">\n\t\t\t\t<div class=\"elementor-widget-container\">\n\t\t\t\t\t<h2 class=\"elementor-heading-title elementor-size-default\">About  <span style=\"color: #000\">us<\/span><\/h2>\t\t\t\t<\/div>\n\t\t\t\t<\/div>\n\t\t\t\t<div class=\"elementor-element elementor-element-3e49107 elementor-widget elementor-widget-image\" data-id=\"3e49107\" data-element_type=\"widget\" data-widget_type=\"image.default\">\n\t\t\t\t<div class=\"elementor-widget-container\">\n\t\t\t\t\t\t\t\t\t\t\t\t\t\t\t<img fetchpriority=\"high\" decoding=\"async\" width=\"800\" height=\"600\" src=\"https:\/\/ujozefa.pl\/wp-content\/uploads\/2024\/10\/885b39697203-1.jpeg\" class=\"attachment-full size-full wp-image-129\" alt=\"\" srcset=\"https:\/\/ujozefa.pl\/wp-content\/uploads\/2024\/10\/885b39697203-1.jpeg 800w, https:\/\/ujozefa.pl\/wp-content\/uploads\/2024\/10\/885b39697203-1-300x225.jpeg 300w, https:\/\/ujozefa.pl\/wp-content\/uploads\/2024\/10\/885b39697203-1-768x576.jpeg 768w\" sizes=\"(max-width: 800px) 100vw, 800px\" \/>\t\t\t\t\t\t\t\t\t\t\t\t\t\t\t<\/div>\n\t\t\t\t<\/div>\n\t\t\t\t<div class=\"elementor-element elementor-element-38a3d08 elementor-widget elementor-widget-text-editor\" data-id=\"38a3d08\" data-element_type=\"widget\" data-widget_type=\"text-editor.default\">\n\t\t\t\t<div class=\"elementor-widget-container\">\n\t\t\t\t\t\t\t\t\t<p><strong>We cordially invite you to the \"U J\u00f3zefa\" Holiday Home<\/strong><br>Our resort, located on the border of Poronin and Zakopane, in the quiet district of Olcza, is an ideal place to relax away from the hustle and bustle of the city. We offer comfortable conditions, tasty cuisine and a wide selection of attractions.<\/p>\n<h3>Comfortable Accommodation<\/h3>\n<ul>\n<li><strong>60 beds<\/strong> in spacious 2-, 3-, 4- and 5-person rooms<\/li>\n<li>Rooms equipped with <strong>bathrooms, TV<\/strong> and Wi-Fi access<\/li>\n<li>Some rooms have <strong>balconies<\/strong> overlooking the picturesque panorama of the Tatra Mountains.<\/li>\n<\/ul><div><br><\/div>\n<h3>Amenities:<\/h3>\n<ul>\n<li><strong>Free Wi-Fi Internet<\/strong><\/li>\n<li><strong>CCTV<\/strong> \u2013 for the safety of guests<\/li>\n<li><strong>Games room<\/strong> \u2013 billiards, ping-pong, table football<\/li>\n<li><strong>Disco hall<\/strong> with full equipment<\/li>\n<li><strong>Ample parking<\/strong> for passenger cars and coaches<\/li>\n<li><strong>Lunchroom<\/strong> serving home-made, tasty meals of regional cuisine.<\/li>\n<\/ul><div><br><\/div>\n<h3>Organization of events and attractions<\/h3>\n<p>We offer assistance in organizing various events, such as:<\/p>\n<ul>\n<li><strong>Sleigh rides<\/strong> with a bonfire and roasting sausages<\/li>\n<li><strong>Evenings with a highlander band<\/strong> lub DJ-em<\/li>\n<li><strong>Discos<\/strong> and integration events<\/li>\n<li><strong>Sitting with highlanders music<\/strong> , discovering the folklore and traditions of Podhale<\/li>\n<\/ul><div><br><\/div>\n<h3>Food<\/h3>\n<ul>\n<li><strong>Accommodation with meals<\/strong> \u2013 breakfast in the form of a buffet and dinner served<\/li>\n<li>Tasty regional cuisine with full or half board<\/li>\n<li><strong>Banquet hall and dining room<\/strong> \u2013 possibility of adapting the menu and meal times to the needs of guests<\/li>\n<\/ul><div><br><\/div>\n<h3>Location<\/h3>\n<p>The \"U J\u00f3zefa\" Holiday Home is located in a convenient location:<\/p>\n<ul>\n<li><strong>4 km<\/strong> from the center of Zakopane<\/li>\n<li><strong>3,5 km<\/strong> from the \"Nosal\" ski complex and \"Wielka Krokiew\" ski jump<\/li>\n<li><strong>1,5 km<\/strong> from the \"Harenda\" ski complex<\/li>\n<li><strong>1 km<\/strong> from the \"Orlen\" gas station and McDonald's restaurant<\/li>\n<\/ul><div><br><\/div>\n<h3>Security and Service Standard<\/h3>\n<p>Our facility has <strong>positive opinion of the Fire Department<\/strong> and offers a high standard of services at affordable prices.<br>A convenient location, a peaceful environment, and friendly, professional service will ensure you have an unforgettable stay. We organize recreational stays, summer camps, winter holidays, green schools, and various special events.<\/p>\n<p>We provide wonderful views, pleasant atmosphere, excellent cuisine and countless attractions.<\/p>\t\t\t\t\t\t\t\t<\/div>\n\t\t\t\t<\/div>\n\t\t\t\t\t<\/div>\n\t\t\t\t<\/div>\n\t\t\t\t<\/div>","protected":false},"excerpt":{"rendered":"<p>O NAS Serdecznie zapraszamy do Domu Wypoczynkowego &#8222;U J\u00f3zefa&#8221;Nasz o\u015brodek, po\u0142o\u017cony na pograniczu Poronina i Zakopanego, w spokojnej dzielnicy Olcza, to idealne miejsce na wypoczynek z dala od miejskiego zgie\u0142ku. Oferujemy komfortowe warunki, smaczn\u0105 kuchni\u0119 i bogaty wyb\u00f3r atrakcji. Komfortowe Zakwaterowanie 60 miejsc noclegowych w przestronnych pokojach 2-, 3-, 4- i 5-osobowych Pokoje wyposa\u017cone w [&hellip;]<\/p>","protected":false},"author":1,"featured_media":0,"parent":0,"menu_order":0,"comment_status":"closed","ping_status":"closed","template":"","meta":{"footnotes":""},"class_list":["post-702","page","type-page","status-publish","hentry"],"yoast_head":"<!-- This site is optimized with the Yoast SEO Premium plugin v24.0 (Yoast SEO v24.0) - https:\/\/yoast.com\/wordpress\/plugins\/seo\/ -->\n<title>O nas - ujozefa.pl<\/title>\n<meta name=\"robots\" content=\"index, follow, max-snippet:-1, max-image-preview:large, max-video-preview:-1\" \/>\n<link rel=\"canonical\" href=\"https:\/\/ujozefa.pl\/en\/o-nas\/\" \/>\n<meta property=\"og:locale\" content=\"en_US\" \/>\n<meta property=\"og:type\" content=\"article\" \/>\n<meta property=\"og:title\" content=\"O nas\" \/>\n<meta property=\"og:description\" content=\"O NAS Serdecznie zapraszamy do Domu Wypoczynkowego &#8222;U J\u00f3zefa&#8221;Nasz o\u015brodek, po\u0142o\u017cony na pograniczu Poronina i Zakopanego, w spokojnej dzielnicy Olcza, to idealne miejsce na wypoczynek z dala od miejskiego zgie\u0142ku. Oferujemy komfortowe warunki, smaczn\u0105 kuchni\u0119 i bogaty wyb\u00f3r atrakcji. Komfortowe Zakwaterowanie 60 miejsc noclegowych w przestronnych pokojach 2-, 3-, 4- i 5-osobowych Pokoje wyposa\u017cone w [&hellip;]\" \/>\n<meta property=\"og:url\" content=\"https:\/\/ujozefa.pl\/en\/o-nas\/\" \/>\n<meta property=\"og:site_name\" content=\"ujozefa.pl\" \/>\n<meta property=\"article:modified_time\" content=\"2024-11-12T16:22:55+00:00\" \/>\n<meta property=\"og:image\" content=\"https:\/\/ujozefa.pl\/wp-content\/uploads\/2024\/10\/885b39697203-1.jpeg\" \/>\n\t<meta property=\"og:image:width\" content=\"800\" \/>\n\t<meta property=\"og:image:height\" content=\"600\" \/>\n\t<meta property=\"og:image:type\" content=\"image\/jpeg\" \/>\n<meta name=\"twitter:card\" content=\"summary_large_image\" \/>\n<meta name=\"twitter:label1\" content=\"Est. reading time\" \/>\n\t<meta name=\"twitter:data1\" content=\"2 minutes\" \/>\n<script type=\"application\/ld+json\" class=\"yoast-schema-graph\">{\"@context\":\"https:\/\/schema.org\",\"@graph\":[{\"@type\":\"WebPage\",\"@id\":\"https:\/\/ujozefa.pl\/o-nas\/\",\"url\":\"https:\/\/ujozefa.pl\/o-nas\/\",\"name\":\"O nas - ujozefa.pl\",\"isPartOf\":{\"@id\":\"https:\/\/ujozefa.pl\/#website\"},\"primaryImageOfPage\":{\"@id\":\"https:\/\/ujozefa.pl\/o-nas\/#primaryimage\"},\"image\":{\"@id\":\"https:\/\/ujozefa.pl\/o-nas\/#primaryimage\"},\"thumbnailUrl\":\"https:\/\/ujozefa.pl\/wp-content\/uploads\/2024\/10\/885b39697203-1.jpeg\",\"datePublished\":\"2024-11-12T13:13:07+00:00\",\"dateModified\":\"2024-11-12T16:22:55+00:00\",\"breadcrumb\":{\"@id\":\"https:\/\/ujozefa.pl\/o-nas\/#breadcrumb\"},\"inLanguage\":\"en-US\",\"potentialAction\":[{\"@type\":\"ReadAction\",\"target\":[\"https:\/\/ujozefa.pl\/o-nas\/\"]}]},{\"@type\":\"ImageObject\",\"inLanguage\":\"en-US\",\"@id\":\"https:\/\/ujozefa.pl\/o-nas\/#primaryimage\",\"url\":\"https:\/\/ujozefa.pl\/wp-content\/uploads\/2024\/10\/885b39697203-1.jpeg\",\"contentUrl\":\"https:\/\/ujozefa.pl\/wp-content\/uploads\/2024\/10\/885b39697203-1.jpeg\"},{\"@type\":\"BreadcrumbList\",\"@id\":\"https:\/\/ujozefa.pl\/o-nas\/#breadcrumb\",\"itemListElement\":[{\"@type\":\"ListItem\",\"position\":1,\"name\":\"Home\",\"item\":\"https:\/\/ujozefa.pl\/\"},{\"@type\":\"ListItem\",\"position\":2,\"name\":\"O nas\"}]},{\"@type\":\"WebSite\",\"@id\":\"https:\/\/ujozefa.pl\/#website\",\"url\":\"https:\/\/ujozefa.pl\/\",\"name\":\"ujozefa.pl\",\"description\":\"\",\"potentialAction\":[{\"@type\":\"SearchAction\",\"target\":{\"@type\":\"EntryPoint\",\"urlTemplate\":\"https:\/\/ujozefa.pl\/?s={search_term_string}\"},\"query-input\":{\"@type\":\"PropertyValueSpecification\",\"valueRequired\":true,\"valueName\":\"search_term_string\"}}],\"inLanguage\":\"en-US\"}]}<\/script>\n<!-- \/ Yoast SEO Premium plugin. -->","yoast_head_json":{"title":"O nas - ujozefa.pl","robots":{"index":"index","follow":"follow","max-snippet":"max-snippet:-1","max-image-preview":"max-image-preview:large","max-video-preview":"max-video-preview:-1"},"canonical":"https:\/\/ujozefa.pl\/en\/o-nas\/","og_locale":"en_US","og_type":"article","og_title":"O nas","og_description":"O NAS Serdecznie zapraszamy do Domu Wypoczynkowego &#8222;U J\u00f3zefa&#8221;Nasz o\u015brodek, po\u0142o\u017cony na pograniczu Poronina i Zakopanego, w spokojnej dzielnicy Olcza, to idealne miejsce na wypoczynek z dala od miejskiego zgie\u0142ku. Oferujemy komfortowe warunki, smaczn\u0105 kuchni\u0119 i bogaty wyb\u00f3r atrakcji. Komfortowe Zakwaterowanie 60 miejsc noclegowych w przestronnych pokojach 2-, 3-, 4- i 5-osobowych Pokoje wyposa\u017cone w [&hellip;]","og_url":"https:\/\/ujozefa.pl\/en\/o-nas\/","og_site_name":"ujozefa.pl","article_modified_time":"2024-11-12T16:22:55+00:00","og_image":[{"width":800,"height":600,"url":"https:\/\/ujozefa.pl\/wp-content\/uploads\/2024\/10\/885b39697203-1.jpeg","type":"image\/jpeg"}],"twitter_card":"summary_large_image","twitter_misc":{"Est. reading time":"2 minutes"},"schema":{"@context":"https:\/\/schema.org","@graph":[{"@type":"WebPage","@id":"https:\/\/ujozefa.pl\/o-nas\/","url":"https:\/\/ujozefa.pl\/o-nas\/","name":"O nas - ujozefa.pl","isPartOf":{"@id":"https:\/\/ujozefa.pl\/#website"},"primaryImageOfPage":{"@id":"https:\/\/ujozefa.pl\/o-nas\/#primaryimage"},"image":{"@id":"https:\/\/ujozefa.pl\/o-nas\/#primaryimage"},"thumbnailUrl":"https:\/\/ujozefa.pl\/wp-content\/uploads\/2024\/10\/885b39697203-1.jpeg","datePublished":"2024-11-12T13:13:07+00:00","dateModified":"2024-11-12T16:22:55+00:00","breadcrumb":{"@id":"https:\/\/ujozefa.pl\/o-nas\/#breadcrumb"},"inLanguage":"en-US","potentialAction":[{"@type":"ReadAction","target":["https:\/\/ujozefa.pl\/o-nas\/"]}]},{"@type":"ImageObject","inLanguage":"en-US","@id":"https:\/\/ujozefa.pl\/o-nas\/#primaryimage","url":"https:\/\/ujozefa.pl\/wp-content\/uploads\/2024\/10\/885b39697203-1.jpeg","contentUrl":"https:\/\/ujozefa.pl\/wp-content\/uploads\/2024\/10\/885b39697203-1.jpeg"},{"@type":"BreadcrumbList","@id":"https:\/\/ujozefa.pl\/o-nas\/#breadcrumb","itemListElement":[{"@type":"ListItem","position":1,"name":"Home","item":"https:\/\/ujozefa.pl\/"},{"@type":"ListItem","position":2,"name":"O nas"}]},{"@type":"WebSite","@id":"https:\/\/ujozefa.pl\/#website","url":"https:\/\/ujozefa.pl\/","name":"ujozefa.pl","description":"","potentialAction":[{"@type":"SearchAction","target":{"@type":"EntryPoint","urlTemplate":"https:\/\/ujozefa.pl\/?s={search_term_string}"},"query-input":{"@type":"PropertyValueSpecification","valueRequired":true,"valueName":"search_term_string"}}],"inLanguage":"en-US"}]}},"_links":{"self":[{"href":"https:\/\/ujozefa.pl\/en\/wp-json\/wp\/v2\/pages\/702","targetHints":{"allow":["GET"]}}],"collection":[{"href":"https:\/\/ujozefa.pl\/en\/wp-json\/wp\/v2\/pages"}],"about":[{"href":"https:\/\/ujozefa.pl\/en\/wp-json\/wp\/v2\/types\/page"}],"author":[{"embeddable":true,"href":"https:\/\/ujozefa.pl\/en\/wp-json\/wp\/v2\/users\/1"}],"replies":[{"embeddable":true,"href":"https:\/\/ujozefa.pl\/en\/wp-json\/wp\/v2\/comments?post=702"}],"version-history":[{"count":7,"href":"https:\/\/ujozefa.pl\/en\/wp-json\/wp\/v2\/pages\/702\/revisions"}],"predecessor-version":[{"id":821,"href":"https:\/\/ujozefa.pl\/en\/wp-json\/wp\/v2\/pages\/702\/revisions\/821"}],"wp:attachment":[{"href":"https:\/\/ujozefa.pl\/en\/wp-json\/wp\/v2\/media?parent=702"}],"curies":[{"name":"wp","href":"https:\/\/api.w.org\/{rel}","templated":true}]}}