{"id":697,"date":"2024-11-12T13:09:59","date_gmt":"2024-11-12T13:09:59","guid":{"rendered":"https:\/\/ujozefa.pl\/?page_id=697"},"modified":"2024-11-12T16:15:14","modified_gmt":"2024-11-12T16:15:14","slug":"wyjazdy-integracyjne","status":"publish","type":"page","link":"https:\/\/ujozefa.pl\/en\/wyjazdy-integracyjne\/","title":{"rendered":"WYJAZDY INTEGRACYJNE"},"content":{"rendered":"<div data-elementor-type=\"wp-page\" data-elementor-id=\"697\" class=\"elementor elementor-697\" data-elementor-post-type=\"page\">\n\t\t\t\t<div class=\"elementor-element elementor-element-6fad045 e-flex e-con-boxed e-con e-parent\" data-id=\"6fad045\" data-element_type=\"container\">\n\t\t\t\t\t<div class=\"e-con-inner\">\n\t\t\t\t<div class=\"elementor-element elementor-element-e3e0646 elementor-widget-mobile__width-initial elementor-widget elementor-widget-heading\" data-id=\"e3e0646\" data-element_type=\"widget\" data-widget_type=\"heading.default\">\n\t\t\t\t<div class=\"elementor-widget-container\">\n\t\t\t\t\t<h2 class=\"elementor-heading-title elementor-size-default\">Integration  <span style=\"color: #000\">trips<\/span><\/h2>\t\t\t\t<\/div>\n\t\t\t\t<\/div>\n\t\t\t\t<div class=\"elementor-element elementor-element-3e49107 elementor-widget elementor-widget-image\" data-id=\"3e49107\" data-element_type=\"widget\" data-widget_type=\"image.default\">\n\t\t\t\t<div class=\"elementor-widget-container\">\n\t\t\t\t\t\t\t\t\t\t\t\t\t\t\t<img fetchpriority=\"high\" decoding=\"async\" width=\"1560\" height=\"1041\" src=\"https:\/\/ujozefa.pl\/wp-content\/uploads\/2024\/11\/AdobeStock_194933333.jpeg\" class=\"attachment-full size-full wp-image-651\" alt=\"\" srcset=\"https:\/\/ujozefa.pl\/wp-content\/uploads\/2024\/11\/AdobeStock_194933333.jpeg 1560w, https:\/\/ujozefa.pl\/wp-content\/uploads\/2024\/11\/AdobeStock_194933333-300x200.jpeg 300w, https:\/\/ujozefa.pl\/wp-content\/uploads\/2024\/11\/AdobeStock_194933333-1024x683.jpeg 1024w, https:\/\/ujozefa.pl\/wp-content\/uploads\/2024\/11\/AdobeStock_194933333-768x512.jpeg 768w, https:\/\/ujozefa.pl\/wp-content\/uploads\/2024\/11\/AdobeStock_194933333-1536x1025.jpeg 1536w\" sizes=\"(max-width: 1560px) 100vw, 1560px\" \/>\t\t\t\t\t\t\t\t\t\t\t\t\t\t\t<\/div>\n\t\t\t\t<\/div>\n\t\t\t\t<div class=\"elementor-element elementor-element-38a3d08 elementor-widget elementor-widget-text-editor\" data-id=\"38a3d08\" data-element_type=\"widget\" data-widget_type=\"text-editor.default\">\n\t\t\t\t<div class=\"elementor-widget-container\">\n\t\t\t\t\t\t\t\t\t<p><strong>We invite companies to organize training and integration trips in a mountain climate!<\/strong><br \/>An ideal place to combine work with relaxation and team integration.<\/p><h3>In the price of your stay we guarantee:<\/h3><ul><li><p><strong>Comfortable accommodation<\/strong>:<\/p><ul><li>Accommodation in double and triple rooms<\/li><li>Each room has a bathroom with a shower, TV and Wi-Fi access<\/li><\/ul><\/li><li><p><strong>Conference equipment<\/strong>:<\/p><ul><li>Training room with a screen, projector and Wi-Fi - ideal for meetings and presentations<\/li><\/ul><\/li><li><p><strong>Food<\/strong>:<\/p><ul><li>Breakfast in the form of a buffet<\/li><li>Served dinners (soup, main course, dessert, compote)<\/li><li>Regional dinners with the option of an evening with a highlander band or a disco - menu to be determined<\/li><\/ul><\/li><li><p><strong>Additional amenities<\/strong>:<\/p><ul><li>Wi-Fi Internet access on the premises<\/li><li>Free parking for participants<\/li><\/ul><\/li><li><p><strong>Additional attractions<\/strong>:<\/p><ul><li>Organizing a sleigh ride with sausages and mulled wine - a unique integration in the winter climate<\/li><\/ul><\/li><\/ul><div>\u00a0<\/div><h3>Prices and Offer Details:<\/h3><p>The offer is individually tailored to the group's needs and preferences.<br \/><strong>W celu ustalenia szczeg\u00f3\u0142\u00f3w prosimy o kontakt telefoniczny pod numerem: 662 804 516<\/strong><\/p><p><strong>Provide your company with an unforgettable training or integration trip in the heart of the mountains!<\/strong><\/p>\t\t\t\t\t\t\t\t<\/div>\n\t\t\t\t<\/div>\n\t\t\t\t\t<\/div>\n\t\t\t\t<\/div>\n\t\t\t\t<\/div>","protected":false},"excerpt":{"rendered":"<p>WYJAZDY INTEGRACYJNE Zapraszamy firmy do organizacji wyjazd\u00f3w szkoleniowych i integracyjnych w g\u00f3rskim klimacie!Idealne miejsce na po\u0142\u0105czenie pracy z relaksem i integracj\u0105 zespo\u0142u. W Cenie Pobytu Gwarantujemy: Komfortowe zakwaterowanie: Noclegi w pokojach 2- i 3-osobowych Ka\u017cdy pok\u00f3j posiada \u0142azienk\u0119 z prysznicem, telewizor oraz dost\u0119p do Wi-Fi Wyposa\u017cenie konferencyjne: Sala szkoleniowa z ekranem, rzutnikiem oraz Wi-Fi \u2013 [&hellip;]<\/p>","protected":false},"author":1,"featured_media":0,"parent":0,"menu_order":0,"comment_status":"closed","ping_status":"closed","template":"","meta":{"footnotes":""},"class_list":["post-697","page","type-page","status-publish","hentry"],"yoast_head":"<!-- This site is optimized with the Yoast SEO Premium plugin v24.0 (Yoast SEO v24.0) - https:\/\/yoast.com\/wordpress\/plugins\/seo\/ -->\n<title>WYJAZDY INTEGRACYJNE - ujozefa.pl<\/title>\n<meta name=\"robots\" content=\"index, follow, max-snippet:-1, max-image-preview:large, max-video-preview:-1\" \/>\n<link rel=\"canonical\" href=\"https:\/\/ujozefa.pl\/en\/wyjazdy-integracyjne\/\" \/>\n<meta property=\"og:locale\" content=\"en_US\" \/>\n<meta property=\"og:type\" content=\"article\" \/>\n<meta property=\"og:title\" content=\"WYJAZDY INTEGRACYJNE\" \/>\n<meta property=\"og:description\" content=\"WYJAZDY INTEGRACYJNE Zapraszamy firmy do organizacji wyjazd\u00f3w szkoleniowych i integracyjnych w g\u00f3rskim klimacie!Idealne miejsce na po\u0142\u0105czenie pracy z relaksem i integracj\u0105 zespo\u0142u. W Cenie Pobytu Gwarantujemy: Komfortowe zakwaterowanie: Noclegi w pokojach 2- i 3-osobowych Ka\u017cdy pok\u00f3j posiada \u0142azienk\u0119 z prysznicem, telewizor oraz dost\u0119p do Wi-Fi Wyposa\u017cenie konferencyjne: Sala szkoleniowa z ekranem, rzutnikiem oraz Wi-Fi \u2013 [&hellip;]\" \/>\n<meta property=\"og:url\" content=\"https:\/\/ujozefa.pl\/en\/wyjazdy-integracyjne\/\" \/>\n<meta property=\"og:site_name\" content=\"ujozefa.pl\" \/>\n<meta property=\"article:modified_time\" content=\"2024-11-12T16:15:14+00:00\" \/>\n<meta property=\"og:image\" content=\"https:\/\/ujozefa.pl\/wp-content\/uploads\/2024\/11\/AdobeStock_194933333.jpeg\" \/>\n\t<meta property=\"og:image:width\" content=\"1560\" \/>\n\t<meta property=\"og:image:height\" content=\"1041\" \/>\n\t<meta property=\"og:image:type\" content=\"image\/jpeg\" \/>\n<meta name=\"twitter:card\" content=\"summary_large_image\" \/>\n<meta name=\"twitter:label1\" content=\"Est. reading time\" \/>\n\t<meta name=\"twitter:data1\" content=\"1 minute\" \/>\n<script type=\"application\/ld+json\" class=\"yoast-schema-graph\">{\"@context\":\"https:\/\/schema.org\",\"@graph\":[{\"@type\":\"WebPage\",\"@id\":\"https:\/\/ujozefa.pl\/wyjazdy-integracyjne\/\",\"url\":\"https:\/\/ujozefa.pl\/wyjazdy-integracyjne\/\",\"name\":\"WYJAZDY INTEGRACYJNE - ujozefa.pl\",\"isPartOf\":{\"@id\":\"https:\/\/ujozefa.pl\/#website\"},\"primaryImageOfPage\":{\"@id\":\"https:\/\/ujozefa.pl\/wyjazdy-integracyjne\/#primaryimage\"},\"image\":{\"@id\":\"https:\/\/ujozefa.pl\/wyjazdy-integracyjne\/#primaryimage\"},\"thumbnailUrl\":\"https:\/\/ujozefa.pl\/wp-content\/uploads\/2024\/11\/AdobeStock_194933333.jpeg\",\"datePublished\":\"2024-11-12T13:09:59+00:00\",\"dateModified\":\"2024-11-12T16:15:14+00:00\",\"breadcrumb\":{\"@id\":\"https:\/\/ujozefa.pl\/wyjazdy-integracyjne\/#breadcrumb\"},\"inLanguage\":\"en-US\",\"potentialAction\":[{\"@type\":\"ReadAction\",\"target\":[\"https:\/\/ujozefa.pl\/wyjazdy-integracyjne\/\"]}]},{\"@type\":\"ImageObject\",\"inLanguage\":\"en-US\",\"@id\":\"https:\/\/ujozefa.pl\/wyjazdy-integracyjne\/#primaryimage\",\"url\":\"https:\/\/ujozefa.pl\/wp-content\/uploads\/2024\/11\/AdobeStock_194933333.jpeg\",\"contentUrl\":\"https:\/\/ujozefa.pl\/wp-content\/uploads\/2024\/11\/AdobeStock_194933333.jpeg\"},{\"@type\":\"BreadcrumbList\",\"@id\":\"https:\/\/ujozefa.pl\/wyjazdy-integracyjne\/#breadcrumb\",\"itemListElement\":[{\"@type\":\"ListItem\",\"position\":1,\"name\":\"Home\",\"item\":\"https:\/\/ujozefa.pl\/\"},{\"@type\":\"ListItem\",\"position\":2,\"name\":\"WYJAZDY INTEGRACYJNE\"}]},{\"@type\":\"WebSite\",\"@id\":\"https:\/\/ujozefa.pl\/#website\",\"url\":\"https:\/\/ujozefa.pl\/\",\"name\":\"ujozefa.pl\",\"description\":\"\",\"potentialAction\":[{\"@type\":\"SearchAction\",\"target\":{\"@type\":\"EntryPoint\",\"urlTemplate\":\"https:\/\/ujozefa.pl\/?s={search_term_string}\"},\"query-input\":{\"@type\":\"PropertyValueSpecification\",\"valueRequired\":true,\"valueName\":\"search_term_string\"}}],\"inLanguage\":\"en-US\"}]}<\/script>\n<!-- \/ Yoast SEO Premium plugin. -->","yoast_head_json":{"title":"WYJAZDY INTEGRACYJNE - ujozefa.pl","robots":{"index":"index","follow":"follow","max-snippet":"max-snippet:-1","max-image-preview":"max-image-preview:large","max-video-preview":"max-video-preview:-1"},"canonical":"https:\/\/ujozefa.pl\/en\/wyjazdy-integracyjne\/","og_locale":"en_US","og_type":"article","og_title":"WYJAZDY INTEGRACYJNE","og_description":"WYJAZDY INTEGRACYJNE Zapraszamy firmy do organizacji wyjazd\u00f3w szkoleniowych i integracyjnych w g\u00f3rskim klimacie!Idealne miejsce na po\u0142\u0105czenie pracy z relaksem i integracj\u0105 zespo\u0142u. W Cenie Pobytu Gwarantujemy: Komfortowe zakwaterowanie: Noclegi w pokojach 2- i 3-osobowych Ka\u017cdy pok\u00f3j posiada \u0142azienk\u0119 z prysznicem, telewizor oraz dost\u0119p do Wi-Fi Wyposa\u017cenie konferencyjne: Sala szkoleniowa z ekranem, rzutnikiem oraz Wi-Fi \u2013 [&hellip;]","og_url":"https:\/\/ujozefa.pl\/en\/wyjazdy-integracyjne\/","og_site_name":"ujozefa.pl","article_modified_time":"2024-11-12T16:15:14+00:00","og_image":[{"width":1560,"height":1041,"url":"https:\/\/ujozefa.pl\/wp-content\/uploads\/2024\/11\/AdobeStock_194933333.jpeg","type":"image\/jpeg"}],"twitter_card":"summary_large_image","twitter_misc":{"Est. reading time":"1 minute"},"schema":{"@context":"https:\/\/schema.org","@graph":[{"@type":"WebPage","@id":"https:\/\/ujozefa.pl\/wyjazdy-integracyjne\/","url":"https:\/\/ujozefa.pl\/wyjazdy-integracyjne\/","name":"WYJAZDY INTEGRACYJNE - ujozefa.pl","isPartOf":{"@id":"https:\/\/ujozefa.pl\/#website"},"primaryImageOfPage":{"@id":"https:\/\/ujozefa.pl\/wyjazdy-integracyjne\/#primaryimage"},"image":{"@id":"https:\/\/ujozefa.pl\/wyjazdy-integracyjne\/#primaryimage"},"thumbnailUrl":"https:\/\/ujozefa.pl\/wp-content\/uploads\/2024\/11\/AdobeStock_194933333.jpeg","datePublished":"2024-11-12T13:09:59+00:00","dateModified":"2024-11-12T16:15:14+00:00","breadcrumb":{"@id":"https:\/\/ujozefa.pl\/wyjazdy-integracyjne\/#breadcrumb"},"inLanguage":"en-US","potentialAction":[{"@type":"ReadAction","target":["https:\/\/ujozefa.pl\/wyjazdy-integracyjne\/"]}]},{"@type":"ImageObject","inLanguage":"en-US","@id":"https:\/\/ujozefa.pl\/wyjazdy-integracyjne\/#primaryimage","url":"https:\/\/ujozefa.pl\/wp-content\/uploads\/2024\/11\/AdobeStock_194933333.jpeg","contentUrl":"https:\/\/ujozefa.pl\/wp-content\/uploads\/2024\/11\/AdobeStock_194933333.jpeg"},{"@type":"BreadcrumbList","@id":"https:\/\/ujozefa.pl\/wyjazdy-integracyjne\/#breadcrumb","itemListElement":[{"@type":"ListItem","position":1,"name":"Home","item":"https:\/\/ujozefa.pl\/"},{"@type":"ListItem","position":2,"name":"WYJAZDY INTEGRACYJNE"}]},{"@type":"WebSite","@id":"https:\/\/ujozefa.pl\/#website","url":"https:\/\/ujozefa.pl\/","name":"ujozefa.pl","description":"","potentialAction":[{"@type":"SearchAction","target":{"@type":"EntryPoint","urlTemplate":"https:\/\/ujozefa.pl\/?s={search_term_string}"},"query-input":{"@type":"PropertyValueSpecification","valueRequired":true,"valueName":"search_term_string"}}],"inLanguage":"en-US"}]}},"_links":{"self":[{"href":"https:\/\/ujozefa.pl\/en\/wp-json\/wp\/v2\/pages\/697","targetHints":{"allow":["GET"]}}],"collection":[{"href":"https:\/\/ujozefa.pl\/en\/wp-json\/wp\/v2\/pages"}],"about":[{"href":"https:\/\/ujozefa.pl\/en\/wp-json\/wp\/v2\/types\/page"}],"author":[{"embeddable":true,"href":"https:\/\/ujozefa.pl\/en\/wp-json\/wp\/v2\/users\/1"}],"replies":[{"embeddable":true,"href":"https:\/\/ujozefa.pl\/en\/wp-json\/wp\/v2\/comments?post=697"}],"version-history":[{"count":7,"href":"https:\/\/ujozefa.pl\/en\/wp-json\/wp\/v2\/pages\/697\/revisions"}],"predecessor-version":[{"id":810,"href":"https:\/\/ujozefa.pl\/en\/wp-json\/wp\/v2\/pages\/697\/revisions\/810"}],"wp:attachment":[{"href":"https:\/\/ujozefa.pl\/en\/wp-json\/wp\/v2\/media?parent=697"}],"curies":[{"name":"wp","href":"https:\/\/api.w.org\/{rel}","templated":true}]}}