{"id":676,"date":"2024-11-12T11:49:04","date_gmt":"2024-11-12T11:49:04","guid":{"rendered":"https:\/\/ujozefa.pl\/?page_id=676"},"modified":"2024-11-12T16:15:36","modified_gmt":"2024-11-12T16:15:36","slug":"zielone-szkoly-zakopane","status":"publish","type":"page","link":"https:\/\/ujozefa.pl\/en\/zielone-szkoly-zakopane\/","title":{"rendered":"ZIELONE SZKO\u0141Y ZAKOPANE"},"content":{"rendered":"<div data-elementor-type=\"wp-page\" data-elementor-id=\"676\" class=\"elementor elementor-676\" data-elementor-post-type=\"page\">\n\t\t\t\t<div class=\"elementor-element elementor-element-6fad045 e-flex e-con-boxed e-con e-parent\" data-id=\"6fad045\" data-element_type=\"container\">\n\t\t\t\t\t<div class=\"e-con-inner\">\n\t\t\t\t<div class=\"elementor-element elementor-element-e3e0646 elementor-widget-mobile__width-initial elementor-widget elementor-widget-heading\" data-id=\"e3e0646\" data-element_type=\"widget\" data-widget_type=\"heading.default\">\n\t\t\t\t<div class=\"elementor-widget-container\">\n\t\t\t\t\t<h2 class=\"elementor-heading-title elementor-size-default\">school  <span style=\"color: #000\">trips<\/span><\/h2>\t\t\t\t<\/div>\n\t\t\t\t<\/div>\n\t\t\t\t<div class=\"elementor-element elementor-element-3e49107 elementor-widget elementor-widget-image\" data-id=\"3e49107\" data-element_type=\"widget\" data-widget_type=\"image.default\">\n\t\t\t\t<div class=\"elementor-widget-container\">\n\t\t\t\t\t\t\t\t\t\t\t\t\t\t\t<img fetchpriority=\"high\" decoding=\"async\" width=\"640\" height=\"427\" src=\"https:\/\/ujozefa.pl\/wp-content\/uploads\/2024\/11\/zielona-szkola-zakopane.jpg\" class=\"attachment-full size-full wp-image-653\" alt=\"\" srcset=\"https:\/\/ujozefa.pl\/wp-content\/uploads\/2024\/11\/zielona-szkola-zakopane.jpg 640w, https:\/\/ujozefa.pl\/wp-content\/uploads\/2024\/11\/zielona-szkola-zakopane-300x200.jpg 300w\" sizes=\"(max-width: 640px) 100vw, 640px\" \/>\t\t\t\t\t\t\t\t\t\t\t\t\t\t\t<\/div>\n\t\t\t\t<\/div>\n\t\t\t\t<div class=\"elementor-element elementor-element-38a3d08 elementor-widget elementor-widget-text-editor\" data-id=\"38a3d08\" data-element_type=\"widget\" data-widget_type=\"text-editor.default\">\n\t\t\t\t<div class=\"elementor-widget-container\">\n\t\t\t\t\t\t\t\t\t<p><strong>We invite you to unforgettable school trips and green schools!<\/strong><br \/>We offer a year-round program in picturesque locations, adapted to groups of all ages. Come with us on an educational adventure full of attractions, nature and history.<\/p><h3>Price list for School Groups:<\/h3><ul><li><strong>Price<\/strong>: from PLN 70 to PLN 110 per person per night (depending on the selected program and length of stay)<\/li><li><strong>Included in the price<\/strong>: accommodation, breakfast and dinner with dessert<\/li><\/ul><div>\u00a0<\/div><h3>Special Conditions for Staff:<\/h3><ul><li><strong>Free stay<\/strong>: for guardians (1 guardian per 15 participants) and the bus driver<\/li><\/ul><div>\u00a0<\/div><h3>Additional Attractions:<\/h3><ul><li><strong>Disco<\/strong>: free for all participants<\/li><li><strong>Bonfire with sausages<\/strong>:<ul><li>Free for 5-day stays<\/li><li>For stays of 4 days and shorter: from PLN 12 to PLN 25 per person (price depends on the menu)<\/li><\/ul><\/li><\/ul><div>\u00a0<\/div><h3>Varied Trip Program<\/h3><p>We offer trips:<\/p><ul><li><strong>Nature, recreation and sightseeing<\/strong><\/li><li>Adapted to different age groups<\/li><li>In various time formats (1-5 days)<\/li><li>Leading through interesting tourist trails and including interesting natural, cultural and historical sites<\/li><\/ul><div>\u00a0<\/div><h3>Special Offer \u2013 Freebies for Groups<\/h3><ul><li><strong>Stay of educational staff<\/strong> \u2013 free of charge for group guardians when booking a minimum of 54 people (1 guardian for 15 participants)<\/li><li><strong>Bonfire with sausages<\/strong> \u2013 free of charge for stays of at least 4 days<\/li><\/ul><div>\u00a0<\/div><h3>How to Book?<\/h3><p>For more information and to make a reservation, send an SMS <strong>\"trip\"<\/strong> on number <strong>662 804 516<\/strong>. We will call you back to answer all your questions!<\/p>\t\t\t\t\t\t\t\t<\/div>\n\t\t\t\t<\/div>\n\t\t\t\t\t<\/div>\n\t\t\t\t<\/div>\n\t\t\t\t<\/div>","protected":false},"excerpt":{"rendered":"<p>ZIELONE Szko\u0142y Zapraszamy na niezapomniane wycieczki szkolne oraz zielone szko\u0142y!Oferujemy ca\u0142oroczny program w malowniczych lokalizacjach, dostosowany do grup w ka\u017cdym wieku. Wybierz si\u0119 z nami na edukacyjn\u0105 przygod\u0119 pe\u0142n\u0105 atrakcji, przyrody i historii. Cennik dla Grup Szkolnych: Cena: od 70 do 110 z\u0142 za osob\u0119 za dob\u0119 (w zale\u017cno\u015bci od wybranego programu i d\u0142ugo\u015bci pobytu) [&hellip;]<\/p>","protected":false},"author":1,"featured_media":0,"parent":0,"menu_order":0,"comment_status":"closed","ping_status":"closed","template":"","meta":{"footnotes":""},"class_list":["post-676","page","type-page","status-publish","hentry"],"yoast_head":"<!-- This site is optimized with the Yoast SEO Premium plugin v24.0 (Yoast SEO v24.0) - https:\/\/yoast.com\/wordpress\/plugins\/seo\/ -->\n<title>ZIELONE SZKO\u0141Y ZAKOPANE - ujozefa.pl<\/title>\n<meta name=\"robots\" content=\"index, follow, max-snippet:-1, max-image-preview:large, max-video-preview:-1\" \/>\n<link rel=\"canonical\" href=\"https:\/\/ujozefa.pl\/en\/zielone-szkoly-zakopane\/\" \/>\n<meta property=\"og:locale\" content=\"en_US\" \/>\n<meta property=\"og:type\" content=\"article\" \/>\n<meta property=\"og:title\" content=\"ZIELONE SZKO\u0141Y ZAKOPANE\" \/>\n<meta property=\"og:description\" content=\"ZIELONE Szko\u0142y Zapraszamy na niezapomniane wycieczki szkolne oraz zielone szko\u0142y!Oferujemy ca\u0142oroczny program w malowniczych lokalizacjach, dostosowany do grup w ka\u017cdym wieku. Wybierz si\u0119 z nami na edukacyjn\u0105 przygod\u0119 pe\u0142n\u0105 atrakcji, przyrody i historii. Cennik dla Grup Szkolnych: Cena: od 70 do 110 z\u0142 za osob\u0119 za dob\u0119 (w zale\u017cno\u015bci od wybranego programu i d\u0142ugo\u015bci pobytu) [&hellip;]\" \/>\n<meta property=\"og:url\" content=\"https:\/\/ujozefa.pl\/en\/zielone-szkoly-zakopane\/\" \/>\n<meta property=\"og:site_name\" content=\"ujozefa.pl\" \/>\n<meta property=\"article:modified_time\" content=\"2024-11-12T16:15:36+00:00\" \/>\n<meta property=\"og:image\" content=\"https:\/\/ujozefa.pl\/wp-content\/uploads\/2024\/11\/zielona-szkola-zakopane.jpg\" \/>\n\t<meta property=\"og:image:width\" content=\"640\" \/>\n\t<meta property=\"og:image:height\" content=\"427\" \/>\n\t<meta property=\"og:image:type\" content=\"image\/jpeg\" \/>\n<meta name=\"twitter:card\" content=\"summary_large_image\" \/>\n<meta name=\"twitter:label1\" content=\"Est. reading time\" \/>\n\t<meta name=\"twitter:data1\" content=\"1 minute\" \/>\n<script type=\"application\/ld+json\" class=\"yoast-schema-graph\">{\"@context\":\"https:\/\/schema.org\",\"@graph\":[{\"@type\":\"WebPage\",\"@id\":\"https:\/\/ujozefa.pl\/zielone-szkoly-zakopane\/\",\"url\":\"https:\/\/ujozefa.pl\/zielone-szkoly-zakopane\/\",\"name\":\"ZIELONE SZKO\u0141Y ZAKOPANE - ujozefa.pl\",\"isPartOf\":{\"@id\":\"https:\/\/ujozefa.pl\/#website\"},\"primaryImageOfPage\":{\"@id\":\"https:\/\/ujozefa.pl\/zielone-szkoly-zakopane\/#primaryimage\"},\"image\":{\"@id\":\"https:\/\/ujozefa.pl\/zielone-szkoly-zakopane\/#primaryimage\"},\"thumbnailUrl\":\"https:\/\/ujozefa.pl\/wp-content\/uploads\/2024\/11\/zielona-szkola-zakopane.jpg\",\"datePublished\":\"2024-11-12T11:49:04+00:00\",\"dateModified\":\"2024-11-12T16:15:36+00:00\",\"breadcrumb\":{\"@id\":\"https:\/\/ujozefa.pl\/zielone-szkoly-zakopane\/#breadcrumb\"},\"inLanguage\":\"en-US\",\"potentialAction\":[{\"@type\":\"ReadAction\",\"target\":[\"https:\/\/ujozefa.pl\/zielone-szkoly-zakopane\/\"]}]},{\"@type\":\"ImageObject\",\"inLanguage\":\"en-US\",\"@id\":\"https:\/\/ujozefa.pl\/zielone-szkoly-zakopane\/#primaryimage\",\"url\":\"https:\/\/ujozefa.pl\/wp-content\/uploads\/2024\/11\/zielona-szkola-zakopane.jpg\",\"contentUrl\":\"https:\/\/ujozefa.pl\/wp-content\/uploads\/2024\/11\/zielona-szkola-zakopane.jpg\"},{\"@type\":\"BreadcrumbList\",\"@id\":\"https:\/\/ujozefa.pl\/zielone-szkoly-zakopane\/#breadcrumb\",\"itemListElement\":[{\"@type\":\"ListItem\",\"position\":1,\"name\":\"Home\",\"item\":\"https:\/\/ujozefa.pl\/\"},{\"@type\":\"ListItem\",\"position\":2,\"name\":\"ZIELONE SZKO\u0141Y ZAKOPANE\"}]},{\"@type\":\"WebSite\",\"@id\":\"https:\/\/ujozefa.pl\/#website\",\"url\":\"https:\/\/ujozefa.pl\/\",\"name\":\"ujozefa.pl\",\"description\":\"\",\"potentialAction\":[{\"@type\":\"SearchAction\",\"target\":{\"@type\":\"EntryPoint\",\"urlTemplate\":\"https:\/\/ujozefa.pl\/?s={search_term_string}\"},\"query-input\":{\"@type\":\"PropertyValueSpecification\",\"valueRequired\":true,\"valueName\":\"search_term_string\"}}],\"inLanguage\":\"en-US\"}]}<\/script>\n<!-- \/ Yoast SEO Premium plugin. -->","yoast_head_json":{"title":"ZIELONE SZKO\u0141Y ZAKOPANE - ujozefa.pl","robots":{"index":"index","follow":"follow","max-snippet":"max-snippet:-1","max-image-preview":"max-image-preview:large","max-video-preview":"max-video-preview:-1"},"canonical":"https:\/\/ujozefa.pl\/en\/zielone-szkoly-zakopane\/","og_locale":"en_US","og_type":"article","og_title":"ZIELONE SZKO\u0141Y ZAKOPANE","og_description":"ZIELONE Szko\u0142y Zapraszamy na niezapomniane wycieczki szkolne oraz zielone szko\u0142y!Oferujemy ca\u0142oroczny program w malowniczych lokalizacjach, dostosowany do grup w ka\u017cdym wieku. Wybierz si\u0119 z nami na edukacyjn\u0105 przygod\u0119 pe\u0142n\u0105 atrakcji, przyrody i historii. Cennik dla Grup Szkolnych: Cena: od 70 do 110 z\u0142 za osob\u0119 za dob\u0119 (w zale\u017cno\u015bci od wybranego programu i d\u0142ugo\u015bci pobytu) [&hellip;]","og_url":"https:\/\/ujozefa.pl\/en\/zielone-szkoly-zakopane\/","og_site_name":"ujozefa.pl","article_modified_time":"2024-11-12T16:15:36+00:00","og_image":[{"width":640,"height":427,"url":"https:\/\/ujozefa.pl\/wp-content\/uploads\/2024\/11\/zielona-szkola-zakopane.jpg","type":"image\/jpeg"}],"twitter_card":"summary_large_image","twitter_misc":{"Est. reading time":"1 minute"},"schema":{"@context":"https:\/\/schema.org","@graph":[{"@type":"WebPage","@id":"https:\/\/ujozefa.pl\/zielone-szkoly-zakopane\/","url":"https:\/\/ujozefa.pl\/zielone-szkoly-zakopane\/","name":"ZIELONE SZKO\u0141Y ZAKOPANE - ujozefa.pl","isPartOf":{"@id":"https:\/\/ujozefa.pl\/#website"},"primaryImageOfPage":{"@id":"https:\/\/ujozefa.pl\/zielone-szkoly-zakopane\/#primaryimage"},"image":{"@id":"https:\/\/ujozefa.pl\/zielone-szkoly-zakopane\/#primaryimage"},"thumbnailUrl":"https:\/\/ujozefa.pl\/wp-content\/uploads\/2024\/11\/zielona-szkola-zakopane.jpg","datePublished":"2024-11-12T11:49:04+00:00","dateModified":"2024-11-12T16:15:36+00:00","breadcrumb":{"@id":"https:\/\/ujozefa.pl\/zielone-szkoly-zakopane\/#breadcrumb"},"inLanguage":"en-US","potentialAction":[{"@type":"ReadAction","target":["https:\/\/ujozefa.pl\/zielone-szkoly-zakopane\/"]}]},{"@type":"ImageObject","inLanguage":"en-US","@id":"https:\/\/ujozefa.pl\/zielone-szkoly-zakopane\/#primaryimage","url":"https:\/\/ujozefa.pl\/wp-content\/uploads\/2024\/11\/zielona-szkola-zakopane.jpg","contentUrl":"https:\/\/ujozefa.pl\/wp-content\/uploads\/2024\/11\/zielona-szkola-zakopane.jpg"},{"@type":"BreadcrumbList","@id":"https:\/\/ujozefa.pl\/zielone-szkoly-zakopane\/#breadcrumb","itemListElement":[{"@type":"ListItem","position":1,"name":"Home","item":"https:\/\/ujozefa.pl\/"},{"@type":"ListItem","position":2,"name":"ZIELONE SZKO\u0141Y ZAKOPANE"}]},{"@type":"WebSite","@id":"https:\/\/ujozefa.pl\/#website","url":"https:\/\/ujozefa.pl\/","name":"ujozefa.pl","description":"","potentialAction":[{"@type":"SearchAction","target":{"@type":"EntryPoint","urlTemplate":"https:\/\/ujozefa.pl\/?s={search_term_string}"},"query-input":{"@type":"PropertyValueSpecification","valueRequired":true,"valueName":"search_term_string"}}],"inLanguage":"en-US"}]}},"_links":{"self":[{"href":"https:\/\/ujozefa.pl\/en\/wp-json\/wp\/v2\/pages\/676","targetHints":{"allow":["GET"]}}],"collection":[{"href":"https:\/\/ujozefa.pl\/en\/wp-json\/wp\/v2\/pages"}],"about":[{"href":"https:\/\/ujozefa.pl\/en\/wp-json\/wp\/v2\/types\/page"}],"author":[{"embeddable":true,"href":"https:\/\/ujozefa.pl\/en\/wp-json\/wp\/v2\/users\/1"}],"replies":[{"embeddable":true,"href":"https:\/\/ujozefa.pl\/en\/wp-json\/wp\/v2\/comments?post=676"}],"version-history":[{"count":10,"href":"https:\/\/ujozefa.pl\/en\/wp-json\/wp\/v2\/pages\/676\/revisions"}],"predecessor-version":[{"id":816,"href":"https:\/\/ujozefa.pl\/en\/wp-json\/wp\/v2\/pages\/676\/revisions\/816"}],"wp:attachment":[{"href":"https:\/\/ujozefa.pl\/en\/wp-json\/wp\/v2\/media?parent=676"}],"curies":[{"name":"wp","href":"https:\/\/api.w.org\/{rel}","templated":true}]}}